

{"id":7009,"date":"2021-04-02T12:00:50","date_gmt":"2021-04-02T10:00:50","guid":{"rendered":"https:\/\/www.gabrielle-laroche.com\/?post_type=product&#038;p=7009"},"modified":"2021-11-15T15:17:43","modified_gmt":"2021-11-15T14:17:43","slug":"deux-chaises-a-bras-depoque-henri-iv","status":"publish","type":"product","link":"https:\/\/www.gabrielle-laroche.com\/fr\/product\/deux-chaises-a-bras-depoque-henri-iv\/","title":{"rendered":"DEUX CHAISES \u00c0 BRAS D\u2019\u00c9POQUE HENRI IV"},"content":{"rendered":"<div class=\"wpb-content-wrapper\"><p>[vc_row][vc_column width=\u00a0\u00bb1\/2&Prime;][vc_column_text]<\/p>\n<p class=\"p1\" style=\"text-align: justify;\">Ces chaises \u00e0 bras r\u00e9alis\u00e9es dans un beau noyer correspondent parfaitement au mod\u00e8le dit Henri IV.<span class=\"Apple-converted-space\">\u00a0<\/span><\/p>\n<p class=\"p3\" style=\"text-align: justify;\">Son assise peu \u00e9lev\u00e9e repose sur un pi\u00e9tement compos\u00e9 de quatre pieds reli\u00e9s par une entretoise en H accompagn\u00e9e d\u2019une traverse en fa\u00e7ade. Ses lignes sont anim\u00e9es gr\u00e2ce \u00e0 un remarquable travail de tournage du bois. En effet, pi\u00e9tement, entretoise qui \u00e9taient \u00e0 f\u00fbt lisse sous les r\u00e8gnes pr\u00e9c\u00e9dents, commencent \u00e0 \u00eatre tourn\u00e9s. Le dossier est bas, caract\u00e9ristique de cette \u00e9poque.<\/p>\n<p>[\/vc_column_text][\/vc_column][vc_column width=\u00a0\u00bb1\/2&Prime;][\/vc_column][\/vc_row]<\/p>\n<\/div>","protected":false},"excerpt":{"rendered":"<h4 style=\"text-align: left;\">DEUX CHAISES \u00c0 BRAS D\u2019\u00c9POQUE HENRI IV<\/h4>\n<p>&nbsp;<\/p>\n<p style=\"text-align: left;\"><span class=\"s1\">ORIGINE : FRANCE<\/span><\/p>\n<p style=\"text-align: left;\"><span class=\"s1\">\u00c9POQUE : FIN DU XVIIe SI\u00c8CLE<\/span><\/p>\n<p>&nbsp;<\/p>\n<p class=\"p1\">Hauteur : 86.5 cm<\/p>\n<p class=\"p1\">Hauteur d\u2019assise : 49 cm<\/p>\n<p class=\"p1\">Profondeur : 46.5 cm<\/p>\n<p class=\"p3\">Largeur : 57.5 cm<\/p>\n<p>&nbsp;<\/p>\n<p class=\"p1\">Bois de noyer clair<\/p>\n<p class=\"p1\">Garniture en tissus de couleur vieux or<\/p>\n<p>&nbsp;<\/p>\n[dt_button size=\"small\" style=\"default\" animation=\"none\" color_mode=\"default\" icon=\"\" icon_align=\"left\" color=\"\" link=\"mailto:gabrielle-laroche@wanadoo.fr?subject=60_DEUX CHAISES \u00c0 BRAS D\u2019\u00c9POQUE HENRI IV\" target_blank=\"true\"]DEMANDE D&rsquo;INFORMATIONS[\/dt_button]\n<p>&nbsp;<\/p>\n<p><a href=\"\/fr\/antiquites\/mobilier\/sieges\/\">Retour aux si\u00e8ges<\/a><\/p>\n","protected":false},"featured_media":7011,"template":"","meta":[],"product_brand":[],"product_cat":[19],"product_tag":[],"class_list":{"0":"post-7009","1":"product","2":"type-product","3":"status-publish","4":"has-post-thumbnail","6":"product_cat-sieges","7":"description-off","9":"first","10":"instock","11":"shipping-taxable","12":"product-type-simple"},"aioseo_notices":[],"_links":{"self":[{"href":"https:\/\/www.gabrielle-laroche.com\/fr\/wp-json\/wp\/v2\/product\/7009","targetHints":{"allow":["GET"]}}],"collection":[{"href":"https:\/\/www.gabrielle-laroche.com\/fr\/wp-json\/wp\/v2\/product"}],"about":[{"href":"https:\/\/www.gabrielle-laroche.com\/fr\/wp-json\/wp\/v2\/types\/product"}],"wp:featuredmedia":[{"embeddable":true,"href":"https:\/\/www.gabrielle-laroche.com\/fr\/wp-json\/wp\/v2\/media\/7011"}],"wp:attachment":[{"href":"https:\/\/www.gabrielle-laroche.com\/fr\/wp-json\/wp\/v2\/media?parent=7009"}],"wp:term":[{"taxonomy":"product_brand","embeddable":true,"href":"https:\/\/www.gabrielle-laroche.com\/fr\/wp-json\/wp\/v2\/product_brand?post=7009"},{"taxonomy":"product_cat","embeddable":true,"href":"https:\/\/www.gabrielle-laroche.com\/fr\/wp-json\/wp\/v2\/product_cat?post=7009"},{"taxonomy":"product_tag","embeddable":true,"href":"https:\/\/www.gabrielle-laroche.com\/fr\/wp-json\/wp\/v2\/product_tag?post=7009"}],"curies":[{"name":"wp","href":"https:\/\/api.w.org\/{rel}","templated":true}]}}