

{"id":7051,"date":"2021-11-16T17:37:34","date_gmt":"2021-11-16T16:37:34","guid":{"rendered":"https:\/\/www.gabrielle-laroche.com\/?post_type=product&#038;p=7051"},"modified":"2021-11-23T16:05:21","modified_gmt":"2021-11-23T15:05:21","slug":"exceptionnel-bois-sculpte-polychrome-representant-la-nativite","status":"publish","type":"product","link":"https:\/\/www.gabrielle-laroche.com\/fr\/product\/exceptionnel-bois-sculpte-polychrome-representant-la-nativite\/","title":{"rendered":"EXCEPTIONNEL BOIS SCULPT\u00c9 POLYCHROM\u00c9 REPR\u00c9SENTANT LA NATIVIT\u00c9"},"content":{"rendered":"<div class=\"wpb-content-wrapper\"><p>[vc_row][vc_column width=\u00a0\u00bb1\/2&Prime;][vc_column_text]<\/p>\n<p class=\"p1\" style=\"text-align: justify;\">La Naissance du Christ est bri\u00e8vement relat\u00e9e dans l\u2019\u00c9vangile de Luc (2, 7). Afin de combler les lacunes laiss\u00e9es par le trop court r\u00e9cit de Luc, les Apocryphes, les auteurs et les artistes ont brod\u00e9 \u00e0 cette histoire une multitude de d\u00e9tails pittoresques.<\/p>\n<p class=\"p1\" style=\"text-align: justify;\">A partir du XIVe si\u00e8cle et plus encore au XVe si\u00e8cle, le th\u00e8me de l\u2019Adoration de l\u2019Enfant se substitue dans l\u2019art d\u2019Occident au th\u00e8me byzantin de l\u2019Accouchement. Au lieu d\u2019\u00eatre couch\u00e9e au-dessous du nouveau-n\u00e9 emmaillot\u00e9 reposant dans la cr\u00e8che, la Vierge se tient d\u00e9sormais agenouill\u00e9e, les mains jointes devant l\u2019Enfant nu. Ce changement f\u00fbt probablement acc\u00e9l\u00e9r\u00e9 par la popularit\u00e9 des R\u00e9v\u00e9lations de sainte Brigitte de Su\u00e8de \u00e0 qui la Vierge serait apparue pour reconstituer sous ses yeux la fa\u00e7on dont elle avait enfant\u00e9 J\u00e9sus (Revelationes, VII, chap. 21).<span class=\"Apple-converted-space\">\u00a0<\/span><\/p>\n<p class=\"p1\" style=\"text-align: justify;\">Sous un \u00e9difice de bois au toit de chaume, la Vierge adore \u00e0 genoux l\u2019Enfant J\u00e9sus. Elle porte une somptueuse robe rouge sous un \u00e9pais manteau dor\u00e9. Ses cheveux blonds ondul\u00e9s sont \u00e0 demi-couverts. Le nouveau-n\u00e9 est couch\u00e9 sur un lit de paille. Joseph \u00e0 la barbe bifide, fait pendant \u00e0 la Vierge. Il est v\u00eatu d\u2019une tunique et d\u2019un manteau et porte une bourse \u00e0 la taille. Sa tenue nous rappelle le long voyage qui les mena lui et Marie jusqu\u2019\u00e0 Bethl\u00e9em.<span class=\"Apple-converted-space\">\u00a0<\/span><\/p>\n<p class=\"p1\" style=\"text-align: justify;\">Deux femmes accompagnent la sc\u00e8ne. L\u2019une passe la t\u00eate par la fen\u00eatre de l\u2019\u00e9table pour observer la Sainte Famille tandis que l\u2019autre est agenouill\u00e9e, en pri\u00e8re devant l\u2019Enfant divin. Le riche v\u00eatement de cette femme pourrait nous indiquer qu\u2019il s\u2019agit d\u2019une donatrice. <b>Toutefois, il pourrait \u00e9galement s\u2019agir de la repr\u00e9sentation des deux femmes qui assist\u00e8rent \u00e0 la naissance du Christ, Zelemi et Salom\u00e9. Salom\u00e9, l\u2019incr\u00e9dule, qui ne voulait pas croire \u00e0 la conception virginale du Christ est \u00e0 l\u2019\u00e9cart de la Nativit\u00e9. L\u2019artiste a repr\u00e9sent\u00e9 ce doute par une expression qui traduit l\u2019inqui\u00e9tude sur son visage. Zelemi, la croyante, au contraire est r\u00e9compens\u00e9e par une place d\u2019honneur, au c\u0153ur m\u00eame de la sc\u00e8ne, pr\u00e8s de Marie.<span class=\"Apple-converted-space\">\u00a0<\/span><\/b><\/p>\n<p class=\"p1\" style=\"text-align: justify;\">A gauche, l\u2019\u00e2ne et le b\u0153uf qui ont accompagn\u00e9 Marie et Joseph jusqu\u2019\u00e0 Bethl\u00e9em observent tranquillement la sc\u00e8ne.<span class=\"Apple-converted-space\">\u00a0<\/span><\/p>\n<p class=\"p1\" style=\"text-align: justify;\">Au premier plan, deux anges tiennent un phylact\u00e8re sur lequel on peut encore deviner un extrait du Gloria : \u00ab <i>Gloria in<\/i> <i>excelsis<\/i> <i>Deo<\/i> \u00bb. <b>L\u2019un des anges est v\u00eatu d\u2019une cape bleue et l\u2019autre d\u2019une cape rouge. Ces deux couleurs sont tr\u00e8s significatives puisque si le bleu symbolise au Moyen Age, l\u2019espoir, le rouge est un symbole de charit\u00e9, illustrant ainsi l\u2019esp\u00e9rance du salut de l\u2019humanit\u00e9 avec la venue de J\u00e9sus et son sacrifice.<\/b><\/p>\n<p class=\"p1\" style=\"text-align: justify;\">Au-dessus de la sc\u00e8ne principale, un petit berger fait pa\u00eetre son troupeau de moutons au milieu des arbres. Perch\u00e9e sur un promontoire rocheux, deux villes sont ceintes d\u2019imposants remparts.<span class=\"Apple-converted-space\">\u00a0<\/span><\/p>\n<p class=\"p1\" style=\"text-align: justify;\">Ce relief est l\u2019\u0153uvre d\u2019un artiste tr\u00e8s habile et imaginatif. Il f\u00eet preuve d\u2019un talent exceptionnel.<span class=\"Apple-converted-space\">\u00a0 <\/span>Il soigne le r\u00e9alisme de l\u2019\u0153uvre gr\u00e2ce \u00e0 la multiplication des d\u00e9tails. La finesse de la sculpture est accentu\u00e9e par la polychromie tr\u00e8s bien conserv\u00e9e.<\/p>\n<p class=\"p1\" style=\"text-align: justify;\">Ce moment cl\u00e9 du Nouveau Testament est transpos\u00e9 dans un contexte contemporain, gr\u00e2ce \u00e0 la tenue des personnages ainsi que la sc\u00e8ne de vie rurale. Ainsi, le caract\u00e8re universel de la sc\u00e8ne est intensifi\u00e9 tout en facilitant une meilleure compr\u00e9hension de ses contemporains.<span class=\"Apple-converted-space\">\u00a0<\/span><\/p>\n<p class=\"p1\" style=\"text-align: justify;\">Ce souci du d\u00e9tail, le r\u00e9alisme pittoresque de la sc\u00e8ne ainsi que l\u2019extraordinaire rendu des \u00e9toffes laissent supposer qu\u2019il f\u00fbt r\u00e9alis\u00e9 par un artiste flamand de la fin du XVe si\u00e8cle.<span class=\"Apple-converted-space\">\u00a0<\/span><\/p>\n<p class=\"p3\" style=\"text-align: justify;\">Ce relief peut \u00eatre rapproch\u00e9 du panneau de <i>la Nativit\u00e9<\/i> du retable de Saint-Vaast, r\u00e9alis\u00e9 par Jacques Daret, entre 1433 et 1435, aujourd\u2019hui conserv\u00e9 au Mus\u00e9e Thyssen-Bornemisza de Madrid.<\/p>\n<p>[\/vc_column_text][\/vc_column][vc_column width=\u00a0\u00bb1\/2&Prime;][\/vc_column][\/vc_row][vc_row][vc_column width=\u00a0\u00bb1\/2&Prime;][vc_empty_space][vc_single_image image=\u00a0\u00bb7053&Prime; img_size=\u00a0\u00bbmedium\u00a0\u00bb alignment=\u00a0\u00bbcenter\u00a0\u00bb onclick=\u00a0\u00bbzoom\u00a0\u00bb][vc_empty_space][\/vc_column][vc_column width=\u00a0\u00bb1\/2&Prime;][\/vc_column][\/vc_row][vc_row][vc_column width=\u00a0\u00bb1\/2&Prime;][vc_column_text]<\/p>\n<p class=\"p1\" style=\"text-align: justify;\">Bibliographie :<\/p>\n<p class=\"p3\" style=\"text-align: justify;\">Louis R\u00e9au, <i>Iconographie de l\u2019Art chr\u00e9tien<\/i>, II\/2, Presses Universitaires de France, Kraus Reprint, Millwood, 1988<\/p>\n<p>[\/vc_column_text][\/vc_column][vc_column width=\u00a0\u00bb1\/2&Prime;][\/vc_column][\/vc_row]<\/p>\n<\/div>","protected":false},"excerpt":{"rendered":"<h4 class=\"p1\">EXCEPTIONNEL BOIS SCULPT\u00c9 POLYCHROM\u00c9 REPR\u00c9SENTANT LA NATIVIT\u00c9<\/h4>\n<p>&nbsp;<\/p>\n<p class=\"p1\">ORIGINE : FLANDRES<\/p>\n<p class=\"p2\">\u00c9POQUE\u00a0: FIN DU XVe SI\u00c8CLE<\/p>\n<p>&nbsp;<\/p>\n<p class=\"p1\">Hauteur\u00a0:\u00a060 cm<\/p>\n<p class=\"p1\">Largeur : 45\u00a0cm<\/p>\n<p class=\"p1\">Profondeur : 8,5 cm<\/p>\n<p>&nbsp;<\/p>\n<p class=\"p1\">Bois de ch\u00eane polychrom\u00e9 et dor\u00e9<\/p>\n<p class=\"p3\">Restaurations d\u2019usage<\/p>\n<p>&nbsp;<\/p>\n<p>&nbsp;<\/p>\n[dt_button size=\"small\" style=\"default\" animation=\"none\" color_mode=\"default\" icon=\"\" icon_align=\"left\" color=\"\" link=\"mailto:gabrielle-laroche@wanadoo.fr?subject=118_EXCEPTIONNEL BOIS SCULPT\u00c9 POLYCHROM\u00c9 REPR\u00c9SENTANT LA NATIVIT\u00c9\" target_blank=\"true\"]DEMANDE D&rsquo;INFORMATIONS[\/dt_button]\n<p>&nbsp;<\/p>\n<p><a href=\"\/fr\/antiquites\/sculpture\/\">Retour aux sculptures<\/a><\/p>\n","protected":false},"featured_media":7055,"template":"","meta":[],"product_brand":[],"product_cat":[32],"product_tag":[],"class_list":{"0":"post-7051","1":"product","2":"type-product","3":"status-publish","4":"has-post-thumbnail","6":"product_cat-sculptures","7":"description-off","9":"first","10":"instock","11":"shipping-taxable","12":"product-type-simple"},"aioseo_notices":[],"_links":{"self":[{"href":"https:\/\/www.gabrielle-laroche.com\/fr\/wp-json\/wp\/v2\/product\/7051","targetHints":{"allow":["GET"]}}],"collection":[{"href":"https:\/\/www.gabrielle-laroche.com\/fr\/wp-json\/wp\/v2\/product"}],"about":[{"href":"https:\/\/www.gabrielle-laroche.com\/fr\/wp-json\/wp\/v2\/types\/product"}],"wp:featuredmedia":[{"embeddable":true,"href":"https:\/\/www.gabrielle-laroche.com\/fr\/wp-json\/wp\/v2\/media\/7055"}],"wp:attachment":[{"href":"https:\/\/www.gabrielle-laroche.com\/fr\/wp-json\/wp\/v2\/media?parent=7051"}],"wp:term":[{"taxonomy":"product_brand","embeddable":true,"href":"https:\/\/www.gabrielle-laroche.com\/fr\/wp-json\/wp\/v2\/product_brand?post=7051"},{"taxonomy":"product_cat","embeddable":true,"href":"https:\/\/www.gabrielle-laroche.com\/fr\/wp-json\/wp\/v2\/product_cat?post=7051"},{"taxonomy":"product_tag","embeddable":true,"href":"https:\/\/www.gabrielle-laroche.com\/fr\/wp-json\/wp\/v2\/product_tag?post=7051"}],"curies":[{"name":"wp","href":"https:\/\/api.w.org\/{rel}","templated":true}]}}