

{"id":7156,"date":"2021-04-02T11:15:39","date_gmt":"2021-04-02T09:15:39","guid":{"rendered":"https:\/\/www.gabrielle-laroche.com\/?post_type=product&#038;p=7156"},"modified":"2024-07-29T16:18:05","modified_gmt":"2024-07-29T14:18:05","slug":"rare-suite-de-quatre-chaises-mazarines","status":"publish","type":"product","link":"https:\/\/www.gabrielle-laroche.com\/fr\/product\/rare-suite-de-quatre-chaises-mazarines\/","title":{"rendered":"RARE SUITE DE QUATRE CHAISES MAZARINES"},"content":{"rendered":"<div class=\"wpb-content-wrapper\"><p>[vc_row][vc_column width=\u00a0\u00bb1\/2&Prime;][vc_column_text]<\/p>\n<p class=\"p1\" style=\"text-align: justify;\">Cette tr\u00e8s belle suite de quatre chaises dites Mazarines se rattache \u00e0 une nouvelle formule de si\u00e8ge apparue en France au XVIIe si\u00e8cle. Elle est appel\u00e9e \u00e0 se d\u00e9velopper dans ses derni\u00e8res d\u00e9cennies.<span class=\"Apple-converted-space\">\u00a0<\/span><\/p>\n<p class=\"p1\" style=\"text-align: justify;\">Les proportions particuli\u00e8res de ces chaises sont caract\u00e9ristiques de la Chauffeuse. Plac\u00e9e typiquement pr\u00e8s de la chemin\u00e9e, l\u2019assise basse mettait l\u2019occupant au niveau du foyer et le haut dossier cambr\u00e9 l\u2019abritait des courants d\u2019air. <span class=\"Apple-converted-space\">\u00a0<\/span><\/p>\n<p class=\"p1\" style=\"text-align: justify;\">Le d\u00e9cor v\u00e9g\u00e9tal fait triompher la courbure des lignes et cr\u00e9e une continuit\u00e9<span class=\"Apple-converted-space\">\u00a0 <\/span>entre les diff\u00e9rents \u00e9l\u00e9ments. Le pi\u00e8tement, les traverses et entretoises en H sont moulur\u00e9s et sculpt\u00e9s de branchages fleuris. Les montants avants feuillag\u00e9s se poursuivent en de larges pieds \u00e9vas\u00e9s, sculpt\u00e9s de feuilles r\u00e9pondant aux volutes ajour\u00e9es, vivantes et sinueuses.<\/p>\n<p class=\"p3\" style=\"text-align: justify;\">Une heureuse harmonie s\u2019\u00e9tablit entre le bois de noyer et le coloris de l\u2019\u00e9toffe en velours de soie rouge d\u2019origine, bord\u00e9 de galons dor\u00e9s.<\/p>\n<p>[\/vc_column_text][\/vc_column][vc_column width=\u00a0\u00bb1\/2&Prime;][\/vc_column][\/vc_row]<\/p>\n<\/div>","protected":false},"excerpt":{"rendered":"<h4>RARE SUITE DE QUATRE CHAISES MAZARINES<\/h4>\n<p>&nbsp;<\/p>\n<p class=\"p1\"><b>ORIGINE : FRANCE<span class=\"Apple-converted-space\">\u00a0<\/span><\/b><\/p>\n<p class=\"p3\"><b>EPOQUE : XVII\u00e8me SIECLE<\/b><\/p>\n<p>&nbsp;<\/p>\n<p class=\"p1\">Hauteur\u00a0: 112 cm<\/p>\n<p class=\"p1\">Largeur\u00a0:\u00a057 cm<\/p>\n<p class=\"p1\">Profondeur\u00a0:\u00a068 cm<b> <\/b><\/p>\n<p>&nbsp;<\/p>\n<p class=\"p3\">Bois de noyer<\/p>\n<p>&nbsp;<\/p>\n[dt_button size=\"small\" style=\"default\" animation=\"none\" color_mode=\"default\" icon=\"\" icon_align=\"left\" color=\"\" link=\"mailto:gabrielle-laroche@wanadoo.fr?subject=7_RARE SUITE DE QUATRE CHAISES MAZARINES\" target_blank=\"true\"]DEMANDE D&rsquo;INFORMATIONS[\/dt_button]\n<p>&nbsp;<\/p>\n<p><a href=\"\/fr\/antiquites\/mobilier\/sieges\/\">Retour aux si\u00e8ges<\/a><\/p>\n","protected":false},"featured_media":7160,"template":"","meta":[],"product_brand":[],"product_cat":[17],"product_tag":[],"class_list":{"0":"post-7156","1":"product","2":"type-product","3":"status-publish","4":"has-post-thumbnail","6":"product_cat-uncategorized","7":"description-off","9":"first","10":"instock","11":"shipping-taxable","12":"product-type-simple"},"aioseo_notices":[],"_links":{"self":[{"href":"https:\/\/www.gabrielle-laroche.com\/fr\/wp-json\/wp\/v2\/product\/7156","targetHints":{"allow":["GET"]}}],"collection":[{"href":"https:\/\/www.gabrielle-laroche.com\/fr\/wp-json\/wp\/v2\/product"}],"about":[{"href":"https:\/\/www.gabrielle-laroche.com\/fr\/wp-json\/wp\/v2\/types\/product"}],"wp:featuredmedia":[{"embeddable":true,"href":"https:\/\/www.gabrielle-laroche.com\/fr\/wp-json\/wp\/v2\/media\/7160"}],"wp:attachment":[{"href":"https:\/\/www.gabrielle-laroche.com\/fr\/wp-json\/wp\/v2\/media?parent=7156"}],"wp:term":[{"taxonomy":"product_brand","embeddable":true,"href":"https:\/\/www.gabrielle-laroche.com\/fr\/wp-json\/wp\/v2\/product_brand?post=7156"},{"taxonomy":"product_cat","embeddable":true,"href":"https:\/\/www.gabrielle-laroche.com\/fr\/wp-json\/wp\/v2\/product_cat?post=7156"},{"taxonomy":"product_tag","embeddable":true,"href":"https:\/\/www.gabrielle-laroche.com\/fr\/wp-json\/wp\/v2\/product_tag?post=7156"}],"curies":[{"name":"wp","href":"https:\/\/api.w.org\/{rel}","templated":true}]}}