

{"id":7203,"date":"2021-03-31T11:20:51","date_gmt":"2021-03-31T09:20:51","guid":{"rendered":"https:\/\/www.gabrielle-laroche.com\/?post_type=product&#038;p=7203"},"modified":"2024-12-06T18:06:17","modified_gmt":"2024-12-06T17:06:17","slug":"sculpture-en-bois-polychrome-representant-saint-antoine-ermite","status":"publish","type":"product","link":"https:\/\/www.gabrielle-laroche.com\/fr\/product\/sculpture-en-bois-polychrome-representant-saint-antoine-ermite\/","title":{"rendered":"SCULPTURE EN BOIS POLYCHROME REPRESENTANT SAINT ANTOINE ERMITE"},"content":{"rendered":"<div class=\"wpb-content-wrapper\"><p>[vc_row][vc_column width=\u00a0\u00bb1\/2&Prime;][vc_column_text]<\/p>\n<p class=\"p1\" style=\"text-align: justify;\">Le saint est repr\u00e9sent\u00e9 en vieillard barbu, v\u00eatu du manteau de bure \u00e0 capuche recouvrant la tunique des moines de son ordre, debout tenant un livre ouvert, <i>La R\u00e8gle des Antonnites,<\/i> dans la main droite, un b\u00e2ton en forme de tau avec un chapelet suspendu dans l&rsquo;autre. Un porc en proie aux flammes est \u00e0 ses pieds, une clochette au cou.<\/p>\n<p class=\"p1\" style=\"text-align: justify;\">Il repose sur la jambe droite tandis que la gauche avance vers l&rsquo;avant comme pour monter une marche. Sa tunique ceintur\u00e9e, formant quelques plis rectilignes, est recouverte du manteau ouvert au niveau de la taille mais revenant en tablier devant avec des plis cass\u00e9s en U et porte le scapulaire \u00e0 capuche sur les \u00e9paules.<\/p>\n<p class=\"p1\" style=\"text-align: justify;\">La coiffure, un bonnet caract\u00e9ristique laisse \u00e9chapper la chevelure qui forme un bandeau de petites boucles profond\u00e9ment sculpt\u00e9es. Ce traitement nerveux est aussi celui de la superbe barbe form\u00e9e de quatre longues boucles au-dessus desquelles celles plus courtes de la moustache viennent se superposer.<span class=\"Apple-converted-space\">\u00a0<\/span><\/p>\n<p class=\"p1\" style=\"text-align: justify;\">Il se d\u00e9gage une grande harmonie de ce visage aux yeux baiss\u00e9s et \u00e0 la petite bouche disparaissant au milieu de la pilosit\u00e9.<\/p>\n<p class=\"p1\" style=\"text-align: justify;\">A ses pieds sur un socle couvert de flammes, allusion sans doute au feu de saint Antoine, un porc essaye de gratter son oreille. Sa clochette signale la domesticit\u00e9. Le porc n\u2019apparait dans l\u2019iconographie du saint qu\u2019\u00e0 partir du XIIIe si\u00e8cle, avant de devenir son attribut au si\u00e8cle suivant.<span class=\"Apple-converted-space\">\u00a0<\/span><\/p>\n<p class=\"p1\" style=\"text-align: justify;\">N\u00e9 en 251, en Haute-Egypte, il se retira tout jeune dans la solitude. Il aurait \u00e9t\u00e9 assailli dans le d\u00e9sert par des tentations vraiment diaboliques.<\/p>\n<p class=\"p1\" style=\"text-align: justify;\">Vers la fin de sa vie, il rendit visite \u00e0 saint Paul ermite, doyen des anachor\u00e8tes de la Th\u00e9ba\u00efde, nourri miraculeusement par un corbeau qui apporta ce jour l\u00e0 dans son bec, une double ration de pain.<span class=\"Apple-converted-space\">\u00a0<\/span><\/p>\n<p class=\"p1\" style=\"text-align: justify;\">Quelques temps apr\u00e8s, ayant appris la mort de son v\u00e9n\u00e9rable confr\u00e8re, il vint l&rsquo;ensevelir avec l&rsquo;aide de deux lions.<\/p>\n<p class=\"p1\" style=\"text-align: justify;\">Le roi de Catalogne le supplia de venir exorciser sa femme et ses enfants poss\u00e9d\u00e9s par des d\u00e9mons. Il quitta la Th\u00e9ba\u00efde et d\u00e9barqua \u00e0 Barcelone. Il se pr\u00e9senta \u00e0 la maison du pr\u00e9v\u00f4t Andr\u00e9, une truie lui apporta dans sa gueule, un porcelet monstrueux, n\u00e9 sans yeux.<span class=\"Apple-converted-space\">\u00a0 <\/span>Andr\u00e9 voulut la chasser mais Antoine l&rsquo;en emp\u00eacha, lui disant que la pauvre b\u00eate voulait implorer comme le roi la gu\u00e9rison de sa prog\u00e9niture. <span class=\"Apple-converted-space\">\u00a0 \u00a0 \u00a0 \u00a0 \u00a0 \u00a0 \u00a0<\/span><\/p>\n<p class=\"p1\" style=\"text-align: justify;\">Il fit un signe de croix sur le porcelet qui acquit soudain la vue et les membres qui lui manquaient \u00e0 la naissance. Apres quoi, Andr\u00e9, guid\u00e9 par St Antoine,<span class=\"Apple-converted-space\">\u00a0 <\/span>exorcisa de la m\u00eame fa\u00e7on la reine de Catalogne agenouill\u00e9e \u00e0 ses pieds.<\/p>\n<p class=\"p1\" style=\"text-align: justify;\">Th\u00e9ophile d\u00e9couvrit son corps<span class=\"Apple-converted-space\">\u00a0 <\/span>envelopp\u00e9 dans la tunique en fibre de palmier que lui avait donn\u00e9 saint Paul ermite.<\/p>\n<p class=\"p1\" style=\"text-align: justify;\">Dans le d\u00e9sert de la Mer Rouge voisinent deux monast\u00e8res coptes du IV\u00e8me si\u00e8cle d\u00e9di\u00e9s l&rsquo;un \u00e0 saint Antoine, l&rsquo;autre \u00e0 saint Paul ermite. Ce sont les plus anciens du monde chr\u00e9tien.<\/p>\n<p class=\"p1\" style=\"text-align: justify;\">Le corps du c\u00e9l\u00e8bre ermite<span class=\"Apple-converted-space\">\u00a0 <\/span>transport\u00e9 d&rsquo;abord \u00e0 Constantinople aurait \u00e9t\u00e9 transf\u00e9r\u00e9 en 1050 dans une abbaye du Dauphin\u00e9, qui prit le nom de <i>Saint Antoine-en-Viennois.<span class=\"Apple-converted-space\">\u00a0<\/span><\/i><\/p>\n<p class=\"p1\" style=\"text-align: justify;\">L&rsquo;Ordre des Antonins ou Antonnites, un ordre Hospitalier <span class=\"Apple-converted-space\">\u00a0 \u00a0 \u00a0 \u00a0 \u00a0 \u00a0 \u00a0 \u00a0 \u00a0 \u00a0 \u00a0 \u00a0 \u00a0 \u00a0 \u00a0 \u00a0 \u00a0 \u00a0 \u00a0 \u00a0 \u00a0 \u00a0 \u00a0 \u00a0 \u00a0 \u00a0 \u00a0 \u00a0 \u00a0 \u00a0 \u00a0 \u00a0 \u00a0 \u00a0 \u00a0 \u00a0 \u00a0 \u00a0 \u00a0 \u00a0 \u00a0 \u00a0 \u00a0 \u00a0 \u00a0 \u00a0 \u00a0 \u00a0 \u00a0 \u00a0 \u00a0 \u00a0 \u00a0 \u00a0 \u00a0 \u00a0 \u00a0 \u00a0 \u00a0 \u00a0 \u00a0 \u00a0<\/span><i> <\/i>se sp\u00e9cialisa dans le traitement des maladies contagieuses: feu sacr\u00e9 ou feu de saint Antoine, assimil\u00e9<span class=\"Apple-converted-space\">\u00a0 <\/span>par les m\u00e9decins \u00e0 l&rsquo;ergotisme gangr\u00e9neux dont la cause est une mauvaise alimentation avec du pain fait de seigle ergot\u00e9 (parasit\u00e9 par l&rsquo;ergot) dont l&rsquo;effet est le dess\u00e8chement des extr\u00e9mit\u00e9s qui n\u00e9cessite l&rsquo;amputation, peste, plus tard syphilis. Toutes les maladies de peau \u00e9taient du ressort de saint Antoine<\/p>\n<p class=\"p1\" style=\"text-align: justify;\">Le p\u00e8lerinage<span class=\"Apple-converted-space\">\u00a0 <\/span>de Saint Antoine en Dauphin\u00e9 rivalisait avec Saint Jacques de Compostelle. Gr\u00e2ce aux nombreuses commanderies cr\u00e9\u00e9es par la maison m\u00e8re, le culte de saint Antoine se r\u00e9pandit dans toute la chr\u00e9tient\u00e9.<\/p>\n<p class=\"p1\" style=\"text-align: justify;\">Pour entretenir leur commanderies et leurs h\u00f4pitaux, les Antonins avaient recours \u00e0 l&rsquo;\u00e9levage des porcs. Ils jouissaient du privil\u00e8ge de laisser vaguer leurs cochons reconnaissables \u00e0 la clochette qui tintait \u00e0 leur cou dans les rue des villages o\u00f9 ils fouillaient les ordures. Ce privil\u00e8ge \u00e9tait tr\u00e8s envi\u00e9 des autres Ordres monastiques.<\/p>\n<p class=\"p1\" style=\"text-align: justify;\">Saint Antoine \u00e9tait le saint patron de plusieurs corporations: les vanniers, les fossoyeurs.<br \/>\nMais c&rsquo;est au cochon qu&rsquo;il doit la plupart de ses patronages: les porchers, les marchands de cochons, les bouchers, les charcutiers, les brossiers qui fabriquaient leur brosses avec les soies de porc, les sonneurs \u00e0 cause de la clochette des cochons.<\/p>\n<p class=\"p3\" style=\"text-align: justify;\">Cette sculpture est de bonne qualit\u00e9.<\/p>\n<p>[\/vc_column_text][\/vc_column][vc_column width=\u00a0\u00bb1\/2&Prime;][\/vc_column][\/vc_row]<\/p>\n<\/div>","protected":false},"excerpt":{"rendered":"<h4>SCULPTURE EN BOIS POLYCHROME REPRESENTANT SAINT ANTOINE ERMITE<\/h4>\n<p>&nbsp;<\/p>\n<p>ORIGINE : EST DE LA FRANCE<\/p>\n<p>\u00c9POQUE : FIN DU XVe SI\u00c8CLE<\/p>\n<p>&nbsp;<\/p>\n<p class=\"p1\">Hauteur: 97 cm<\/p>\n<p class=\"p1\">Largeur\u00a0: 32 cm<\/p>\n<p class=\"p1\">Profondeur\u00a0: 26 cm<\/p>\n<p>&nbsp;<\/p>\n<p class=\"p3\">Bois<span class=\"Apple-converted-space\">\u00a0<\/span><\/p>\n<p>&nbsp;<\/p>\n[dt_button size=\"small\" style=\"default\" animation=\"none\" color_mode=\"default\" icon=\"\" icon_align=\"left\" color=\"\" link=\"mailto:gabrielle-laroche@wanadoo.fr?subject=137_SCULPTURE EN BOIS POLYCHROME REPRESENTANT SAINT ANTOINE ERMITE\" target_blank=\"true\"]DEMANDE D&rsquo;INFORMATIONS[\/dt_button]\n<p>&nbsp;<\/p>\n<p><a href=\"\/fr\/antiquites\/sculpture\/\">Retour aux sculptures<\/a><\/p>\n","protected":false},"featured_media":7205,"template":"","meta":[],"product_brand":[],"product_cat":[32],"product_tag":[],"class_list":{"0":"post-7203","1":"product","2":"type-product","3":"status-publish","4":"has-post-thumbnail","6":"product_cat-sculptures","7":"description-off","9":"first","10":"instock","11":"shipping-taxable","12":"product-type-simple"},"aioseo_notices":[],"_links":{"self":[{"href":"https:\/\/www.gabrielle-laroche.com\/fr\/wp-json\/wp\/v2\/product\/7203","targetHints":{"allow":["GET"]}}],"collection":[{"href":"https:\/\/www.gabrielle-laroche.com\/fr\/wp-json\/wp\/v2\/product"}],"about":[{"href":"https:\/\/www.gabrielle-laroche.com\/fr\/wp-json\/wp\/v2\/types\/product"}],"wp:featuredmedia":[{"embeddable":true,"href":"https:\/\/www.gabrielle-laroche.com\/fr\/wp-json\/wp\/v2\/media\/7205"}],"wp:attachment":[{"href":"https:\/\/www.gabrielle-laroche.com\/fr\/wp-json\/wp\/v2\/media?parent=7203"}],"wp:term":[{"taxonomy":"product_brand","embeddable":true,"href":"https:\/\/www.gabrielle-laroche.com\/fr\/wp-json\/wp\/v2\/product_brand?post=7203"},{"taxonomy":"product_cat","embeddable":true,"href":"https:\/\/www.gabrielle-laroche.com\/fr\/wp-json\/wp\/v2\/product_cat?post=7203"},{"taxonomy":"product_tag","embeddable":true,"href":"https:\/\/www.gabrielle-laroche.com\/fr\/wp-json\/wp\/v2\/product_tag?post=7203"}],"curies":[{"name":"wp","href":"https:\/\/api.w.org\/{rel}","templated":true}]}}