

{"id":7264,"date":"2021-03-31T03:15:36","date_gmt":"2021-03-31T01:15:36","guid":{"rendered":"https:\/\/www.gabrielle-laroche.com\/?post_type=product&#038;p=7264"},"modified":"2023-11-17T14:57:25","modified_gmt":"2023-11-17T13:57:25","slug":"element-de-boiserie-exterieure-representant-une-salamandre-provenant-dune-maison-normande","status":"publish","type":"product","link":"https:\/\/www.gabrielle-laroche.com\/fr\/product\/element-de-boiserie-exterieure-representant-une-salamandre-provenant-dune-maison-normande\/","title":{"rendered":"ELEMENT DE BOISERIE EXTERIEURE REPRESENTANT UNE SALAMANDRE, PROVENANT D\u2019UNE MAISON NORMANDE"},"content":{"rendered":"<div class=\"wpb-content-wrapper\"><p>[vc_row][vc_column width=\u00a0\u00bb1\/2&Prime;][vc_column_text]<\/p>\n<p class=\"p1\" style=\"text-align: justify;\">Cet \u00e9l\u00e9ment en bois massif de ch\u00eane \u00e9tait probablement plac\u00e9 \u00e0 l\u2019ext\u00e9rieur, au niveau des charpentes apparentes d\u2019une maison normande. Figur\u00e9e de face, elle est trait\u00e9e de mani\u00e8re stylis\u00e9e. Les \u00e9cailles se dessinent sur tout son corps tandis que ressortent les franges de son col. Elle descendait du colombage, t\u00eate vers le bas.<\/p>\n<p class=\"p1\" style=\"text-align: justify;\">Selon la croyance populaire, la salamandre \u00e9tait un \u00eatre \u00e9l\u00e9mentaire qui habite le feu o\u00f9 elle puise vie et protection. Elle repr\u00e9sentait alors les gardiens du feu qui ont \u00e9t\u00e9 mandat\u00e9s par Dieu. La croyance d\u2019apr\u00e8s laquelle la salamandre a le pouvoir d\u2019\u00e9teindre le feu est fort ancienne. <i>Aristote <\/i>rapporte que cet animal ne souffre pas du feu, le traverse et, ce faisant, l\u2019\u00e9teint.<span class=\"Apple-converted-space\">\u00a0 <\/span>On peut alors ais\u00e9ment comprendre sa fonction ainsi que sa place sur la fa\u00e7ade<span class=\"Apple-converted-space\">\u00a0 <\/span>d\u2019une b\u00e2tisse.<\/p>\n<p class=\"p3\" style=\"text-align: justify;\">Par ailleurs, Charles de Valois, duc d\u2019Angoul\u00e8me, mort en 1496, avait pris la salamandre au milieu des flammes pour \u201cdevise\u201d et la transmis \u00e0 son fils Fran\u00e7ois Ier qui l\u2019adopta comme embl\u00e8me avec la devise mi-latine mi-italienne : NUTRISCO ET EXTINGO: \u201cje nourris et j\u2019\u00e9teins\u201d. Certes la salamandre appara\u00eet en pierre sur nombre de maisons royales b\u00e2ties par ce Roi, mais \u00e9galement en bois, lorsque l\u2019architecture s\u2019y pr\u00eate.<span class=\"Apple-converted-space\">\u00a0 <\/span>Ainsi \u00e0 Lisieux, nous pouvons d\u00e9couvrir le \u201c<i>Manoir de la Salamandre <\/i>\u201d datant du XVI\u00e8me si\u00e8cle, pr\u00e9sentant en fa\u00e7ade des salamandres sculpt\u00e9es, l\u00e9zardant sur les charpentes.<\/p>\n<p>[\/vc_column_text][\/vc_column][vc_column width=\u00a0\u00bb1\/2&Prime;][\/vc_column][\/vc_row]<\/p>\n<\/div>","protected":false},"excerpt":{"rendered":"<h4>ELEMENT DE BOISERIE EXTERIEURE REPRESENTANT UNE SALAMANDRE, PROVENANT D\u2019UNE MAISON NORMANDE<\/h4>\n<p>&nbsp;<\/p>\n<p class=\"p1\"><strong>ORIGINE<\/strong> : NORMANDIE, FRANCE<\/p>\n<p class=\"p2\"><strong>EPOQUE :<\/strong> Fin XVe &#8211; D\u00c9BUT XVIe SIECLE<\/p>\n<p>&nbsp;<\/p>\n<p class=\"p1\">Hauteur : 110 cm<\/p>\n<p class=\"p1\">Largeur :<span class=\"Apple-converted-space\">\u00a0 <\/span>37 cm<\/p>\n<p class=\"p2\">Profondeur : 11 cm<\/p>\n<p>&nbsp;<\/p>\n<p>&nbsp;<\/p>\n[dt_button size=\"small\" style=\"default\" animation=\"none\" color_mode=\"default\" icon=\"\" icon_align=\"left\" color=\"\" link=\"mailto:gabrielle-laroche@wanadoo.fr?subject=95_ELEMENT DE BOISERIE EXTERIEURE REPRESENTANT UNE SALAMANDRE, PROVENANT D\u2019UNE MAISON NORMANDE\" target_blank=\"true\"]DEMANDE D&rsquo;INFORMATIONS[\/dt_button]\n<p>&nbsp;<\/p>\n<p><a href=\"\/fr\/antiquites\/sculpture\/\">Retour aux sculptures<\/a><\/p>\n","protected":false},"featured_media":10071,"template":"","meta":[],"product_brand":[],"product_cat":[32],"product_tag":[],"class_list":{"0":"post-7264","1":"product","2":"type-product","3":"status-publish","4":"has-post-thumbnail","6":"product_cat-sculptures","7":"description-off","9":"first","10":"instock","11":"shipping-taxable","12":"product-type-simple"},"aioseo_notices":[],"_links":{"self":[{"href":"https:\/\/www.gabrielle-laroche.com\/fr\/wp-json\/wp\/v2\/product\/7264","targetHints":{"allow":["GET"]}}],"collection":[{"href":"https:\/\/www.gabrielle-laroche.com\/fr\/wp-json\/wp\/v2\/product"}],"about":[{"href":"https:\/\/www.gabrielle-laroche.com\/fr\/wp-json\/wp\/v2\/types\/product"}],"wp:featuredmedia":[{"embeddable":true,"href":"https:\/\/www.gabrielle-laroche.com\/fr\/wp-json\/wp\/v2\/media\/10071"}],"wp:attachment":[{"href":"https:\/\/www.gabrielle-laroche.com\/fr\/wp-json\/wp\/v2\/media?parent=7264"}],"wp:term":[{"taxonomy":"product_brand","embeddable":true,"href":"https:\/\/www.gabrielle-laroche.com\/fr\/wp-json\/wp\/v2\/product_brand?post=7264"},{"taxonomy":"product_cat","embeddable":true,"href":"https:\/\/www.gabrielle-laroche.com\/fr\/wp-json\/wp\/v2\/product_cat?post=7264"},{"taxonomy":"product_tag","embeddable":true,"href":"https:\/\/www.gabrielle-laroche.com\/fr\/wp-json\/wp\/v2\/product_tag?post=7264"}],"curies":[{"name":"wp","href":"https:\/\/api.w.org\/{rel}","templated":true}]}}