

{"id":7306,"date":"2021-03-31T10:00:56","date_gmt":"2021-03-31T08:00:56","guid":{"rendered":"https:\/\/www.gabrielle-laroche.com\/?post_type=product&#038;p=7306"},"modified":"2025-03-21T13:05:55","modified_gmt":"2025-03-21T12:05:55","slug":"vierge-a-lenfant-en-majeste","status":"publish","type":"product","link":"https:\/\/www.gabrielle-laroche.com\/fr\/product\/vierge-a-lenfant-en-majeste\/","title":{"rendered":"VIERGE A L&rsquo;ENFANT EN MAJESTE"},"content":{"rendered":"<div class=\"wpb-content-wrapper\"><p>[vc_row][vc_column width=\u00a0\u00bb1\/2&Prime;][vc_column_text]<\/p>\n<p class=\"p1\" style=\"text-align: justify;\">Au milieu du XIIe si\u00e8cle, la Vierge prend place dans les \u00e9glises, si\u00e9geant en Majest\u00e9, servant de tr\u00f4ne \u00e0 son fils J\u00e9sus. Elle est alors dite <i>Sedes Sapientiae<\/i> soit tr\u00f4ne de Sagesse.<span class=\"Apple-converted-space\">\u00a0 <\/span>Elle n\u2019est alors pas repr\u00e9sent\u00e9e pour elle-m\u00eame, et n\u2019a d\u2019existence que parce qu\u2019elle a \u00e9t\u00e9 d\u00e9sign\u00e9e comme\u00a0<i>Theotokos<\/i>, m\u00e8re de Dieu, au concile d\u2019Eph\u00e8se en 431 o\u00f9 a \u00e9t\u00e9 proclam\u00e9e la nature divine du Christ d\u00e8s sa naissance.<\/p>\n<p class=\"p1\" style=\"text-align: justify;\"><b>Les Vierges \u00e0 l\u2019Enfant en Majest\u00e9 furent un th\u00e8me iconographique particuli\u00e8rement important durant l\u2019\u00e9poque m\u00e9di\u00e9vale.<\/b> Les p\u00e8lerinages encourag\u00e8rent leur d\u00e9veloppement tout en diffusant les mod\u00e8les.<span class=\"Apple-converted-space\">\u00a0<\/span><\/p>\n<p class=\"p1\" style=\"text-align: justify;\">Cette Vierge \u00e0 l&rsquo;Enfant assise sur un banc tr\u00f4ne porte des v\u00eatements souples au trac\u00e9 longiligne. Elle est v\u00eatue d\u2019une robe ceintur\u00e9e \u00e0 la simple encolure arrondie et d\u2019un manteau dont un pan couvre ses genoux. Les plis des v\u00eatements sont enti\u00e8rement gothiques. Ils creusent de longs plis en V aux angles profonds et vifs sur le manteau et de d\u00e9licates obliques sur la tunique.<span class=\"Apple-converted-space\">\u00a0<\/span><\/p>\n<p class=\"p1\" style=\"text-align: justify;\">La Vierge au visage ovale, au nez droit, \u00e0 la bouche menue et au petit menton rond porte une couronne. Sa chevelure ondul\u00e9e se r\u00e9pand dans son dos en m\u00e9ches bien dessin\u00e9es et ordonn\u00e9es. <span class=\"Apple-converted-space\">\u00a0<\/span><\/p>\n<p class=\"p1\" style=\"text-align: justify;\">Elle l\u00e8ve sa main droite et pr\u00e9sente du bout de ses doigts fins une sph\u00e8re qui pourrait \u00eatre la sph\u00e8re du monde.<span class=\"Apple-converted-space\">\u00a0 <\/span>De l\u2019autre, elle tient l\u2019Enfant J\u00e9sus assis sur son genoux gauche.<\/p>\n<p class=\"p1\" style=\"text-align: justify;\">L\u2019enfant n\u2019adopte pas la position hi\u00e9ratique des groupes du XIIe si\u00e8cle. Il tourne l\u00e9g\u00e8rement la t\u00eate vers la main de sa m\u00e8re. En outre, il est l\u00e9g\u00e8rement d\u00e9s\u00e9quilibr\u00e9 ce qui accentue l\u2019id\u00e9e de mouvement mais permet aussi de creuser un large plis en M dans sa tunique typique des productions castillanes de la fin du XIIIe si\u00e8cle et du d\u00e9but du XIVe si\u00e8cle.<span class=\"Apple-converted-space\">\u00a0<\/span><\/p>\n<p class=\"p1\" style=\"text-align: justify;\">L&rsquo;Enfant J\u00e9sus porte une longue tunique, serr\u00e9e \u00e0 la taille, et qui laisse d\u00e9passer ses petits pieds. Il a le visage joufflu, les l\u00e8vres fines qui lui donnent l\u2019air joyeux et amus\u00e9. Il semble contempler la sph\u00e8re que sa m\u00e8re tient dans sa main. Sa chevelure se compose de boucles stylis\u00e9es.<span class=\"Apple-converted-space\">\u00a0<\/span><\/p>\n<p class=\"p1\" style=\"text-align: justify;\">Toutes ces caract\u00e9ristiques permettent de situer cette Vierge \u00e0 l\u2019Enfant comme \u00e9tant de Castille au d\u00e9but du XIVe si\u00e8cle.<span class=\"Apple-converted-space\">\u00a0<\/span><\/p>\n<p class=\"p1\" style=\"text-align: justify;\">En effet, la M\u00e8re et l\u2019enfant perdent le hi\u00e9ratisme des si\u00e8cles pr\u00e9c\u00e9dents. Ils sont anim\u00e9s par un mouvement nouveau. Les figures gagnent en r\u00e9alisme et les corps sont moins allong\u00e9s qu\u2019au XIIIe si\u00e8cle mais au contraire, mieux proportionn\u00e9s. Cela semble indiquer que cette \u0153uvre f\u00fbt r\u00e9alis\u00e9e au cours de la premi\u00e8re d\u00e9cennie du XIVe si\u00e8cle. En outre,<span class=\"Apple-converted-space\">\u00a0 <\/span>les sourires qui se dessinent sur les deux visages confirment cette datation.<\/p>\n<p class=\"p1\" style=\"text-align: justify;\">Nous pouvons rapprocher notre Vierge de deux tr\u00e8s belle Vierges \u00e0 l\u2019Enfant du Mus\u00e9e Frederic Mar\u00e8s de Barcelone (n\u00b0inv. MFMB 848 et MFMB 800).<\/p>\n<p class=\"p1\" style=\"text-align: justify;\"><b>Cette Vierge \u00e0 l\u2019Enfant appara\u00eet ainsi comme une tr\u00e8s belle r\u00e9alisation de l\u2019art du XIVe si\u00e8cle espagnol et nous est parvenue dans un parfait \u00e9tat de conservation.<span class=\"Apple-converted-space\">\u00a0<\/span><\/b><\/p>\n<p>&nbsp;<\/p>\n<p class=\"p1\" style=\"text-align: justify;\"><b>Bibliographie<\/b><\/p>\n<p class=\"p4\" style=\"text-align: justify;\"><i>Fons del Museu Frederic Mar\u00e8s\/1,<\/i> Cat\u00e0leg d\u2019escultura i pintura medievals, Ajuntament de Barcelona, 1991<\/p>\n<p>[\/vc_column_text][vc_empty_space][\/vc_column][vc_column width=\u00a0\u00bb1\/2&Prime;][\/vc_column][\/vc_row]<\/p>\n<\/div>","protected":false},"excerpt":{"rendered":"<h4>VIERGE \u00c0 L&rsquo;ENFANT EN MAJEST\u00c9<\/h4>\n<p>&nbsp;<\/p>\n<p>ORIGINE : CASTILLE<br \/>\n\u00c9POQUE : XIVe SI\u00c8CLE<\/p>\n<p>&nbsp;<\/p>\n<p class=\"p1\">Hauteur : 72 cm<\/p>\n<p class=\"p1\">Largeur\u00a0: 30 cm<\/p>\n<p class=\"p1\">Profondeur\u00a0: 25 cm<\/p>\n<p>&nbsp;<\/p>\n<p class=\"p1\">Bois polychrome et dor\u00e9<\/p>\n<p class=\"p3\">Bon \u00e9tat de conservation<\/p>\n<p>&nbsp;<\/p>\n[dt_button size=\"small\" style=\"default\" animation=\"none\" color_mode=\"default\" icon=\"\" icon_align=\"left\" color=\"\" link=\"mailto:gabrielle-laroche@wanadoo.fr?subject=161_VIERGE \u00c0 L'ENFANT EN MAJEST\u00c9\" target_blank=\"true\"]DEMANDE D&rsquo;INFORMATIONS[\/dt_button]\n<p>&nbsp;<\/p>\n<p><a href=\"\/fr\/antiquites\/sculpture\/\">Retour aux sculptures<\/a><\/p>\n","protected":false},"featured_media":11082,"template":"","meta":[],"product_brand":[],"product_cat":[32],"product_tag":[],"class_list":{"0":"post-7306","1":"product","2":"type-product","3":"status-publish","4":"has-post-thumbnail","6":"product_cat-sculptures","7":"description-off","9":"first","10":"instock","11":"shipping-taxable","12":"product-type-simple"},"aioseo_notices":[],"_links":{"self":[{"href":"https:\/\/www.gabrielle-laroche.com\/fr\/wp-json\/wp\/v2\/product\/7306","targetHints":{"allow":["GET"]}}],"collection":[{"href":"https:\/\/www.gabrielle-laroche.com\/fr\/wp-json\/wp\/v2\/product"}],"about":[{"href":"https:\/\/www.gabrielle-laroche.com\/fr\/wp-json\/wp\/v2\/types\/product"}],"wp:featuredmedia":[{"embeddable":true,"href":"https:\/\/www.gabrielle-laroche.com\/fr\/wp-json\/wp\/v2\/media\/11082"}],"wp:attachment":[{"href":"https:\/\/www.gabrielle-laroche.com\/fr\/wp-json\/wp\/v2\/media?parent=7306"}],"wp:term":[{"taxonomy":"product_brand","embeddable":true,"href":"https:\/\/www.gabrielle-laroche.com\/fr\/wp-json\/wp\/v2\/product_brand?post=7306"},{"taxonomy":"product_cat","embeddable":true,"href":"https:\/\/www.gabrielle-laroche.com\/fr\/wp-json\/wp\/v2\/product_cat?post=7306"},{"taxonomy":"product_tag","embeddable":true,"href":"https:\/\/www.gabrielle-laroche.com\/fr\/wp-json\/wp\/v2\/product_tag?post=7306"}],"curies":[{"name":"wp","href":"https:\/\/api.w.org\/{rel}","templated":true}]}}