

{"id":7716,"date":"2023-02-03T17:20:49","date_gmt":"2023-02-03T16:20:49","guid":{"rendered":"https:\/\/www.gabrielle-laroche.com\/?post_type=product&#038;p=7716"},"modified":"2024-08-07T10:36:50","modified_gmt":"2024-08-07T08:36:50","slug":"carlo-ramous-sans-titre","status":"publish","type":"product","link":"https:\/\/www.gabrielle-laroche.com\/fr\/product\/carlo-ramous-sans-titre\/","title":{"rendered":"CARLO RAMOUS-SANS TITRE"},"content":{"rendered":"<div class=\"wpb-content-wrapper\"><p>[vc_row][vc_column width=\u00a0\u00bb1\/2&Prime;][vc_column_text]<\/p>\n<p class=\"p1\" style=\"text-align: justify;\">Carlo Ramous est un sculpteur italien form\u00e9 \u00e0 <i>l&rsquo;Accademia di Brera<\/i> aupr\u00e8s de Marino Marini.<\/p>\n<p class=\"p1\" style=\"text-align: justify;\">Il a cr\u00e9\u00e9 des sculptures monumentales dans de nombreux pays tels que le Japon, les Etats-Unis, la France ou encore l&rsquo;Italie et a expos\u00e9 dans de nombreuses institutions et galeries \u00e0 travers le monde.<\/p>\n<p class=\"p1\" style=\"text-align: justify;\">L&rsquo;artiste a \u00e9t\u00e9 de son vivant pr\u00e9sent lors d&rsquo;expositions majeures comme la Biennale de Venise en 1958, 1962 et 1972, \u00e0 Rome en 1955, 1959, 1973 et \u00e0 la Biennale di San Paolo du Br\u00e9sil en 1961.<\/p>\n<p class=\"p1\" style=\"text-align: justify;\">Une de ses r\u00e9alisations les plus abouties et consid\u00e9r\u00e9e comme son oeuvre majeure est la fa\u00e7ade en bronze de l&rsquo;imprimerie Cino del Duca \u00e0 Blois.<\/p>\n<p>&nbsp;<\/p>\n<p style=\"text-align: justify;\">Bibliographie<\/p>\n<p style=\"text-align: justify;\">Gatti Chiara, TAVOLA Michele, <i>Carlo Ramous, Storia di una Collezione<\/i>, Silvana Editoriale, 2016<\/p>\n<p>[\/vc_column_text][\/vc_column][vc_column width=\u00a0\u00bb1\/2&Prime;][\/vc_column][\/vc_row]<\/p>\n<\/div>","protected":false},"excerpt":{"rendered":"<h4 class=\"p1\">Carlo RAMOUS (1926-2003)<\/h4>\n<p><strong><em>Sans Titre<\/em><\/strong><\/p>\n<p>&nbsp;<\/p>\n<p class=\"p1\">Sculpture en bronze \u00e0 patine brune.<\/p>\n<p class=\"p1\">Sign\u00e9e \u2018C Ramous\u2019 et num\u00e9rot\u00e9e 1\/3.<\/p>\n<p>&nbsp;<\/p>\n<p class=\"p1\">Hauteur\u00a0: 78 cm<\/p>\n<p class=\"p1\">Largeur\u00a0: 86 cm<\/p>\n<p class=\"p1\">Profondeur\u00a0: 24 cm<\/p>\n<p class=\"p1\"><span class=\"s1\">\u00a0<\/span><\/p>\n<p class=\"p1\">Porte \u00e0 l&rsquo;int\u00e9rieur deux \u00e9tiquettes d&rsquo;expositions de la 3e Biennale des Pays de la M\u00e9diterran\u00e9e Alexandrie en 1959 et de la Biennale Internationale de Venise en 1958.<\/p>\n<p>&nbsp;<\/p>\n[dt_button size=\"small\" style=\"default\" animation=\"none\" color_mode=\"default\" icon=\"\" icon_align=\"left\" color=\"\" link=\"mailto:gabrielle-laroche@wanadoo.fr?subject=151_CARLO RAMOUS - Sans titre\" target_blank=\"true\"]DEMANDE D&rsquo;INFORMATIONS[\/dt_button]\n<p>&nbsp;<\/p>\n<p><a href=\"\/fr\/contemporains\/\">Retour aux contemporains<\/a><\/p>\n","protected":false},"featured_media":7718,"template":"","meta":[],"product_brand":[],"product_cat":[100],"product_tag":[],"class_list":{"0":"post-7716","1":"product","2":"type-product","3":"status-publish","4":"has-post-thumbnail","6":"product_cat-ramous","7":"description-off","9":"first","10":"instock","11":"shipping-taxable","12":"product-type-simple"},"aioseo_notices":[],"_links":{"self":[{"href":"https:\/\/www.gabrielle-laroche.com\/fr\/wp-json\/wp\/v2\/product\/7716","targetHints":{"allow":["GET"]}}],"collection":[{"href":"https:\/\/www.gabrielle-laroche.com\/fr\/wp-json\/wp\/v2\/product"}],"about":[{"href":"https:\/\/www.gabrielle-laroche.com\/fr\/wp-json\/wp\/v2\/types\/product"}],"wp:featuredmedia":[{"embeddable":true,"href":"https:\/\/www.gabrielle-laroche.com\/fr\/wp-json\/wp\/v2\/media\/7718"}],"wp:attachment":[{"href":"https:\/\/www.gabrielle-laroche.com\/fr\/wp-json\/wp\/v2\/media?parent=7716"}],"wp:term":[{"taxonomy":"product_brand","embeddable":true,"href":"https:\/\/www.gabrielle-laroche.com\/fr\/wp-json\/wp\/v2\/product_brand?post=7716"},{"taxonomy":"product_cat","embeddable":true,"href":"https:\/\/www.gabrielle-laroche.com\/fr\/wp-json\/wp\/v2\/product_cat?post=7716"},{"taxonomy":"product_tag","embeddable":true,"href":"https:\/\/www.gabrielle-laroche.com\/fr\/wp-json\/wp\/v2\/product_tag?post=7716"}],"curies":[{"name":"wp","href":"https:\/\/api.w.org\/{rel}","templated":true}]}}