

{"id":7815,"date":"2021-05-21T12:00:38","date_gmt":"2021-05-21T10:00:38","guid":{"rendered":"https:\/\/www.gabrielle-laroche.com\/?post_type=product&#038;p=7815"},"modified":"2026-02-12T11:44:02","modified_gmt":"2026-02-12T10:44:02","slug":"cabinet-depoque-renaissance-a-pennes-doiseau","status":"publish","type":"product","link":"https:\/\/www.gabrielle-laroche.com\/fr\/product\/cabinet-depoque-renaissance-a-pennes-doiseau\/","title":{"rendered":"CABINET D\u2019\u00c9POQUE RENAISSANCE \u00c0 PENNES D\u2019OISEAU"},"content":{"rendered":"<div class=\"wpb-content-wrapper\"><p>[vc_row][vc_column width=\u00a0\u00bb1\/2&Prime;][vc_column_text]<\/p>\n<p style=\"text-align: justify;\">Ce beau cabinet de la renaissance est compos\u00e9 de deux corps superpos\u00e9s sans retrait pour le corps sup\u00e9rieur.<\/p>\n<p>&nbsp;<\/p>\n<p style=\"text-align: justify;\">Ce meuble de belle architecture classique poss\u00e8de quatre vantaux sculpt\u00e9s de moulures s\u00e9par\u00e9s par deux tiroirs en ceinture.<\/p>\n<p style=\"text-align: justify;\">Il pr\u00e9sente une ornementation sobre de pennes d\u2019oiseau, sculpt\u00e9s sur les montants lat\u00e9raux et les faux-dormants. Des cadres finement moulur\u00e9s en animent \u00e9galement la surface.<span class=\"Apple-converted-space\">\u00a0<\/span><\/p>\n<p>&nbsp;<\/p>\n<p style=\"text-align: justify;\">La ceinture, scand\u00e9e de trois consoles \u00e0 d\u00e9cor de palmette, comporte deux tiroirs.<\/p>\n<p>&nbsp;<\/p>\n<p style=\"text-align: justify;\">Une corniche peu d\u00e9bordante couronne le meuble.<\/p>\n<p>&nbsp;<\/p>\n<p style=\"text-align: justify;\">Les c\u00f4t\u00e9s sont partag\u00e9s en deux tablettes verticales sur chaque corps.<span class=\"Apple-converted-space\">\u00a0<\/span><\/p>\n<p>&nbsp;<\/p>\n<p style=\"text-align: justify;\">Ce meuble classique \u00e0 la belle patine est un bon repr\u00e9sentant de l&rsquo;art de la Renaissance.<\/p>\n<p>[\/vc_column_text][\/vc_column][vc_column width=\u00a0\u00bb1\/2&Prime;][\/vc_column][\/vc_row]<\/p>\n<\/div>","protected":false},"excerpt":{"rendered":"<h4>CABINET D\u2019\u00c9POQUE RENAISSANCE \u00c0 PENNES D\u2019OISEAU<\/h4>\n<p>&nbsp;<\/p>\n<p>ORIGINE : FRANCE<\/p>\n<p>\u00c9POQUE : XVIe SI\u00c8CLE<\/p>\n<p>&nbsp;<\/p>\n<p>Hauteur\u00a0: 162 cm<\/p>\n<p>Longueur\u00a0: 134 cm<\/p>\n<p>Profondeur\u00a0: 54,4 cm<\/p>\n<p>&nbsp;<\/p>\n<p class=\"p1\">Bois de noyer<\/p>\n<p>Cl\u00e9s et serrures d&rsquo;\u00e9poque<\/p>\n<p>&nbsp;<\/p>\n<p>&nbsp;<\/p>\n[dt_button size=\"small\" style=\"default\" animation=\"none\" color_mode=\"default\" icon=\"\" icon_align=\"left\" color=\"\" link=\"mailto:gabrielle-laroche@wanadoo.fr?subject=53_CABINET D\u2019\u00c9POQUE RENAISSANCE \u00c0 PENNES D\u2019OISEAU\u2009\" target_blank=\"true\"]DEMANDE D&rsquo;INFORMATIONS[\/dt_button]\n<p>&nbsp;<\/p>\n<p><a href=\"\/fr\/antiquites\/mobilier\/meubles\/\">Retour aux meubles<\/a><\/p>\n","protected":false},"featured_media":7819,"template":"","meta":[],"product_brand":[],"product_cat":[17],"product_tag":[],"class_list":{"0":"post-7815","1":"product","2":"type-product","3":"status-publish","4":"has-post-thumbnail","6":"product_cat-uncategorized","7":"description-off","9":"first","10":"instock","11":"shipping-taxable","12":"product-type-simple"},"aioseo_notices":[],"_links":{"self":[{"href":"https:\/\/www.gabrielle-laroche.com\/fr\/wp-json\/wp\/v2\/product\/7815","targetHints":{"allow":["GET"]}}],"collection":[{"href":"https:\/\/www.gabrielle-laroche.com\/fr\/wp-json\/wp\/v2\/product"}],"about":[{"href":"https:\/\/www.gabrielle-laroche.com\/fr\/wp-json\/wp\/v2\/types\/product"}],"wp:featuredmedia":[{"embeddable":true,"href":"https:\/\/www.gabrielle-laroche.com\/fr\/wp-json\/wp\/v2\/media\/7819"}],"wp:attachment":[{"href":"https:\/\/www.gabrielle-laroche.com\/fr\/wp-json\/wp\/v2\/media?parent=7815"}],"wp:term":[{"taxonomy":"product_brand","embeddable":true,"href":"https:\/\/www.gabrielle-laroche.com\/fr\/wp-json\/wp\/v2\/product_brand?post=7815"},{"taxonomy":"product_cat","embeddable":true,"href":"https:\/\/www.gabrielle-laroche.com\/fr\/wp-json\/wp\/v2\/product_cat?post=7815"},{"taxonomy":"product_tag","embeddable":true,"href":"https:\/\/www.gabrielle-laroche.com\/fr\/wp-json\/wp\/v2\/product_tag?post=7815"}],"curies":[{"name":"wp","href":"https:\/\/api.w.org\/{rel}","templated":true}]}}