

{"id":7883,"date":"2021-04-15T12:00:48","date_gmt":"2021-04-15T10:00:48","guid":{"rendered":"https:\/\/www.gabrielle-laroche.com\/?post_type=product&#038;p=7883"},"modified":"2023-08-30T13:57:52","modified_gmt":"2023-08-30T11:57:52","slug":"petit-cabinet-de-la-renaissance","status":"publish","type":"product","link":"https:\/\/www.gabrielle-laroche.com\/fr\/product\/petit-cabinet-de-la-renaissance\/","title":{"rendered":"PETIT CABINET DE LA RENAISSANCE"},"content":{"rendered":"<div class=\"wpb-content-wrapper\"><p>[vc_row][vc_column width=\u00a0\u00bb1\/2&Prime;][vc_column_text]<\/p>\n<p style=\"text-align: justify;\">Ce petit deux corps aux proportions harmonieuses ouvre par quatre vantaux en fa\u00e7ade et deux tiroirs en ceinture. Il repose sur une base moulur\u00e9e.<span class=\"Apple-converted-space\">\u00a0<\/span><\/p>\n<p style=\"text-align: justify;\">Les montants lat\u00e9raux et le dormant central du corps inf\u00e9rieur sont orn\u00e9s de longues palmettes stylis\u00e9es. Ils encadrent les quatre vantaux sur lesquels se d\u00e9ploie un d\u00e9cor v\u00e9g\u00e9tal fait de tiges et de feuilles sculpt\u00e9s en sym\u00e9trie autour de deux mascarons coiff\u00e9s de plumes. Les deux panneaux des vantaux du corps inf\u00e9rieur sont embrev\u00e9s dans un cadre moulur\u00e9.<span class=\"Apple-converted-space\">\u00a0<\/span><\/p>\n<p style=\"text-align: justify;\">Des enroulements de feuilles d\u2019acanthes d\u00e9corent les deux tiroirs.<\/p>\n<p style=\"text-align: justify;\">Les panneaux du corps sup\u00e9rieur sont sculpt\u00e9s de beaux rinceaux dispos\u00e9s autour d\u2019un mufle de lion. Sur les montants, des glands et de petits fruits naissent au milieu des feuilles et des tiges.<span class=\"Apple-converted-space\">\u00a0<\/span><\/p>\n<p style=\"text-align: justify;\">Deux consoles soutiennent une corniche peu d\u00e9bordante. L\u2019entablement est agr\u00e9ment\u00e9 en son centre d\u2019une t\u00eate de putti ail\u00e9 et d\u2019un d\u00e9cor v\u00e9g\u00e9tal.<span class=\"Apple-converted-space\">\u00a0<\/span><\/p>\n<p style=\"text-align: justify;\">Les panneaux des c\u00f4t\u00e9s sont simplement moulur\u00e9s.<span class=\"Apple-converted-space\">\u00a0<\/span><\/p>\n<p style=\"text-align: justify;\">Ce cabinet s\u2019illustre par son \u00e9l\u00e9gance et la qualit\u00e9 de sa sculpture. Les motifs des frises comme des panneaux sont vari\u00e9s et l\u2019ornementation est travaill\u00e9e avec\u00a0 beaucoup de raffinement<span class=\"Apple-converted-space\">\u00a0<\/span><\/p>\n<p style=\"text-align: justify;\">Ainsi, sur ce cabinet aux proportions harmonieuses, s\u2019allie \u00e0 une structure bien architectur\u00e9e, un d\u00e9cor sym\u00e9trique de grande qualit\u00e9, r\u00e9alis\u00e9 en m\u00e9plat.<span class=\"Apple-converted-space\">\u00a0<\/span><\/p>\n<p>[\/vc_column_text][\/vc_column][vc_column width=\u00a0\u00bb1\/2&Prime;][\/vc_column][\/vc_row]<\/p>\n<\/div>","protected":false},"excerpt":{"rendered":"<h4>PETIT CABINET DE LA RENAISSANCE<\/h4>\n<p>&nbsp;<\/p>\n<p>ORIGINE : FRANCE, ECOLE LYONNAISE<\/p>\n<p>\u00c9POQUE : FIN DU XVIe SI\u00c8CLE<\/p>\n<p>&nbsp;<\/p>\n<p>Hauteur\u00a0: 167 cm<\/p>\n<p>Longueur\u00a0: 123 cm<\/p>\n<p>Profondeur\u00a0: 58 cm<\/p>\n<p>&nbsp;<\/p>\n<p class=\"p1\">Bois de noyer<\/p>\n<p>Bon \u00e9tat de conservation<\/p>\n<p>&nbsp;<\/p>\n<p>&nbsp;<\/p>\n[dt_button size=\"small\" style=\"default\" animation=\"none\" color_mode=\"default\" icon=\"\" icon_align=\"left\" color=\"\" link=\"mailto:gabrielle-laroche@wanadoo.fr?subject=2_PETIT CABINET DE LA RENAISSANCE\u2009\" target_blank=\"true\"]DEMANDE D&rsquo;INFORMATIONS[\/dt_button]\n<p>&nbsp;<\/p>\n<p><a href=\"\/fr\/antiquites\/mobilier\/meubles\/\">Retour aux meubles<\/a><\/p>\n","protected":false},"featured_media":9691,"template":"","meta":[],"product_brand":[],"product_cat":[18],"product_tag":[],"class_list":{"0":"post-7883","1":"product","2":"type-product","3":"status-publish","4":"has-post-thumbnail","6":"product_cat-meubles","7":"description-off","9":"first","10":"instock","11":"shipping-taxable","12":"product-type-simple"},"aioseo_notices":[],"_links":{"self":[{"href":"https:\/\/www.gabrielle-laroche.com\/fr\/wp-json\/wp\/v2\/product\/7883","targetHints":{"allow":["GET"]}}],"collection":[{"href":"https:\/\/www.gabrielle-laroche.com\/fr\/wp-json\/wp\/v2\/product"}],"about":[{"href":"https:\/\/www.gabrielle-laroche.com\/fr\/wp-json\/wp\/v2\/types\/product"}],"wp:featuredmedia":[{"embeddable":true,"href":"https:\/\/www.gabrielle-laroche.com\/fr\/wp-json\/wp\/v2\/media\/9691"}],"wp:attachment":[{"href":"https:\/\/www.gabrielle-laroche.com\/fr\/wp-json\/wp\/v2\/media?parent=7883"}],"wp:term":[{"taxonomy":"product_brand","embeddable":true,"href":"https:\/\/www.gabrielle-laroche.com\/fr\/wp-json\/wp\/v2\/product_brand?post=7883"},{"taxonomy":"product_cat","embeddable":true,"href":"https:\/\/www.gabrielle-laroche.com\/fr\/wp-json\/wp\/v2\/product_cat?post=7883"},{"taxonomy":"product_tag","embeddable":true,"href":"https:\/\/www.gabrielle-laroche.com\/fr\/wp-json\/wp\/v2\/product_tag?post=7883"}],"curies":[{"name":"wp","href":"https:\/\/api.w.org\/{rel}","templated":true}]}}