

{"id":7895,"date":"2021-04-14T12:00:44","date_gmt":"2021-04-14T10:00:44","guid":{"rendered":"https:\/\/www.gabrielle-laroche.com\/?post_type=product&#038;p=7895"},"modified":"2023-04-03T16:29:44","modified_gmt":"2023-04-03T14:29:44","slug":"petit-cabinet-a-deux-corps-decore-de-pennes-doiseau","status":"publish","type":"product","link":"https:\/\/www.gabrielle-laroche.com\/fr\/product\/petit-cabinet-a-deux-corps-decore-de-pennes-doiseau\/","title":{"rendered":"PETIT CABINET \u00c0 DEUX CORPS D\u00c9COR\u00c9 DE PENNES D\u2019OISEAU"},"content":{"rendered":"<div class=\"wpb-content-wrapper\"><p>[vc_row][vc_column width=\u00a0\u00bb1\/2&Prime;][vc_column_text]<\/p>\n<p style=\"text-align: justify;\">Ce charmant cabinet pr\u00e9sente une grande unit\u00e9 d\u2019ornementation par son d\u00e9cor de pennes d\u2019oiseau.<\/p>\n<p style=\"text-align: justify;\">Il se compose de deux corps superpos\u00e9s ouvrant chacun \u00e0 deux vantaux.<\/p>\n<p style=\"text-align: justify;\"><b>Corps inf\u00e9rieur<\/b><\/p>\n<p style=\"text-align: justify;\">Les montants et traverses sup\u00e9rieures sont sculpt\u00e9s de longs pennes. Les vantaux sont divis\u00e9s en deux rectangles moulur\u00e9s et encadr\u00e9s de pennes d\u2019oiseaux. De petites rosaces garnissent les angles.<span class=\"Apple-converted-space\">\u00a0<\/span><\/p>\n<p style=\"text-align: justify;\">Une large ceinture accueille deux tiroirs moulur\u00e9s.<\/p>\n<p style=\"text-align: justify;\"><b>Corps sup\u00e9rieur<\/b><\/p>\n<p style=\"text-align: justify;\">Le corps sup\u00e9rieur est l\u00e9g\u00e8rement plus \u00e9troit que le pr\u00e9c\u00e9dent. Il reprend la m\u00eame ornementation et la m\u00eame organisation. Une corniche peu d\u00e9bordante couronne le meuble.<\/p>\n<p style=\"text-align: justify;\"><b>Les c\u00f4t\u00e9s<\/b><\/p>\n<p style=\"text-align: justify;\">Le d\u00e9cor des c\u00f4t\u00e9s est similaire \u00e0 la fa\u00e7ade, ce qui illustre le soin apport\u00e9 \u00e0 l\u2019ornementation de ce cabinet.<span class=\"Apple-converted-space\">\u00a0<\/span><\/p>\n<p>[\/vc_column_text][\/vc_column][vc_column width=\u00a0\u00bb1\/2&Prime;][\/vc_column][\/vc_row]<\/p>\n<\/div>","protected":false},"excerpt":{"rendered":"<h4>PETIT CABINET \u00c0 DEUX CORPS D\u00c9COR\u00c9 DE PENNES D\u2019OISEAU<\/h4>\n<p>&nbsp;<\/p>\n<p>ORIGINE : FRANCE, ECOLE LYONNAISE<\/p>\n<p>\u00c9POQUE : XVIe SI\u00c8CLE<\/p>\n<p>&nbsp;<\/p>\n<p>Hauteur\u00a0: 170 cm<\/p>\n<p>Longueur\u00a0: 106 cm<\/p>\n<p>Profondeur\u00a0: 51 cm<\/p>\n<p>&nbsp;<\/p>\n<p class=\"p1\">Bois de noyer<\/p>\n<p>Bon \u00e9tat de conservation<\/p>\n<p>&nbsp;<\/p>\n<p>&nbsp;<\/p>\n[dt_button size=\"small\" style=\"default\" animation=\"none\" color_mode=\"default\" icon=\"\" icon_align=\"left\" color=\"\" link=\"mailto:gabrielle-laroche@wanadoo.fr?subject=8_PETIT CABINET \u00c0 DEUX CORPS D\u00c9COR\u00c9 DE PENNES D\u2019OISEAU\u2009\" target_blank=\"true\"]DEMANDE D&rsquo;INFORMATIONS[\/dt_button]\n<p>&nbsp;<\/p>\n<p><a href=\"\/fr\/antiquites\/mobilier\/meubles\/\">Retour aux meubles<\/a><\/p>\n","protected":false},"featured_media":7896,"template":"","meta":[],"product_brand":[],"product_cat":[18],"product_tag":[],"class_list":{"0":"post-7895","1":"product","2":"type-product","3":"status-publish","4":"has-post-thumbnail","6":"product_cat-meubles","7":"description-off","9":"first","10":"instock","11":"shipping-taxable","12":"product-type-simple"},"aioseo_notices":[],"_links":{"self":[{"href":"https:\/\/www.gabrielle-laroche.com\/fr\/wp-json\/wp\/v2\/product\/7895","targetHints":{"allow":["GET"]}}],"collection":[{"href":"https:\/\/www.gabrielle-laroche.com\/fr\/wp-json\/wp\/v2\/product"}],"about":[{"href":"https:\/\/www.gabrielle-laroche.com\/fr\/wp-json\/wp\/v2\/types\/product"}],"wp:featuredmedia":[{"embeddable":true,"href":"https:\/\/www.gabrielle-laroche.com\/fr\/wp-json\/wp\/v2\/media\/7896"}],"wp:attachment":[{"href":"https:\/\/www.gabrielle-laroche.com\/fr\/wp-json\/wp\/v2\/media?parent=7895"}],"wp:term":[{"taxonomy":"product_brand","embeddable":true,"href":"https:\/\/www.gabrielle-laroche.com\/fr\/wp-json\/wp\/v2\/product_brand?post=7895"},{"taxonomy":"product_cat","embeddable":true,"href":"https:\/\/www.gabrielle-laroche.com\/fr\/wp-json\/wp\/v2\/product_cat?post=7895"},{"taxonomy":"product_tag","embeddable":true,"href":"https:\/\/www.gabrielle-laroche.com\/fr\/wp-json\/wp\/v2\/product_tag?post=7895"}],"curies":[{"name":"wp","href":"https:\/\/api.w.org\/{rel}","templated":true}]}}