

{"id":7933,"date":"2023-01-16T14:56:38","date_gmt":"2023-01-16T13:56:38","guid":{"rendered":"https:\/\/www.gabrielle-laroche.com\/?post_type=product&#038;p=7933"},"modified":"2023-01-16T15:14:22","modified_gmt":"2023-01-16T14:14:22","slug":"beau-fauteuil-en-noyer-sculpte-de-la-renaissance","status":"publish","type":"product","link":"https:\/\/www.gabrielle-laroche.com\/fr\/product\/beau-fauteuil-en-noyer-sculpte-de-la-renaissance\/","title":{"rendered":"BEAU FAUTEUIL EN NOYER SCULPT\u00c9 DE LA RENAISSANCE"},"content":{"rendered":"<div class=\"wpb-content-wrapper\"><p>[vc_row][vc_column width=\u00a0\u00bb1\/2&Prime;][vc_column_text]<\/p>\n<p style=\"text-align: justify;\">Cet \u00e9l\u00e9gant fauteuil pr\u00e9sente une structure traditionnelle, avec son assise haute. Les accotoirs sont larges et plats.<\/p>\n<p style=\"text-align: justify;\">En fa\u00e7ade, il poss\u00e8de une traverse ajour\u00e9e.\u00a0<span class=\"Apple-converted-space\">\u00a0<\/span><\/p>\n<p style=\"text-align: justify;\">Le dossier et l\u2019assise ont conserv\u00e9s leur garniture en cuirs d\u2019origine, fix\u00e9e par plusieurs rang\u00e9es de clous en laiton.<\/p>\n<p style=\"text-align: justify;\">De belle facture, ce fauteuil offre encore un vocabulaire ornemental de la fin de la Renaissance fran\u00e7aise.<\/p>\n<p>[\/vc_column_text][vc_empty_space][\/vc_column][vc_column width=\u00a0\u00bb1\/2&Prime;][vc_empty_space][\/vc_column][\/vc_row]<\/p>\n<\/div>","protected":false},"excerpt":{"rendered":"<h4 class=\"p1\">BEAU FAUTEUIL EN NOYER SCULPT\u00c9 DE LA RENAISSANCE<\/h4>\n<p>&nbsp;<\/p>\n<p class=\"p1\"><b>ORIGINE : ITALIE<\/b><\/p>\n<p class=\"p3\"><b>EPOQUE : XVIe SI\u00c8CLE<\/b><\/p>\n<p>&nbsp;<\/p>\n<p class=\"p1\">Hauteur\u00a0: 110 cm<br \/>\nHauteur d&rsquo;assise : 56 cm<br \/>\nLargeur : 66 cm<br \/>\nProfondeur : 50 cm<\/p>\n<p class=\"p1\">\u00a0 \u00a0\u00a0<span class=\"Apple-converted-space\">\u00a0<\/span><\/p>\n<p class=\"p2\">Bois de noyer<\/p>\n<p>Garniture de cuir<\/p>\n<p class=\"p2\">Bon \u00e9tat de conservation<\/p>\n<p>&nbsp;<\/p>\n<p>&nbsp;<\/p>\n[dt_button size=\"small\" style=\"default\" animation=\"none\" color_mode=\"default\" icon=\"\" icon_align=\"left\" color=\"\" link=\"mailto:gabrielle-laroche@wanadoo.fr?subject=45_BEAU FAUTEUIL EN NOYER SCULPT\u00c9 DE LA RENAISSANCE\" target_blank=\"true\"]DEMANDE D&rsquo;INFORMATIONS[\/dt_button]\n<p>&nbsp;<\/p>\n<p><a href=\"\/fr\/antiquites\/mobilier\/meubles\/\">Retour aux meubles<\/a><\/p>\n","protected":false},"featured_media":7937,"template":"","meta":[],"product_brand":[],"product_cat":[19],"product_tag":[],"class_list":{"0":"post-7933","1":"product","2":"type-product","3":"status-publish","4":"has-post-thumbnail","6":"product_cat-sieges","7":"description-off","9":"first","10":"instock","11":"shipping-taxable","12":"product-type-simple"},"aioseo_notices":[],"_links":{"self":[{"href":"https:\/\/www.gabrielle-laroche.com\/fr\/wp-json\/wp\/v2\/product\/7933","targetHints":{"allow":["GET"]}}],"collection":[{"href":"https:\/\/www.gabrielle-laroche.com\/fr\/wp-json\/wp\/v2\/product"}],"about":[{"href":"https:\/\/www.gabrielle-laroche.com\/fr\/wp-json\/wp\/v2\/types\/product"}],"wp:featuredmedia":[{"embeddable":true,"href":"https:\/\/www.gabrielle-laroche.com\/fr\/wp-json\/wp\/v2\/media\/7937"}],"wp:attachment":[{"href":"https:\/\/www.gabrielle-laroche.com\/fr\/wp-json\/wp\/v2\/media?parent=7933"}],"wp:term":[{"taxonomy":"product_brand","embeddable":true,"href":"https:\/\/www.gabrielle-laroche.com\/fr\/wp-json\/wp\/v2\/product_brand?post=7933"},{"taxonomy":"product_cat","embeddable":true,"href":"https:\/\/www.gabrielle-laroche.com\/fr\/wp-json\/wp\/v2\/product_cat?post=7933"},{"taxonomy":"product_tag","embeddable":true,"href":"https:\/\/www.gabrielle-laroche.com\/fr\/wp-json\/wp\/v2\/product_tag?post=7933"}],"curies":[{"name":"wp","href":"https:\/\/api.w.org\/{rel}","templated":true}]}}