

{"id":7967,"date":"2021-04-01T12:00:05","date_gmt":"2021-04-01T10:00:05","guid":{"rendered":"https:\/\/www.gabrielle-laroche.com\/?post_type=product&#038;p=7967"},"modified":"2024-01-03T16:56:11","modified_gmt":"2024-01-03T15:56:11","slug":"dressoir-en-chene-gothique-flamboyant-a-pans-coupes","status":"publish","type":"product","link":"https:\/\/www.gabrielle-laroche.com\/fr\/product\/dressoir-en-chene-gothique-flamboyant-a-pans-coupes\/","title":{"rendered":"DRESSOIR EN CH\u00caNE GOTHIQUE FLAMBOYANT \u00c0 PANS COUP\u00c9S"},"content":{"rendered":"<div class=\"wpb-content-wrapper\"><p>[vc_row][vc_column width=\u00a0\u00bb1\/2&Prime;][vc_column_text]<\/p>\n<p style=\"text-align: justify;\">Ce dressoir marque d\u2019embl\u00e9e par sa belle proportion et par l\u2019\u00e9quilibre de ses formes solides et compactes.<\/p>\n<p style=\"text-align: justify;\">Le corps sup\u00e9rieur est compos\u00e9 de quatre panneaux et une porte centrale.<\/p>\n<p style=\"text-align: justify;\">Un tiroir, autrement appel\u00e9 yette, est suspendu sous le corps du dressoir. De part et d\u2019autre, deux montants se terminent en fleurons. En tout cinq panneaux \u00e0 orbevoie rythment la ceinture du dressoir.<\/p>\n<p style=\"text-align: justify;\">L\u2019\u00e9tage inf\u00e9rieur d\u2019\u00e9poque post\u00e9rieure \u00e0 dos plein repose sur une base moulur\u00e9e.<span class=\"Apple-converted-space\">\u00a0<\/span><\/p>\n<p style=\"text-align: justify;\">Les\u00a0 panneaux sculpt\u00e9s se pr\u00eatent au d\u00e9ploiement du d\u00e9cor flamboyant, si caract\u00e9riqtique du XVe si\u00e8cle finissant. Le fenestrage \u00e0 orbevoie, aux sculptures profondes, d\u00e9veloppe arcs et nervures accrochant la lumi\u00e8re pour dessiner un harmonieux enchev\u00eatrement de soufflets et mouchettes, ondoyant sur chaque panneau ainsi que sur la frise constituant la ceinture du meuble.<span class=\"Apple-converted-space\">\u00a0<\/span><\/p>\n<p style=\"text-align: justify;\">Les panneaux lat\u00e9raux offrent eux, avec une grande d\u00e9licatesse, un fenestrage \u00e0 claire-voie, trait\u00e9 telle une dentelle de bois.<span class=\"Apple-converted-space\">\u00a0<\/span><\/p>\n<p style=\"text-align: justify;\"><b>\u00a0<\/b><\/p>\n<p style=\"text-align: justify;\">La tolalit\u00e9 du d\u00e9cor d\u00e9rive du th\u00e8me architectural gothique. En parfaite ad\u00e9quation avec l\u2019esprit de son temps, ce dressoir \u00e0 horreur du vide.<span class=\"Apple-converted-space\">\u00a0<\/span><\/p>\n<p>[\/vc_column_text][vc_empty_space][\/vc_column][vc_column width=\u00a0\u00bb1\/2&Prime;][vc_empty_space][\/vc_column][\/vc_row]<\/p>\n<\/div>","protected":false},"excerpt":{"rendered":"<h4 class=\"p1\">DRESSOIR EN CH\u00caNE GOTHIQUE FLAMBOYANT \u00c0 PANS COUP\u00c9S<\/h4>\n<p>&nbsp;<\/p>\n<p class=\"p1\"><b>ORIGINE : FRANCE<\/b><\/p>\n<p class=\"p3\"><b>EPOQUE : EN PARTIE DU XVe SI\u00c8CLE<\/b><\/p>\n<p>&nbsp;<\/p>\n<p class=\"p1\">Hauteur\u00a0: 161,5 cm<br \/>\nLargeur : 107 cm<br \/>\nProfondeur : 52 cm<\/p>\n<p class=\"p1\">\u00a0 \u00a0\u00a0<span class=\"Apple-converted-space\">\u00a0<\/span><\/p>\n<p class=\"p2\">Restauration d&rsquo;usage et d&rsquo;entretien<\/p>\n<p>Base post\u00e9rieure<\/p>\n<p>&nbsp;<\/p>\n<p>&nbsp;<\/p>\n[dt_button size=\"small\" style=\"default\" animation=\"none\" color_mode=\"default\" icon=\"\" icon_align=\"left\" color=\"\" link=\"mailto:gabrielle-laroche@wanadoo.fr?subject=105_DRESSOIR EN CH\u00caNE GOTHIQUE FLAMBOYANT \u00c0 PANS COUP\u00c9S\" target_blank=\"true\"]DEMANDE D&rsquo;INFORMATIONS[\/dt_button]\n<p>&nbsp;<\/p>\n<p><a href=\"\/fr\/antiquites\/mobilier\/meubles\/\">Retour aux meubles<\/a><\/p>\n","protected":false},"featured_media":7968,"template":"","meta":[],"product_brand":[],"product_cat":[18],"product_tag":[],"class_list":{"0":"post-7967","1":"product","2":"type-product","3":"status-publish","4":"has-post-thumbnail","6":"product_cat-meubles","7":"description-off","9":"first","10":"instock","11":"shipping-taxable","12":"product-type-simple"},"aioseo_notices":[],"_links":{"self":[{"href":"https:\/\/www.gabrielle-laroche.com\/fr\/wp-json\/wp\/v2\/product\/7967","targetHints":{"allow":["GET"]}}],"collection":[{"href":"https:\/\/www.gabrielle-laroche.com\/fr\/wp-json\/wp\/v2\/product"}],"about":[{"href":"https:\/\/www.gabrielle-laroche.com\/fr\/wp-json\/wp\/v2\/types\/product"}],"wp:featuredmedia":[{"embeddable":true,"href":"https:\/\/www.gabrielle-laroche.com\/fr\/wp-json\/wp\/v2\/media\/7968"}],"wp:attachment":[{"href":"https:\/\/www.gabrielle-laroche.com\/fr\/wp-json\/wp\/v2\/media?parent=7967"}],"wp:term":[{"taxonomy":"product_brand","embeddable":true,"href":"https:\/\/www.gabrielle-laroche.com\/fr\/wp-json\/wp\/v2\/product_brand?post=7967"},{"taxonomy":"product_cat","embeddable":true,"href":"https:\/\/www.gabrielle-laroche.com\/fr\/wp-json\/wp\/v2\/product_cat?post=7967"},{"taxonomy":"product_tag","embeddable":true,"href":"https:\/\/www.gabrielle-laroche.com\/fr\/wp-json\/wp\/v2\/product_tag?post=7967"}],"curies":[{"name":"wp","href":"https:\/\/api.w.org\/{rel}","templated":true}]}}