

{"id":7993,"date":"2021-11-15T17:00:58","date_gmt":"2021-11-15T16:00:58","guid":{"rendered":"https:\/\/www.gabrielle-laroche.com\/?post_type=product&#038;p=7993"},"modified":"2023-01-18T18:00:54","modified_gmt":"2023-01-18T17:00:54","slug":"exceptionnelle-vierge-a-lenfant-en-majeste-ou-sedes-sapientiae-trone-de-sagesse","status":"publish","type":"product","link":"https:\/\/www.gabrielle-laroche.com\/fr\/product\/exceptionnelle-vierge-a-lenfant-en-majeste-ou-sedes-sapientiae-trone-de-sagesse\/","title":{"rendered":"EXCEPTIONNELLE VIERGE \u00c0 L\u2019ENFANT EN MAJEST\u00c9  OU \u00ab\u00a0SEDES SAPIENTIAE\u00a0\u00bb, TR\u00d4NE DE SAGESSE"},"content":{"rendered":"<div class=\"wpb-content-wrapper\"><p>[vc_row][vc_column width=\u00a0\u00bb1\/2&Prime;][vc_column_text]<\/p>\n<p style=\"text-align: justify;\">D\u00e8s le XIIe si\u00e8cle, la d\u00e9votion mariale est essentielle. Principal intercesseur entre les hommes et Dieu, la Vierge Marie occupe une place de pr\u00e9dilection dans les \u00e9glises, o\u00f9 elle si\u00e8ge en majest\u00e9. Assise sur un banc-tr\u00f4ne, elle est alors pr\u00e9sent\u00e9e dans une frontalit\u00e9 totale, son corps formant le Tr\u00f4ne m\u00eame du Saveur. Elle traduit cette pens\u00e9e de Saint Jean Damasc\u00e8ne :<span class=\"Apple-converted-space\">\u00a0<\/span><\/p>\n<p style=\"text-align: justify;\">\u00ab\u00a0Ses mains porteront l\u2019\u00c9ternel et ses genoux seront un tr\u00f4ne\u2026\u00a0\u00bb.<\/p>\n<p style=\"text-align: justify;\">Elle est alors d\u00e9sign\u00e9e comme <i>Sedes Sapientiae<\/i>, soit Tr\u00f4ne de Sagesse. Ce th\u00e8me des Vierges \u00e0 l\u2019Enfant en Majest\u00e9 f\u00fbt l\u2019un des plus importants de toute l\u2019\u00e9poque m\u00e9di\u00e9vale. Les p\u00e8lerinages encourag\u00e8rent son d\u00e9veloppement et la diffusion des mod\u00e8les \u00e0 travers toute l\u2019Europe. On en retrouve ainsi en France, en Allemagne, en Belgique, en Scandinavie, en Angleterre, en Italie, en Espagne\u2026<\/p>\n<p style=\"text-align: justify;\">Cette Vierge \u00e0 l\u2019Enfant est assise sur un banc tr\u00f4ne dont on aper\u00e7oit les deux montants. Elle porte des v\u00eatements souples au drap\u00e9 longiligne. Elle est v\u00eatue d\u2019une robe ceintur\u00e9e \u00e0 la taille et \u00e0 l\u2019encolure arrondie, parcourue de longs plis verticaux et r\u00e9guliers. Un manteau couvre ses \u00e9paules.<span class=\"Apple-converted-space\">\u00a0<\/span><\/p>\n<p style=\"text-align: justify;\">Elle a un beau visage aux traits fins et r\u00e9guliers. Ses cheveux sont recouverts d\u2019un voile tombant dans son dos.<span class=\"Apple-converted-space\">\u00a0<\/span><\/p>\n<p style=\"text-align: justify;\">La Vierge pr\u00e9sente l\u2019enfant J\u00e9sus sur ses genoux dans une position frontale. L\u2019Enfant est tr\u00e8s l\u00e9g\u00e8rement d\u00e9centr\u00e9 sur la jambe gauche de sa m\u00e8re.<span class=\"Apple-converted-space\">\u00a0<\/span><\/p>\n<p style=\"text-align: justify;\">Il porte le <i>pallium<\/i>, v\u00eatement port\u00e9 par les premiers chr\u00e9tiens et avec lequel le Christ est traditionnellement repr\u00e9sent\u00e9.<\/p>\n<p style=\"text-align: justify;\">Il l\u00e8ve la main droite et esquisse un signe de b\u00e9n\u00e9diction.<span class=\"Apple-converted-space\">\u00a0<\/span><\/p>\n<p style=\"text-align: justify;\">Cette Vierge \u00e0 l\u2019Enfant est une exceptionnelle r\u00e9alisation de la fin du XIIe si\u00e8cle. <b>Comme pour les Majest\u00e9s romanes de la premi\u00e8re moiti\u00e9 du XIIe si\u00e8cle, l\u2019attitude est strictement frontale, hi\u00e9ratique et aucune communication ne s\u2019\u00e9tablit entre la m\u00e8re et l\u2019enfant.<\/b> <b>Marie n\u2019existe que pour mettre en valeur son fils, comme Tr\u00f4ne de Sagesse. <\/b>L\u2019Enfant quant \u00e0 lui garde une attitude majestueuse, b\u00e9nissant les fid\u00e8les, il s\u2019inspire alors des repr\u00e9sentations byzantines du Christ Pantocrator.<span class=\"Apple-converted-space\">\u00a0<\/span><\/p>\n<p style=\"text-align: justify;\">Toutefois, la position de l\u2019Enfant, tr\u00e8s l\u00e9g\u00e8rement d\u00e9centr\u00e9e sur la jambe gauche de sa m\u00e8re repr\u00e9sente une \u00e9volution du type iconographique qui ne se produit que vers la fin du style roman et plaide donc en faveur de la fin du XIIe si\u00e8cle. En effet, cela montre l\u2019amorce d\u2019une \u00e9volution qui conduira les artistes du XIIIe si\u00e8cle \u00e0 repr\u00e9senter le Christ assis compl\u00e9ment sur une jambe de sa m\u00e8re. Cela accompagnera une \u00e9volution du culte marial, <b>Marie ne sera alors plus uniquement un tr\u00f4ne pour son fils mais sera elle-m\u00eame repr\u00e9sent\u00e9e dans toute sa grandeur et sa divinit\u00e9<\/b>.<span class=\"Apple-converted-space\">\u00a0<\/span><\/p>\n<p>&nbsp;<\/p>\n<p style=\"text-align: justify;\"><b>VIERGE EN MAJESTE, UNE REPRESENTATION SYMBOLIQUE\u00a0<\/b><\/p>\n<p style=\"text-align: justify;\">Les repr\u00e9sentations de la Vierge \u00e0 l\u2019Enfant tirent leurs origines d\u2019une tr\u00e8s longue tradition. R\u00e9miniscence des divinit\u00e9s pa\u00efennes, telles les d\u00e9esses-m\u00e8res gallo-romaines, elles apparaissent comme une synth\u00e8se de l\u2019art des si\u00e8cles pass\u00e9s et r\u00e9pondent \u00e0 un d\u00e9sir de v\u00e9n\u00e9ration et un besoin de protection des croyants.<\/p>\n<p style=\"text-align: justify;\">Depuis le Concile de Nic\u00e9e en 352, on se questionne sur la nature v\u00e9ritable du Christ. En 431, ce conflit est tranch\u00e9 au Concile d\u2019\u00c9ph\u00e8se. On proclame alors la double nature du Christ, \u00e0 la fois divine et humaine. Ces deux essences se trouvent r\u00e9unies en la personne du Christ \u00e0 travers le myst\u00e8re de l\u2019Incarnation. D\u00e8s lors, <b>la Vierge Marie devient <i>Th\u00e9otokos<\/i>, c\u2019est-\u00e0-dire M\u00e8re de Dieu<\/b>. Un v\u00e9ritable engouement appara\u00eet autour de la figure mariale dont le culte ne cessera alors de progresser.<\/p>\n<p style=\"text-align: justify;\">C\u2019est en Orient que les premiers chr\u00e9tiens r\u00e9alis\u00e8rent les plus anciennes repr\u00e9sentations de la Vierge en Majest\u00e9. En Occident, elles vinrent orner les ouvrages enlumin\u00e9s avant de se figer dans la pierre, aux tympans des portails des cath\u00e9drales.<\/p>\n<p style=\"text-align: justify;\">D\u00e8s le IXe si\u00e8cle, la Vierge \u00e0 l\u2019Enfant en ronde-bosse, taill\u00e9e dans le bois et parfois couverte de plaques de m\u00e9tal pr\u00e9cieux est offerte \u00e0 la d\u00e9votion des fid\u00e8les. La plus ancienne f\u00fbt sans doute celle de la cath\u00e9drale de Clermont, vers 946, connue gr\u00e2ce \u00e0 des sources litt\u00e9raires. Elle ne nous est n\u00e9anmoins pas parvenue. Cependant, il est probable qu\u2019elle serv\u00eet de mod\u00e8le \u00e0 toutes les Majest\u00e9s qui furent ensuite r\u00e9alis\u00e9es.<span class=\"Apple-converted-space\">\u00a0<\/span><\/p>\n<p style=\"text-align: justify;\"><b>\u00a0<\/b><\/p>\n<p style=\"text-align: justify;\">La figure humaine et maternelle de Marie permet de cr\u00e9er un lien d\u2019intimit\u00e9 avec le fid\u00e8le et s\u2019oppose \u00e0 la crainte que leur inspirait Dieu. Toutefois, en tant que M\u00e8re de l\u2019Enfant Dieu, elle reste difficilement accessible. Cette dichotomie est particuli\u00e8rement sensible dans les \u0153uvres du XIIe si\u00e8cle. Telle une m\u00e8re, Marie porte son fils en son giron, comme la M\u00e8re de Dieu, elle devient le si\u00e8ge de l\u2019Incarnation de la Sagesse Divine \u2013 Sedes Sapientiae. De cette mani\u00e8re, le myst\u00e8re de l\u2019Incarnation est expliqu\u00e9 aux fid\u00e8les, illustrant \u00e0 la fois la nature divine et humaine de l\u2019Enfant J\u00e9sus.<\/p>\n<p style=\"text-align: justify;\">S\u2019agissant des Majest\u00e9s r\u00e9alis\u00e9es au XIIe si\u00e8cle, l\u2019Enfant est au centre de l\u2019attention. De ce fait, la Vierge sert \u00e0 pr\u00e9senter l\u2019Enfant. Elle est alors subordonn\u00e9e \u00e0 son fils alors que comme M\u00e8re, elle est l\u2019illustration de l\u2019appartenance \u00e0 la Maison de David, c\u2019est-\u00e0-dire le lignage humain du Sauveur.<\/p>\n<p style=\"text-align: justify;\">Cette repr\u00e9sentation symbolique est donc porteuse de sens. Elle illustre le myst\u00e8re de l\u2019art sacr\u00e9. <b>Dans l\u2019esprit de l\u2019\u00e9poque romane, la Sedes Sapientiae \u00e9tait la repr\u00e9sentation tangible de la hi\u00e9rarchie divine.<\/b><\/p>\n<p>[\/vc_column_text][vc_empty_space][\/vc_column][vc_column width=\u00a0\u00bb1\/2&Prime;][vc_empty_space][\/vc_column][\/vc_row]<\/p>\n<\/div>","protected":false},"excerpt":{"rendered":"<h4 class=\"p1\">EXCEPTIONNELLE VIERGE \u00c0 L\u2019ENFANT EN MAJEST\u00c9 OU \u00ab\u00a0SEDES SAPIENTIAE\u00a0\u00bb, TR\u00d4NE DE SAGESSE<\/h4>\n<p>&nbsp;<\/p>\n<p class=\"p1\"><b>ORIGINE : SUD-OUEST DE LA FRANCE<\/b><\/p>\n<p class=\"p3\"><b>EPOQUE : FIN XIIe &#8211; D\u00c9BUT DU XIIIe SI\u00c8CLE<\/b><\/p>\n<p>&nbsp;<\/p>\n<p>Hauteur\u00a0: 46 cm<\/p>\n<p>Largeur\u00a0: 18 cm<\/p>\n<p>Profondeur\u00a0: 14,5 cm<\/p>\n<p class=\"p1\">\u00a0 \u00a0\u00a0<span class=\"Apple-converted-space\">\u00a0<\/span><\/p>\n<p>Bois de noyer<\/p>\n<p>Bons restes de polychromie<\/p>\n<p>Bon \u00e9tat de conservation<\/p>\n<p>&nbsp;<\/p>\n[dt_button size=\"small\" style=\"default\" animation=\"none\" color_mode=\"default\" icon=\"\" icon_align=\"left\" color=\"\" link=\"mailto:gabrielle-laroche@wanadoo.fr?subject=175_EXCEPTIONNELLE VIERGE \u00c0 L\u2019ENFANT EN MAJEST\u00c9 OU \u00ab\u00a0SEDES SAPIENTIAE\u00a0\u00bb, TR\u00d4NE DE SAGESSE\" target_blank=\"true\"]DEMANDE D&rsquo;INFORMATIONS[\/dt_button]\n<p>&nbsp;<\/p>\n<p><a href=\"\/fr\/antiquites\/mobilier\/meubles\/\">Retour aux meubles<\/a><\/p>\n","protected":false},"featured_media":7994,"template":"","meta":[],"product_brand":[],"product_cat":[32],"product_tag":[],"class_list":{"0":"post-7993","1":"product","2":"type-product","3":"status-publish","4":"has-post-thumbnail","6":"product_cat-sculptures","7":"description-off","9":"first","10":"instock","11":"shipping-taxable","12":"product-type-simple"},"aioseo_notices":[],"_links":{"self":[{"href":"https:\/\/www.gabrielle-laroche.com\/fr\/wp-json\/wp\/v2\/product\/7993","targetHints":{"allow":["GET"]}}],"collection":[{"href":"https:\/\/www.gabrielle-laroche.com\/fr\/wp-json\/wp\/v2\/product"}],"about":[{"href":"https:\/\/www.gabrielle-laroche.com\/fr\/wp-json\/wp\/v2\/types\/product"}],"wp:featuredmedia":[{"embeddable":true,"href":"https:\/\/www.gabrielle-laroche.com\/fr\/wp-json\/wp\/v2\/media\/7994"}],"wp:attachment":[{"href":"https:\/\/www.gabrielle-laroche.com\/fr\/wp-json\/wp\/v2\/media?parent=7993"}],"wp:term":[{"taxonomy":"product_brand","embeddable":true,"href":"https:\/\/www.gabrielle-laroche.com\/fr\/wp-json\/wp\/v2\/product_brand?post=7993"},{"taxonomy":"product_cat","embeddable":true,"href":"https:\/\/www.gabrielle-laroche.com\/fr\/wp-json\/wp\/v2\/product_cat?post=7993"},{"taxonomy":"product_tag","embeddable":true,"href":"https:\/\/www.gabrielle-laroche.com\/fr\/wp-json\/wp\/v2\/product_tag?post=7993"}],"curies":[{"name":"wp","href":"https:\/\/api.w.org\/{rel}","templated":true}]}}