

{"id":8030,"date":"2021-04-26T12:00:48","date_gmt":"2021-04-26T10:00:48","guid":{"rendered":"https:\/\/www.gabrielle-laroche.com\/?post_type=product&#038;p=8030"},"modified":"2023-04-03T16:35:11","modified_gmt":"2023-04-03T14:35:11","slug":"petit-cabinet-de-lecole-de-fontainebleau-incruste-de-tablettes-de-marbre","status":"publish","type":"product","link":"https:\/\/www.gabrielle-laroche.com\/fr\/product\/petit-cabinet-de-lecole-de-fontainebleau-incruste-de-tablettes-de-marbre\/","title":{"rendered":"PETIT CABINET DE L\u2019\u00c9COLE DE FONTAINEBLEAU  INCRUST\u00c9 DE TABLETTES DE MARBRE"},"content":{"rendered":"<div class=\"wpb-content-wrapper\"><p>[vc_row][vc_column width=\u00a0\u00bb1\/2&Prime;][vc_column_text]<\/p>\n<p style=\"font-weight: 400; text-align: justify;\">Sous l\u2019impulsion du roi Fran\u00e7ois Ier, arrivent en France, et notamment sur les chantiers royaux de Fontainebleau, des artistes italiens &#8211; Le Rosso vers 1530, Le Primatice, vers 1532, les architectes Serlio et Vignole, vers 1541.<\/p>\n<p style=\"font-weight: 400; text-align: justify;\">D\u00e8s lors, les artistes fran\u00e7ais s\u2019approprient l\u2019art des Italiens permettant une revitalisation de l\u2019art fran\u00e7ais.<\/p>\n<p style=\"font-weight: 400; text-align: justify;\">Cela impacte grandement l\u2019art du meuble. Les formes \u00e9voluent, inspir\u00e9es par l\u2019architecture des \u00e9difices con\u00e7us en suivant les normes de l\u2019antiquit\u00e9 gr\u00e9co-romaine. Les menuisiers, \u00e0 l\u2019image des architectes, font ainsi la part belle aux pilastres et colonnes cannel\u00e9es ou lisses.<\/p>\n<p style=\"font-weight: 400; text-align: justify;\">Ces ateliers directement inspir\u00e9s de l\u2019art bellifontain, adoptent volontiers les incrustations de plaquettes de marbre, de jaspe ou de porphyre pr\u00e9sent\u00e9s sous diverses formes g\u00e9om\u00e9triques et parfois associ\u00e9es aux panneaux sculpt\u00e9s en bas-reliefs.<\/p>\n<p style=\"font-weight: 400; text-align: justify;\">Ce cabinet \u00e0 la composition rigoureuse s\u2019\u00e9l\u00e8ve sur des pieds boules aplaties. Il ouvre par quatre vantaux et cinq tiroirs en fa\u00e7ade et trois tiroirs \u00e0 l\u2019int\u00e9rieur.<\/p>\n<p style=\"font-weight: 400; text-align: justify;\">Le corps inf\u00e9rieur repose sur une base simplement moulur\u00e9e. Chacun des montants et faux-dormant est incrust\u00e9 de marbre taill\u00e9 en losange et d\u2019une table rectangulaire de marbre vert vein\u00e9 de blanc. Ils encadrent les deux vantaux constitu\u00e9s de trois cadres moulur\u00e9s, assembl\u00e9s \u00e0 coupe d\u2019onglet.<\/p>\n<p style=\"font-weight: 400; text-align: justify;\">En ceinture, les deux tiroirs sont s\u00e9par\u00e9s par des consoles sobrement d\u00e9cor\u00e9es d\u2019un bouton de bois noirci et sous lesquelles est appliqu\u00e9e une longue goutte en bois noirci \u00e9galement.<\/p>\n<p style=\"font-weight: 400; text-align: justify;\">Le corps sup\u00e9rieur poss\u00e8de dans sa partie basse un large tiroir encadr\u00e9 de deux plus \u00e9troits plac\u00e9s en l\u00e9ger ressaut. Tous sont d\u00e9cor\u00e9s d\u2019incrustation de tables de marbre rectangulaires et triangulaires.<\/p>\n<p style=\"font-weight: 400; text-align: justify;\">Sur ses ressauts s\u2019\u00e9l\u00e8vent quatre colonnes doriques au f\u00fbt galb\u00e9 et \u00e9tir\u00e9. Elles encadrent deux \u00e0 deux les vantaux du corps sup\u00e9rieur. L\u2019ornementation de ce dernier est identique au pr\u00e9c\u00e9dent.<\/p>\n<p style=\"font-weight: 400; text-align: justify;\">Enfin, le cabinet s\u2019ach\u00e8ve par un entablement alternant console et plaquettes de marbre.<\/p>\n<p style=\"font-weight: 400; text-align: justify;\">L\u2019int\u00e9rieur du meuble est gain\u00e9 de soierie jaune tendue de galons clout\u00e9s.<\/p>\n<p style=\"font-weight: 400; text-align: justify;\">Ce cabinet associe puret\u00e9 et harmonie. Sa structure aux lignes tr\u00e8s \u00e9pur\u00e9es et aux proportions \u00e9l\u00e9gantes adopte toute la rigueur de l\u2019architecture. Son d\u00e9cor d\u2019incrustations de tables de marbres et de bois noirci est quant \u00e0 lui d\u2019une grande \u00e9l\u00e9gance conf\u00e9rant au meuble un raffinement infini.<\/p>\n<p style=\"text-align: justify;\"><span style=\"font-weight: 400;\">Cela en fait une \u0153uvre particuli\u00e8rement int\u00e9ressante et sp\u00e9cifiquement bellifontaine.<\/span><\/p>\n<p>[\/vc_column_text][vc_empty_space][\/vc_column][vc_column width=\u00a0\u00bb1\/2&Prime;][vc_empty_space][\/vc_column][\/vc_row]<\/p>\n<\/div>","protected":false},"excerpt":{"rendered":"<h4 class=\"p1\">PETIT CABINET DE L\u2019\u00c9COLE DE FONTAINEBLEAU INCRUST\u00c9 DE TABLETTES DE MARBRE<\/h4>\n<p>&nbsp;<\/p>\n<p class=\"p1\"><b>ORIGINE : VAL-DE-LOIRE, FRANCE<\/b><\/p>\n<p class=\"p3\"><b>EPOQUE : XVIe SI\u00c8CLE<\/b><\/p>\n<p>&nbsp;<\/p>\n<p class=\"p1\">Hauteur\u00a0: 170 cm<br \/>\nLargeur : 110 cm<br \/>\nProfondeur : 50 cm<\/p>\n<p class=\"p1\">\u00a0 \u00a0\u00a0<span class=\"Apple-converted-space\">\u00a0<\/span><\/p>\n<p style=\"font-weight: 400;\">Bois de noyer blond<\/p>\n<p class=\"p2\"><span style=\"font-weight: 400;\">Bon \u00e9tat de conservation<\/span><\/p>\n<p>&nbsp;<\/p>\n<p>&nbsp;<\/p>\n[dt_button size=\"small\" style=\"default\" animation=\"none\" color_mode=\"default\" icon=\"\" icon_align=\"left\" color=\"\" link=\"mailto:gabrielle-laroche@wanadoo.fr?subject=217_DRESSOIR EN CH\u00caNE GOTHIQUE FLAMBOYANT \u00c0 PANS COUP\u00c9S\" target_blank=\"true\"]DEMANDE D&rsquo;INFORMATIONS[\/dt_button]\n<p>&nbsp;<\/p>\n<p><a href=\"\/fr\/antiquites\/mobilier\/meubles\/\">Retour aux meubles<\/a><\/p>\n","protected":false},"featured_media":8031,"template":"","meta":[],"product_brand":[],"product_cat":[18],"product_tag":[],"class_list":{"0":"post-8030","1":"product","2":"type-product","3":"status-publish","4":"has-post-thumbnail","6":"product_cat-meubles","7":"description-off","9":"first","10":"instock","11":"shipping-taxable","12":"product-type-simple"},"aioseo_notices":[],"_links":{"self":[{"href":"https:\/\/www.gabrielle-laroche.com\/fr\/wp-json\/wp\/v2\/product\/8030","targetHints":{"allow":["GET"]}}],"collection":[{"href":"https:\/\/www.gabrielle-laroche.com\/fr\/wp-json\/wp\/v2\/product"}],"about":[{"href":"https:\/\/www.gabrielle-laroche.com\/fr\/wp-json\/wp\/v2\/types\/product"}],"wp:featuredmedia":[{"embeddable":true,"href":"https:\/\/www.gabrielle-laroche.com\/fr\/wp-json\/wp\/v2\/media\/8031"}],"wp:attachment":[{"href":"https:\/\/www.gabrielle-laroche.com\/fr\/wp-json\/wp\/v2\/media?parent=8030"}],"wp:term":[{"taxonomy":"product_brand","embeddable":true,"href":"https:\/\/www.gabrielle-laroche.com\/fr\/wp-json\/wp\/v2\/product_brand?post=8030"},{"taxonomy":"product_cat","embeddable":true,"href":"https:\/\/www.gabrielle-laroche.com\/fr\/wp-json\/wp\/v2\/product_cat?post=8030"},{"taxonomy":"product_tag","embeddable":true,"href":"https:\/\/www.gabrielle-laroche.com\/fr\/wp-json\/wp\/v2\/product_tag?post=8030"}],"curies":[{"name":"wp","href":"https:\/\/api.w.org\/{rel}","templated":true}]}}