

{"id":8505,"date":"2023-01-30T15:42:20","date_gmt":"2023-01-30T14:42:20","guid":{"rendered":"https:\/\/www.gabrielle-laroche.com\/?post_type=product&#038;p=8505"},"modified":"2023-02-06T14:18:11","modified_gmt":"2023-02-06T13:18:11","slug":"silvino-poza-gaonera-le-toreador","status":"publish","type":"product","link":"https:\/\/www.gabrielle-laroche.com\/fr\/product\/silvino-poza-gaonera-le-toreador\/","title":{"rendered":"SILVINO POZA &#8211; Gaonera -Le Toreador"},"content":{"rendered":"<div class=\"wpb-content-wrapper\"><p>[vc_row][vc_column width=\u00a0\u00bb1\/2&Prime;][vc_column_text]<\/p>\n<div><b>Biographie<\/b><\/div>\n<p style=\"font-weight: 400; text-align: justify;\">Silvino Poza nait \u00e0 Valladolid en 1926. En 1953, il entre \u00e0 l&rsquo;\u00c9cole nationale des arts appliqu\u00e9s et \u00e0 l&rsquo;\u00c9cole des beaux-arts. Il d\u00e9bute comme graveur d\u00e8s 1959. En 1970, il re\u00e7oit le premier prix au Salon d&rsquo;automne de Palma de Majorque. Il se tourne en 1987 vers la sculpture. En 1992, il participe \u00e0 l&rsquo;Exposition universelle de S\u00e9ville, exposant \u00e0 la Caja de Ahorros de Pamplona. Il a expos\u00e9 en Espagne, en France, en Italie, en Belgique, en Suisse, en Allemagne, aux \u00c9tats-Unis, \u00e0 Tahiti, en Cor\u00e9e et au Japon. Il s&rsquo;\u00e9teint \u00e0 Madrid en 2010. Cet artiste s\u2019exprime dans un langage figuratif et emploie le bronze comme mati\u00e8re premi\u00e8re avec la m\u00e9thode dite \u00ab\u00a0de la cire perdue\u00a0\u00bb . Son oeuvre tr\u00e8s \u00e9labor\u00e9e demande un travail de ciselure tr\u00e8s pr\u00e9cis. Silvino Poza sait mieux que personne poser son regard sur une pose qui lui procure un moment de plaisir, une \u00e9motion au point qu\u2019il se donne comme mission de nous les communiquer mais pas avec une m\u00e9thode fugitive simplement avec le langage du coeur , celui qui ne s\u2019effacera jamais puisqu\u2019il est devenu une oeuvre.<\/p>\n<p style=\"font-weight: 400;\"><strong>Livre de Silvino Poza <\/strong><\/p>\n<p style=\"font-weight: 400;\">POZA Silvino, <em>Clowns<\/em>, Ediciones de Arte y Bibliofilia (Grupo Editorial Casariego)<\/p>\n<p>[\/vc_column_text][\/vc_column][vc_column width=\u00a0\u00bb1\/2&Prime;][\/vc_column][\/vc_row]<\/p>\n<\/div>","protected":false},"excerpt":{"rendered":"<p style=\"font-weight: 400;\"><strong>SILVINO POZA \u00a0 (1926 &#8211; 2010)<\/strong><\/p>\n<p style=\"font-weight: 400;\"><strong>\u00a0<\/strong><\/p>\n<p style=\"font-weight: 400;\"><em><strong>Gaonera &#8211; Le Toreador<\/strong><\/em><\/p>\n<p>&nbsp;<\/p>\n<p style=\"font-weight: 400;\">Sculpture en bronze \u00e0 patine verte<\/p>\n<p style=\"font-weight: 400;\">Epreuve \u00e0 la Cire perdue<\/p>\n<p style=\"font-weight: 400;\">Sign\u00e9\u00a0: S.Poza<\/p>\n<p style=\"font-weight: 400;\">Justificatif de tirage n\u00b0 2\/6<\/p>\n<p>&nbsp;<\/p>\n<p style=\"font-weight: 400;\">Hauteur\u00a0: 39 cm<\/p>\n<p style=\"font-weight: 400;\">Largeur\u00a0: 17 cm<\/p>\n<p style=\"font-weight: 400;\">Profondeur\u00a0: 13,5 cm<\/p>\n<p>&nbsp;<\/p>\n[dt_button size=\"small\" style=\"default\" animation=\"none\" color_mode=\"default\" icon=\"\" icon_align=\"left\" color=\"\" link=\"mailto:gabrielle-laroche@wanadoo.fr?subject=282bis_SILVINO POZA - Le toreador\" target_blank=\"true\"]DEMANDE D&rsquo;INFORMATIONS[\/dt_button]\n<p>&nbsp;<\/p>\n<p><a href=\"\/fr\/contemporains\/\">Retour aux contemporains<\/a><\/p>\n","protected":false},"featured_media":8506,"template":"","meta":[],"product_brand":[],"product_cat":[102],"product_tag":[],"class_list":{"0":"post-8505","1":"product","2":"type-product","3":"status-publish","4":"has-post-thumbnail","6":"product_cat-poza-2","7":"description-off","9":"first","10":"instock","11":"shipping-taxable","12":"product-type-simple"},"aioseo_notices":[],"_links":{"self":[{"href":"https:\/\/www.gabrielle-laroche.com\/fr\/wp-json\/wp\/v2\/product\/8505","targetHints":{"allow":["GET"]}}],"collection":[{"href":"https:\/\/www.gabrielle-laroche.com\/fr\/wp-json\/wp\/v2\/product"}],"about":[{"href":"https:\/\/www.gabrielle-laroche.com\/fr\/wp-json\/wp\/v2\/types\/product"}],"wp:featuredmedia":[{"embeddable":true,"href":"https:\/\/www.gabrielle-laroche.com\/fr\/wp-json\/wp\/v2\/media\/8506"}],"wp:attachment":[{"href":"https:\/\/www.gabrielle-laroche.com\/fr\/wp-json\/wp\/v2\/media?parent=8505"}],"wp:term":[{"taxonomy":"product_brand","embeddable":true,"href":"https:\/\/www.gabrielle-laroche.com\/fr\/wp-json\/wp\/v2\/product_brand?post=8505"},{"taxonomy":"product_cat","embeddable":true,"href":"https:\/\/www.gabrielle-laroche.com\/fr\/wp-json\/wp\/v2\/product_cat?post=8505"},{"taxonomy":"product_tag","embeddable":true,"href":"https:\/\/www.gabrielle-laroche.com\/fr\/wp-json\/wp\/v2\/product_tag?post=8505"}],"curies":[{"name":"wp","href":"https:\/\/api.w.org\/{rel}","templated":true}]}}