

{"id":8768,"date":"2023-02-10T16:28:40","date_gmt":"2023-02-10T15:28:40","guid":{"rendered":"https:\/\/www.gabrielle-laroche.com\/?post_type=product&#038;p=8768"},"modified":"2023-02-10T17:19:00","modified_gmt":"2023-02-10T16:19:00","slug":"jan-krizek-mary","status":"publish","type":"product","link":"https:\/\/www.gabrielle-laroche.com\/fr\/product\/jan-krizek-mary\/","title":{"rendered":"JAN KRIZEK- MARY"},"content":{"rendered":"<div class=\"wpb-content-wrapper\"><p>[vc_row][vc_column width=\u00a0\u00bb1\/2&Prime;][vc_column_text]<\/p>\n<p style=\"text-align: justify;\"><strong>Biographie\u00a0:<span class=\"Apple-converted-space\">\u00a0<\/span><\/strong><\/p>\n<p style=\"text-align: justify;\">Jan K\u0159\u00ed\u017eek est sans doute le plus original des artistes s\u2019\u00e9tant fix\u00e9s en France au cours du si\u00e8cle dernier.<\/p>\n<p style=\"text-align: justify;\">Apr\u00e8s une formation artistique \u00e0 Prague, il arrive en France en 1947, o\u00f9 il r\u00e9sidera jusqu\u2019\u00e0 sa mort en 1985 et c\u2019est l\u00e0 qu\u2019il r\u00e9alisera l\u2019essentiel de son \u0153uvre.\u00a0 En faisant dialoguer certaines influences de son pays d\u2019origine avec des expressions plus archa\u00efques ou primitives, ou bien en les m\u00ealant \u00e0 des courants plus novateurs de la sc\u00e8ne artistique parisienne de l\u2019apr\u00e8s-guerre, il parvint \u00e0 une expression originale et personnelle salu\u00e9e par des artistes, po\u00e8tes ou th\u00e9oriciens comme Pablo Picasso, Andr\u00e9 Breton, Jean Dubuffet, Michel Tapi\u00e9, Charles Estienne, Edouard Taguer, Jean Degottex et Ren\u00e9 Duvillier.<\/p>\n<p style=\"text-align: justify;\">Entre 1947 et 1962, il exposa dans des lieux importants ou devenus c\u00e9l\u00e8bres depuis, tels Le Foyer de l\u2019Ar Brut, la Galerie Kleber, la Galerie Craven, la Galerie A l\u2019\u00e9toile scell\u00e9 ; et c\u00f4toya des routes et mouvements actifs, comme le groupe des tachistes rassembl\u00e9s par Estienne, les surr\u00e9alistes r\u00e9unis autour de Breton ou le mouvement Phases, anim\u00e9 par Taguer, tout en demeurant un cr\u00e9ateur atypique et solitaire.<\/p>\n<p style=\"text-align: justify;\">En effet, l\u2019\u0153uvre de K\u0159\u00ed\u017eek ne se pr\u00eate gu\u00e8re aux classifications habituelles. L\u2019archa\u00efsme, le primitivisme, l\u2019art brut, le tachisme peinture gestuelle, l\u2019art informel, l\u2019art informel sont autant d\u2019aspects qui peuvent lui \u00eatre associ\u00e9s, sans qu\u2019aucun de ces termes ne parvienne \u00e0 en recouvrir la nature.<span class=\"Apple-converted-space\">\u00a0<\/span><\/p>\n<p style=\"text-align: justify;\">On peut pourtant dire que durant des ann\u00e9es, il ne travailla qu\u2019\u00e0 une seule \u0153uvre ; dessinant, gravant, modelant, sculptant sans cesse les nombreuses variations de la figure humaine.\u00a0 En qu\u00eate d\u2019une expression vitaliste, intemporelle mais r\u00e9solument actuelle, \u00e0 un moment o\u00f9 la dignit\u00e9 humaine avait \u00e9t\u00e9 profond\u00e9ment bafou\u00e9e par les massacres et le g\u00e9nocide de la Seconde Guerre Mondiale, il revenait sans cesse \u00e0 \u00ab\u00a0l\u2019homme\u00a0\u00bb, s\u2019interrogeant sur ses origines, sur le sens de sa cr\u00e9ativit\u00e9 ; affirmant, face au danger d\u2019un monde abstrait, froid et d\u00e9sincarn\u00e9 :\u00a0\u00ab\u00a0Chez moi, l\u2019homme ne dois jamais dispara\u00eetre.\u00a0\u00bb<\/p>\n<p style=\"text-align: justify;\">Tout au long de son \u0153uvre, il se consacre ainsi \u00e0 la r\u00e9solution d\u2019un seul probl\u00e8me, dont la r\u00e9solution d\u2019un seul et m\u00eame probl\u00e8me, dont la nature \u00e9tait personnelle et d\u2019ordre plus \u00ab\u00a0spirituel\u00a0\u00bb qu\u2019artistique et auquel il cherchait des r\u00e9ponses dans les profondeurs de l\u2019inconscient. Ce qui lui importait \u00e9tait le processus continu de la recherche.<\/p>\n<p style=\"text-align: justify;\">Apr\u00e8s avoir acquis une solide renomm\u00e9e sur la sc\u00e8ne parisienne il se retire en Corr\u00e8ze, et disparut presque compl\u00e8tement de la vie artistique. Il faut attendre 1995 pour que des expositions nationales et internationales s\u2019enchainent simultan\u00e9ment en commen\u00e7ant par Le mus\u00e9e de la Cohue \u00e0 Vannes et \u00e0 la Galerie du Th\u00e9\u00e2tre National de Bretagne \u00e0 Rennes, en collaboration avec le FRAC Bretagne.<\/p>\n<p style=\"text-align: justify;\">K\u0159\u00ed\u017eek \u00e9tait un cr\u00e9ateur original et un penseur atypique. Nombreux sont ceux qui furent marqu\u00e9 par l\u2019authenticit\u00e9 de sa qu\u00eate et par son exigence de v\u00e9rit\u00e9.<\/p>\n<p style=\"text-align: justify;\">Il lui fallait d\u2019abord explorer les choses par lui-m\u00eame, et il ne reprenait jamais aveugl\u00e9ment les mod\u00e8les forg\u00e9s par d\u2019autres qui lui paraissaient attirants. On peut ainsi retrouver dans son \u0153uvre des traces de son admiration pour les arts archa\u00efques et extra-europ\u00e9en, pour la stylisation du premier art roman, pour l\u2019expressivit\u00e9 baroque ou le mouvement chez Rodin ; le tout rendu par un geste spontan\u00e9 et rapide \u00e0 la limite d\u2019une expression intuitive, gestuelle et automatique. En r\u00e9alit\u00e9, son processus cr\u00e9atif est m\u00fbrement r\u00e9fl\u00e9chi et il savait o\u00f9 il allait. C\u2019est pour cela que lorsqu\u2019il eut l\u2019impression d\u2019avoir atteint son but, il mit un point final \u00e0 sa cr\u00e9ation plastique.<\/p>\n<p style=\"text-align: justify;\">Anna Pravdov\u00e1<\/p>\n<p style=\"text-align: justify;\"><strong>Expositions personnelles\u00a0:<\/strong><\/p>\n<p style=\"text-align: justify;\">Sculptures de K\u0159\u00ed\u017eek, Foyer de l\u2019Art Brut, Galerie Ren\u00e9 Drouin, Paris, 13 f\u00e9vrier &#8211; mars 1948.<\/p>\n<p style=\"text-align: justify;\">K\u0159\u00ed\u017eek A l\u2019Etoile scell\u00e9e, Paris, 16 mars &#8211; 6 avril 1956.<\/p>\n<p style=\"text-align: justify;\">K\u0159\u00ed\u017eek, sculptures et peintures, Galerie Craven, Pris, 30 mai &#8211; 19 juin 1958.<\/p>\n<p style=\"text-align: justify;\">K\u0159\u00ed\u017eek, peinture, sculpture, Galerie Craven, 1er &#8211; 20 mai 1959.<\/p>\n<p style=\"text-align: justify;\">Jan K\u0159\u00ed\u017eek, galerie du TNB, Rennes 25 mars &#8211; 14 mai 1995.<\/p>\n<p style=\"text-align: justify;\">Jan K\u0159\u00ed\u017eek, Mus\u00e9e de la Cohue, Vannes, 25 mars &#8211; 29 mai 1995.<\/p>\n<p style=\"text-align: justify;\">K\u0159\u00ed\u017eek, Mus\u00e9e du Clo\u00eetre de Tulle, 5 juillet &#8211; 5 septembre 1996.<\/p>\n<p style=\"text-align: justify;\">Jan K\u0159\u00ed\u017eek, obrazy, sochy, keramika, Galerie modern\u00edro um\u011bni v Roudnici nad Labemm Institut fran\u00e7ais de Pragues, 1er juillet &#8211; 12 septembre1999.<\/p>\n<p style=\"text-align: justify;\">Jan K\u0159\u00ed\u017eek, Oblastn\u00ed galerie v Liberci, 7 octobre 28 novembre 1000.<\/p>\n<p style=\"text-align: justify;\">Jan K\u0159\u00ed\u017eek, Galerie Zden\u011bsk Skeln\u00e1\u0159m Litomy\u0161lm 11 d\u00e9cembre 1999 &#8211; 10 janvier 2000.<\/p>\n<p style=\"text-align: justify;\">Jan K\u0159\u00ed\u017eek, Muzeum a galerie Litomy\u0161lm, 14 janvier &#8211; 27 f\u00e9vrier 2000.<\/p>\n<p style=\"text-align: justify;\">Jan K\u0159\u00ed\u017eek Severo\u010deska, \u00a0Galerie V\u00fdtvarn\u00e9ho um\u011bni v Litom\u011bric\u00edch, 10 mai &#8211; 17 juin 2001.<\/p>\n<p style=\"text-align: justify;\">Jan K\u0159\u00ed\u017eek, Galerie Benedikta Rejta v Lounech, 28 septembre &#8211; 16 janvier 2005.<\/p>\n<p style=\"text-align: justify;\">Jan K\u0159\u00ed\u017eek : solit\u00e9r na cest\u011b za pravdou, N\u00e1rodn\u00ed galerie v Praze,\u00a0 23 f\u00e9vrier &#8211; 6 juin 2010.<\/p>\n<p style=\"text-align: justify;\">Jan K\u0159\u00ed\u017eek \/ S\u00edla znaku, Galerie modern\u00edho um\u011bni v Roudnici nad Labem , 27avril &#8211; 10 juin 2012.<\/p>\n<p style=\"text-align: justify;\">Jan K\u0159\u00ed\u017eek (1919 &#8211; 1985) a un\u011bleck\u00e1 Pa\u0159\u00ed\u017e 50. let, N\u00e1rodn\u00ed gqlerie v Praze, 31 mai &#8211; 29 septembre 2013.<\/p>\n<p style=\"text-align: justify;\"><strong>Expositions collectives\u00a0:<\/strong><\/p>\n<p style=\"text-align: justify;\">Art Brut, Foyer de l\u2019art brut, Galerie Ren\u00e9 Drouin, Paris, novembre 1947.<span class=\"Apple-converted-space\">\u00a0<\/span><\/p>\n<p style=\"text-align: justify;\">C\u00e9ramiques, sculptures et dessins de V.Ivanoff, Jean K\u0159\u00ed\u017eek, Jacqueline Manou, Maria, Librairie Andr\u00e9 Pouget, Paris 3 &#8211; 28 moi 1949.<\/p>\n<p style=\"text-align: justify;\">Instinct, Librairie, Andr\u00e9 Pouget, Paris, 25 juin &#8211; 20 juillet 1949.<\/p>\n<p style=\"text-align: justify;\">C\u00e9ramique, Galerie Martin Gruzon, Cannes, 13 septembre &#8211; octobre 1949.<\/p>\n<p style=\"text-align: justify;\">Salon d\u2019Octobre : peinture, sculpture, gravure, Galerie Craven, Paris, 1er &#8211; 29 octobre 1953.<\/p>\n<p style=\"text-align: justify;\">Quelques feux dans le brouillard, A l\u2019Etoile scell\u00e9e, Paris, 21 janvier &#8211; f\u00e9vrier 1955.<\/p>\n<p style=\"text-align: justify;\">P\u00e9rennit\u00e9 de l\u2019art gaulois, Mus\u00e9e p\u00e9dagogique, Paris 18 f\u00e9vrier &#8211; 2 avril 1955.<\/p>\n<p style=\"text-align: justify;\">Alice in\u00a0 Wonderland, Librairie &#8211; Galerie Kleber, Paris 1er &#8211; 22 mars 1955<\/p>\n<p style=\"text-align: justify;\">Encres et aquarelles ( Degottex, Duvillier, K\u0159\u00ed\u017eek, Marcelle Loubchansky), Librairie &#8211; Galerie Kleber, paris, 16 juin &#8211; 30 septembre 1955.<\/p>\n<p style=\"text-align: justify;\">Sculptures, Galerie Claude Bernard, Paris , 6 f\u00e9vrier &#8211; f\u00e9vrier 1958<\/p>\n<p style=\"text-align: justify;\">Collages, Aquarelles Gouaches, Galerie Craven, Paris, juin &#8211; septembre 1958.<\/p>\n<p style=\"text-align: justify;\">Dubuis, Franquinet, Kolos-Vary, K\u0159\u00ed\u017eek, Manera, Selim, Galleria d\u2019arte La Bussola, Torino, 14 &#8211; 23 f\u00e9vrier 1959.<\/p>\n<p style=\"text-align: justify;\">Sei giovani pittori della scuola di Parigi, La Medusa studio d\u2019arte contemporanea, Roma, 14 mars &#8211; mars 1959.<\/p>\n<p style=\"text-align: justify;\">I sei della galleria Craven ( Dubuis, Franquinet, Kolos-Vary, K\u0159\u00ed\u017eek, Manera, Selim), Galleria des Libraio, Bologna, 12 -22 avrei 1959.<\/p>\n<p style=\"text-align: justify;\">Dubuis, Franquinet, Kolos-Vary, K\u0159\u00ed\u017eek, Manera, Selim, Galleria d\u2019Arte La Navicella, Viareggio, 17 &#8211; 31 mai 1959.<\/p>\n<p style=\"text-align: justify;\">Figures Variations, Paris Gallery, London, 13 novembre &#8211; 9 d\u00e9cembre 1959<span class=\"Apple-converted-space\">\u00a0<\/span><\/p>\n<p style=\"text-align: justify;\">\u2026<\/p>\n<p style=\"text-align: justify;\"><strong>Bibliographie :<\/strong><\/p>\n<p style=\"text-align: justify;\">Catalogue raisonn\u00e9 de l\u2019artiste, \u00ab\u00a0Chez moi l\u2019homme ne doit jamais dispara\u00eetre\u00a0\u00bb par Anna Pravdov\u00e1, Galerie nationale de Prague, FRAC Limousin, France, 2015.<\/p>\n<p style=\"text-align: justify;\">Fonds d\u2019archives<\/p>\n<p style=\"text-align: justify;\">Fond de documentation Jan K\u0159\u00ed\u017eek, Galerie Benedikt Rejt, Louny.<\/p>\n<p style=\"text-align: justify;\">Fonds Charles Estienne, Mus\u00e9e Nation d\u2019Art Moderne, Centre Georges Pompidou, Biblioth\u00e8que Kandinsky, Paris<\/p>\n<p style=\"text-align: justify;\">Fonds Andr\u00e9 Breton, Biblioth\u00e8que litt\u00e9raire Jacques Doucet, Paris.<\/p>\n<p style=\"text-align: justify;\">Archives priv\u00e9es en R\u00e9publique tch\u00e8que et en France.<\/p>\n<p style=\"text-align: justify;\">M\u00e9moires et travaux universitaires<\/p>\n<p style=\"text-align: justify;\">Jacqueline Felmzan, L\u2019histoire de la Galerie Ren\u00e9 Drouin de 1939 \u00e0 1947, Universit\u00e9 Panth\u00e9on &#8211; Sorbonne Paris I, 1981.<\/p>\n<p style=\"text-align: justify;\">Lorraine Mailho, Charles Estiennes, critique d\u2019art, 1945 &#8211; 1960, Universit\u00e9 Panth\u00e9on &#8211; Sorbonne Paris I, 1983.<\/p>\n<p style=\"text-align: justify;\">Catalogues d\u2019expositions personnelles<\/p>\n<p style=\"text-align: justify;\">Sculptures de K\u0159\u00ed\u017eek, Galerie Ren\u00e9 Drouin, Paris, 1948 (Michel Tapi\u00e9).<\/p>\n<p style=\"text-align: justify;\">K\u0159\u00ed\u017eek, A l\u2019Etoile scell\u00e9e, Paris, 1956 (Charles Estienne).<\/p>\n<p style=\"text-align: justify;\">K\u0159\u00ed\u017eek Sculptures et peintures, Galerie Craven, Paris, 1958.<\/p>\n<p style=\"text-align: justify;\">K\u0159\u00ed\u017eek Peinture Sculpture, Galerie Craven, Paris, 1959.<\/p>\n<p style=\"text-align: justify;\">Jan K\u0159\u00ed\u017eek, FRAC Bretagne, Mus\u00e9e de la Cohue, Vannes, 1995 (Catherine Elkar, Marie &#8211; Fran\u00e7oise Le Saux, Jean Markale).<\/p>\n<p style=\"text-align: justify;\">Jan K\u0159\u00ed\u017eek, Galerie modern\u00edro um\u011bni v Roudnici nad Labem, Roudnice nad Labem 1999 ( Miroslava Hlav\u00e1\u010dkova).<\/p>\n<p style=\"text-align: justify;\">Jan K\u0159\u00ed\u017eek, Galerie Zden\u011bk Sklen\u00e1r, Praha 1999 ( Jarom\u00ed\u0159 Zemina).<\/p>\n<p style=\"text-align: justify;\">Jan K\u0159\u00ed\u017eek : solit\u00e9r na cest\u011b za pravdou, N\u00e1rodn\u00ed galerie v Prazem, Praha 2010 (Anna Pravdov\u00e1).<\/p>\n<p style=\"text-align: justify;\">Jan K\u0159\u00ed\u017eek \/ S\u00edla znaku, Galerie modern\u00edho um\u011bni v Roudnici nad Labem 2012 (Magdalena Deverov\u00e1).<\/p>\n<p>[\/vc_column_text][\/vc_column][vc_column width=\u00a0\u00bb1\/2&Prime;][\/vc_column][\/vc_row]<\/p>\n<\/div>","protected":false},"excerpt":{"rendered":"<p><strong>JAN KRIZEK<\/strong><\/p>\n<p><strong>(1919-1985)<\/strong><\/p>\n<p>&nbsp;<\/p>\n<p>&nbsp;<\/p>\n<p><strong>Titre<span class=\"Apple-converted-space\">\u00a0 <\/span>:<\/strong> Mary<\/p>\n<p><strong>Date :<\/strong> 1946<\/p>\n<p>&nbsp;<\/p>\n<p><strong>Technique<\/strong> : Technique mixte sur papier<\/p>\n<p><span class=\"Apple-converted-space\">\u00a0 \u00a0 \u00a0 \u00a0 \u00a0 \u00a0 \u00a0 \u00a0 \u00a0 \u00a0 \u00a0 <\/span>Sign\u00e9e et dat\u00e9e \u00abK\u0159\u00ed\u017eek\u00bb<\/p>\n<p>&nbsp;<\/p>\n<p><strong>Dimensions :<span class=\"Apple-converted-space\">\u00a0<\/span><\/strong><\/p>\n<p>Hauteur\u00a0: 55,5 cm<\/p>\n<p>Largeur\u00a0: 45 cm<\/p>\n<p style=\"font-weight: 400;\"><strong>\u00a0<\/strong><\/p>\n[dt_button size=\"small\" style=\"default\" animation=\"none\" color_mode=\"default\" icon=\"\" icon_align=\"left\" color=\"\" link=\"mailto:gabrielle-laroche@wanadoo.fr?subject=294_JAN_KRIZEK- Mary\" target_blank=\"true\"]DEMANDE D&rsquo;INFORMATIONS[\/dt_button]\n<p>&nbsp;<\/p>\n<p><a href=\"\/fr\/contemporains\/\">Retour aux contemporains<\/a><\/p>\n","protected":false},"featured_media":8769,"template":"","meta":[],"product_brand":[],"product_cat":[103],"product_tag":[],"class_list":{"0":"post-8768","1":"product","2":"type-product","3":"status-publish","4":"has-post-thumbnail","6":"product_cat-jan-krizek","7":"description-off","9":"first","10":"instock","11":"shipping-taxable","12":"product-type-simple"},"aioseo_notices":[],"_links":{"self":[{"href":"https:\/\/www.gabrielle-laroche.com\/fr\/wp-json\/wp\/v2\/product\/8768","targetHints":{"allow":["GET"]}}],"collection":[{"href":"https:\/\/www.gabrielle-laroche.com\/fr\/wp-json\/wp\/v2\/product"}],"about":[{"href":"https:\/\/www.gabrielle-laroche.com\/fr\/wp-json\/wp\/v2\/types\/product"}],"wp:featuredmedia":[{"embeddable":true,"href":"https:\/\/www.gabrielle-laroche.com\/fr\/wp-json\/wp\/v2\/media\/8769"}],"wp:attachment":[{"href":"https:\/\/www.gabrielle-laroche.com\/fr\/wp-json\/wp\/v2\/media?parent=8768"}],"wp:term":[{"taxonomy":"product_brand","embeddable":true,"href":"https:\/\/www.gabrielle-laroche.com\/fr\/wp-json\/wp\/v2\/product_brand?post=8768"},{"taxonomy":"product_cat","embeddable":true,"href":"https:\/\/www.gabrielle-laroche.com\/fr\/wp-json\/wp\/v2\/product_cat?post=8768"},{"taxonomy":"product_tag","embeddable":true,"href":"https:\/\/www.gabrielle-laroche.com\/fr\/wp-json\/wp\/v2\/product_tag?post=8768"}],"curies":[{"name":"wp","href":"https:\/\/api.w.org\/{rel}","templated":true}]}}