

{"id":8883,"date":"2000-01-20T09:00:04","date_gmt":"2000-01-20T08:00:04","guid":{"rendered":"https:\/\/www.gabrielle-laroche.com\/?post_type=product&#038;p=8883"},"modified":"2023-02-20T18:40:23","modified_gmt":"2023-02-20T17:40:23","slug":"robert-tatin-dessin","status":"publish","type":"product","link":"https:\/\/www.gabrielle-laroche.com\/fr\/product\/robert-tatin-dessin\/","title":{"rendered":"ROBERT TATIN  &#8211; Dessin"},"content":{"rendered":"<div class=\"wpb-content-wrapper\"><p>[vc_row][vc_column width=\u00a0\u00bb1\/2&Prime;][vc_column_text]<\/p>\n<p style=\"text-align: justify;\"><strong>Biographie\u00a0:<\/strong><\/p>\n<p style=\"text-align: justify;\">\u00a0\u00a0\u00a0\u00a0\u00a0\u00a0\u00a0\u00a0 Robert Tatin est n\u00e9 le 9 janvier 1902 \u00e0 l&rsquo;Epine d&rsquo;Avesni\u00e8res \u00e0 Laval en Mayenne dans un milieu modeste et contrast\u00e9, entre un p\u00e8re Dreyfusard et une m\u00e8re catholique pratiquante.<\/p>\n<p style=\"text-align: justify;\">En 1909, il s&rsquo;assoit sur les bancs de l&rsquo;\u00e9cole communale, jusqu&rsquo;au certificat d&rsquo;\u00e9tudes. Il commencera ensuite son entr\u00e9e dans la vie professionnelle par un apprentissage de peintre en b\u00e2timent. Il entre alors dans la voie de la construction et de la cr\u00e9ation qu&rsquo;il ne quittera plus jamais.<\/p>\n<p style=\"text-align: justify;\">D\u00e8s 1918, il s&rsquo;installe \u00e0 Paris \u00e0 dix-sept ans en tant qu&rsquo;ouvrier peintre-d\u00e9corateur. En parall\u00e8le, il \u00e9tudie le dessin et la peinture en fr\u00e9quentant des acad\u00e9mies libres. Il est inscrit \u00e0 l&rsquo;Ecole des Beaux Arts de Paris et \u00e0 l&rsquo;atelier de fresque de l&rsquo;Ecole des Arts Appliqu\u00e9s.<\/p>\n<p style=\"text-align: justify;\">De 1922 \u00e0 1924, il fait son service militaire \u00e0 Chartres o\u00f9 il suit des cours du soir de trigonom\u00e9trie, de g\u00e9om\u00e9trie descriptive et de g\u00e9om\u00e9trie dans l&rsquo;espace.<\/p>\n<p style=\"text-align: justify;\">Rentr\u00e9 \u00e0 Laval, il entamme \u00e0 vingt-trois ans une formation de charpentier de plusieurs ann\u00e9es.<\/p>\n<p style=\"text-align: justify;\">A vingt-huit ans, en 1930, il cr\u00e9e \u00e0 Laval son entreprise en b\u00e2timent qui s&rsquo;accroit tr\u00e8s rapidement. C&rsquo;est une p\u00e9riode prosp\u00e8re pendant laquelle Tatin voyage beaucoup. Il d\u00e9couvre ainsi plusieurs pays d&rsquo;Europe, l&rsquo;Afrique du nord et New-York en 1938.<\/p>\n<p style=\"text-align: justify;\">En 1945, profond\u00e9ment marqu\u00e9 par les horreurs de la guerre, il d\u00e9cide de se lancer dans une vie artistique sans concessions. C&rsquo;est un tournant capital dans sa vie de cr\u00e9ateur. En 1947, il cr\u00e9e \u00e0 Paris un atelier de c\u00e9ramique et de peinture. En participant \u00e0 la reconstruction du \u00ab Paris culturel \u00bb, il fr\u00e9quente Pr\u00e9vert, Breton, Cocteau, Giacometti, Dubuffet, et jouit d&rsquo;une reconnaissance nationale.<\/p>\n<p style=\"text-align: justify;\">En 1950, Tatin d\u00e9cide de quitter la France. Il part pour le Br\u00e9sil et travaille d&rsquo;abord pour Matarazzo Sobrhino (directeur du mus\u00e9e des Beaux Arts de Sao Paulo et riche industriel) comme peintre, sculpteur et c\u00e9ramiste. Il fait partie d&rsquo;une \u00e9quipe de techniciens et de chimistes qui \u00e9tudie les hautes temp\u00e9ratures. Tatin approfondit ses connaissances dans le domaine de la c\u00e9ramique. En 1951, il expose \u00e0 la premi\u00e8re biennale de Sao Paulo et obtient le premier prix de sculpture. Il traversera ensuite l&rsquo;Am\u00e9rique du Sud : Argentine, Uruguay, Paraguay et Chili \u00a0jusqu&rsquo;\u00e0 la Terre de Feu. Au contact des Am\u00e9rindiens, Tatin se lib\u00e8re compl\u00e8tement des dogmes acad\u00e9miques et \u00e9largit son registre de formes et de couleurs. Sa notori\u00e9t\u00e9 devient internationale.<\/p>\n<p style=\"text-align: justify;\">De retour en France en 1955, il s&rsquo;installe \u00e0 Vence, travaille \u00e0 Laval et \u00e0 Paris. Dans le domaine de la peinture, c&rsquo;est \u00e0 cette p\u00e9riode qu&rsquo;il affirme toute l&rsquo;\u00e9tendue de sa technique picturale. Il expose \u00e0 Paris, notamment dans la Galerie de l&rsquo;Universit\u00e9 de Robert Steindecker, devenu son m\u00e9c\u00e8ne. En 1961, il d\u00e9croche le prix de la critique \u00e0 Paris.<\/p>\n<p style=\"text-align: justify;\">En 1962, Robert Tatin revient d\u00e9finitivement en Mayenne, ach\u00e8te une petite maison \u00e0 Coss\u00e9-le-Vivien et se lance, en compagnie de sa jeune \u00e9pouse Lise, dans la construction de sa \u00ab Maison des Champs \u00bb.<\/p>\n<p>&nbsp;<\/p>\n<p style=\"text-align: justify;\"><strong>Expositions\u00a0:<span class=\"Apple-converted-space\">\u00a0<\/span><\/strong><\/p>\n<p style=\"text-align: justify;\">\u00ab\u00a0Dix ans de Sculpture\u00a0\u00bb r\u00e9trospective \u00e0 l\u2019H\u00f4tel Georges V \u00e0 Paris en 1976<\/p>\n<p style=\"text-align: justify;\">Exposition itin\u00e9rante dans le sud-ouest de la France<\/p>\n<p style=\"text-align: justify;\">8\u00e8me Salon d\u2019Angers, 1989<\/p>\n<p style=\"text-align: justify;\">Salon \u00ab\u00a0Formes Humaines\u00a0\u00bb, Mus\u00e9e Rodin<\/p>\n<p style=\"text-align: justify;\">Salon \u00ab\u00a0Comparaisons\u00a0\u00bb<\/p>\n<p style=\"text-align: justify;\">Salon d\u2019automne dont il est soci\u00e9taire.<\/p>\n<p style=\"text-align: justify;\">Salon \u00ab\u00a0groupe des 109\u00a0\u00bb, Grand Palais, 1983 et 1985<\/p>\n<p>&nbsp;<\/p>\n<p style=\"text-align: justify;\"><strong>Publications\u00a0:<\/strong><\/p>\n<p style=\"text-align: justify;\">\u00ab Toi ma Celtie \u00bb, Bief, no 1, \u00e9dition Le Terrain Vague, novembre 1958<\/p>\n<p style=\"text-align: justify;\">\u00ab Traces 40. Robert Tatin pr\u00e9sente le Tatin de la Fr\u00e9nouse, l&rsquo;oeuvrier. Suivi de : Vive la Rate !&#8230; \u00bb, Michel-Fran\u00e7ois Lavaur. Le Pallet. Vallet, 1972, num\u00e9ro sp\u00e9cial pr\u00e9par\u00e9 par Alain Barr\u00e91<\/p>\n<p style=\"text-align: justify;\">\u00ab Magie \u00bb en huit exemplaires, collection du mus\u00e9e Tatin<\/p>\n<p style=\"text-align: justify;\">\u00ab Etrange mus\u00e9e, Robert Tatin en Fr\u00e9nouse \u00e0 Coss\u00e9-le-Vivien, Mayenne\u00bb. Librairie Charpentier 1977. Pr\u00e9face de Otto Hahn. (Librairie Charpentier, Paris 1977)<\/p>\n<p style=\"text-align: justify;\">\u00ab Lettre \u00e0 Andr\u00e9 Breton \u00bb (La Br\u00e8che Action Surr\u00e9aliste no 4, f\u00e9vrier 1983)<\/p>\n<p>&nbsp;<\/p>\n<p style=\"text-align: justify;\"><strong>Bibliographie\u00a0:<span class=\"Apple-converted-space\">\u00a0<\/span><\/strong><\/p>\n<p style=\"text-align: justify;\"><em>Robert Tatin<\/em>. Paris, Librairie Charpentier, 1960. de Pierre Gueguen, et Henry Galy-Carles<\/p>\n<p style=\"text-align: justify;\"><em>Catalogue de l\u2019exposition Robert Tatin<\/em> de mai \u00e0 juin 1968, \u00e0 la Galerie de l\u2019Universit\u00e9 \u00e0 Paris<\/p>\n<p style=\"text-align: justify;\"><em>\u00c9trange mus\u00e9e,<\/em> Robert Tatin en Fr\u00e9nouse \u00e0 Coss\u00e9-le-Vivien, Mayenne. Librairie Charpentier 1977. \u00c9criture par Robert Tatin. Preface de Otto Hahn<\/p>\n<p style=\"text-align: justify;\"><em>L&rsquo;\u00e9trange domaine de Robert Tatin<\/em>. Simo\u00ebn, 1977. Richard Jeandelle et Brigitte Jeandelle<\/p>\n<p style=\"text-align: justify;\"><em>L<\/em>&lsquo;<em>univers de Robert Tatin.<\/em> Groupe C\u00e9lestin Freinet. 1983<\/p>\n<p>&nbsp;<\/p>\n<p style=\"text-align: justify;\"><strong>Filmographie\u00a0:<\/strong><\/p>\n<p style=\"text-align: justify;\">\u00a0Cinq films ont \u00e9t\u00e9 tourn\u00e9s sur Robert Tatin :<\/p>\n<p style=\"text-align: justify;\">De l&rsquo;autre c\u00f4t\u00e9 du miroir, film r\u00e9alis\u00e9 pour l&rsquo;\u00e9mission de t\u00e9l\u00e9vision Terre des Arts par Max-Pol Fouchet en juin 1967 sur Magritte, Paul Delvaux, Aristide Caillaud et Robert Tatin<\/p>\n<p style=\"text-align: justify;\">Un film de Jac Remise pour l&rsquo;ORTF (janvier 1972)<\/p>\n<p style=\"text-align: justify;\">Un film-actualit\u00e9s pour Fox-Movi\u00e9tone (ao\u00fbt 1974)<\/p>\n<p style=\"text-align: justify;\">Un film de Claus Hermans pour la t\u00e9l\u00e9vision allemande (juillet 1976)<\/p>\n<p style=\"text-align: justify;\">\u00ab\u00a0Tatin-Circus\u00a0\u00bb de Robert Maurice et Claude Arrucci, pour FR3 Rennes (f\u00e9vrier 1977)<\/p>\n<p>[\/vc_column_text][\/vc_column][vc_column width=\u00a0\u00bb1\/2&Prime;][\/vc_column][\/vc_row]<\/p>\n<\/div>","protected":false},"excerpt":{"rendered":"<h4 style=\"font-weight: 400;\"><strong>Robert TATIN<\/strong><\/h4>\n<p style=\"font-weight: 400;\">N\u00e9 le 9 janvier 1902 \u00e0 Laval \u2013 Mayenne \u2013 1983<\/p>\n<h1><\/h1>\n<h4><strong>Titre\u00a0<span style=\"font-weight: 400;\">\u00a0: \u00a0 \u00a0 \u00a0 \u00a0<\/span><\/strong>\u00a0 \u00a0 \u00a0 \u00a0 \u00a0 \u00a0 <strong>\u00a0 \u00a0 \u00a0 \u00a0 \u00a0DESSIN<\/strong><\/h4>\n<p>&nbsp;<\/p>\n<p>&nbsp;<\/p>\n<p style=\"font-weight: 400;\"><strong>Date<\/strong> : \u00a0\u00a0\u00a0\u00a0\u00a0\u00a0\u00a0\u00a0\u00a0\u00a0\u00a0\u00a0\u00a0\u00a0\u00a0\u00a0\u00a0\u00a0\u00a0\u00a0\u00a0\u00a0\u00a0\u00a0\u00a0\u00a0\u00a0\u00a0\u00a014 janvier 1968<\/p>\n<p>&nbsp;<\/p>\n<p>&nbsp;<\/p>\n<p style=\"font-weight: 400;\"><strong>Technique\u00a0: \u00a0 \u00a0 \u00a0 \u00a0 \u00a0 \u00a0 \u00a0 \u00a0 \u00a0\u00a0<\/strong>\u00a0Encre sur papier<\/p>\n<p>&nbsp;<\/p>\n<p>&nbsp;<\/p>\n<p style=\"font-weight: 400;\"><strong>Dimensions\u00a0:<\/strong>\u00a0 \u00a0 \u00a0 \u00a0 \u00a0 \u00a0 \u00a0 \u00a0 \u00a0 Hauteur\u00a0: 21 cm<\/p>\n<p style=\"font-weight: 400;\"><strong>\u00a0 \u00a0 \u00a0 \u00a0 \u00a0 \u00a0 \u00a0 \u00a0 \u00a0 \u00a0 \u00a0 \u00a0 \u00a0 \u00a0 \u00a0 \u00a0 \u00a0 \u00a0 \u00a0 \u00a0\u00a0<\/strong>Largeur\u00a0: 27 cm<\/p>\n<p style=\"font-weight: 400;\"><strong>\u00a0<\/strong><\/p>\n<p>&nbsp;<\/p>\n<p style=\"font-weight: 400;\"><strong>Commentaire<\/strong>\u00a0:<\/p>\n<p style=\"font-weight: 400;\">Dessin sign\u00e9 Robert Tatin et dat\u00e9 en haut 14 janvier 1968<\/p>\n<p>&nbsp;<\/p>\n<p>&nbsp;<\/p>\n[dt_button size=\"small\" style=\"default\" animation=\"none\" color_mode=\"default\" icon=\"\" icon_align=\"left\" color=\"\" link=\"mailto:gabrielle-laroche@wanadoo.fr?subject=90_bis_ROBERT_TATIN_Dessin\" target_blank=\"true\"]DEMANDE D&rsquo;INFORMATIONS[\/dt_button]\n<p>&nbsp;<\/p>\n<p><a href=\"\/fr\/contemporains\/\">Retour aux contemporains<\/a><\/p>\n","protected":false},"featured_media":8886,"template":"","meta":[],"product_brand":[],"product_cat":[106],"product_tag":[],"class_list":{"0":"post-8883","1":"product","2":"type-product","3":"status-publish","4":"has-post-thumbnail","6":"product_cat-robert-tatin-2","7":"description-off","9":"first","10":"instock","11":"shipping-taxable","12":"product-type-simple"},"aioseo_notices":[],"_links":{"self":[{"href":"https:\/\/www.gabrielle-laroche.com\/fr\/wp-json\/wp\/v2\/product\/8883","targetHints":{"allow":["GET"]}}],"collection":[{"href":"https:\/\/www.gabrielle-laroche.com\/fr\/wp-json\/wp\/v2\/product"}],"about":[{"href":"https:\/\/www.gabrielle-laroche.com\/fr\/wp-json\/wp\/v2\/types\/product"}],"wp:featuredmedia":[{"embeddable":true,"href":"https:\/\/www.gabrielle-laroche.com\/fr\/wp-json\/wp\/v2\/media\/8886"}],"wp:attachment":[{"href":"https:\/\/www.gabrielle-laroche.com\/fr\/wp-json\/wp\/v2\/media?parent=8883"}],"wp:term":[{"taxonomy":"product_brand","embeddable":true,"href":"https:\/\/www.gabrielle-laroche.com\/fr\/wp-json\/wp\/v2\/product_brand?post=8883"},{"taxonomy":"product_cat","embeddable":true,"href":"https:\/\/www.gabrielle-laroche.com\/fr\/wp-json\/wp\/v2\/product_cat?post=8883"},{"taxonomy":"product_tag","embeddable":true,"href":"https:\/\/www.gabrielle-laroche.com\/fr\/wp-json\/wp\/v2\/product_tag?post=8883"}],"curies":[{"name":"wp","href":"https:\/\/api.w.org\/{rel}","templated":true}]}}