

{"id":892,"date":"2021-03-25T17:00:18","date_gmt":"2021-03-25T16:00:18","guid":{"rendered":"http:\/\/mrplwpw.cluster030.hosting.ovh.net\/?post_type=product&#038;p=892"},"modified":"2022-03-24T12:50:09","modified_gmt":"2022-03-24T11:50:09","slug":"dalmatique","status":"publish","type":"product","link":"https:\/\/www.gabrielle-laroche.com\/fr\/product\/dalmatique\/","title":{"rendered":"DALMATIQUE"},"content":{"rendered":"<div class=\"wpb-content-wrapper\"><p>[vc_row][vc_column width=\u00a0\u00bb1\/2&Prime;][vc_column_text]<\/p>\n<p class=\"p1\" style=\"text-align: justify;\">Cette dalmatique, doubl\u00e9e de bougran bleue, se compose de deux brocatelles brod\u00e9e d\u2019un galon frang\u00e9 jaune et bleu.<\/p>\n<p class=\"p1\" style=\"text-align: justify;\">Les brocatelles pr\u00e9sentent ici un d\u00e9cor en application de grenades et de rinceaux ressortant par contraste sur le fond serg\u00e9 color\u00e9. L\u2019orfroi est ainsi taill\u00e9 dans une \u00e9toffe \u00e0 d\u00e9cor vert sur fond jaune citron. Il vient illuminer le reste du v\u00eatement en cama\u00efeu cr\u00e8me sur fond serg\u00e9 jaune safran.<\/p>\n<p class=\"p3\" style=\"text-align: justify;\">Les couleurs chatoyantes de notre dalmatique \u00e9voquent celles port\u00e9es par les anges dans les oeuvres de la Renaissance italienne. Serviteurs de Dieu, les anges arboraient le m\u00eame v\u00eatement liturgique que les pr\u00eatres et les diacres.<\/p>\n<p>[\/vc_column_text][\/vc_column][vc_column width=\u00a0\u00bb1\/2&Prime;][\/vc_column][\/vc_row]<\/p>\n<\/div>","protected":false},"excerpt":{"rendered":"<h4>DALMATIQUE<\/h4>\n<p>&nbsp;<\/p>\n<p>ORIGINE : ITALIE<br \/>\n\u00c9POQUE : XVIe SI\u00c8CLE<\/p>\n<p>&nbsp;<\/p>\n<p>Hauteur : 123 cm<br \/>\nLongueur : 147 cm<\/p>\n<p>&nbsp;<\/p>\n<p>&nbsp;<\/p>\n[dt_button size=\"small\" style=\"default\" animation=\"none\" color_mode=\"default\" icon=\"\" icon_align=\"left\" color=\"\" link=\"mailto:gabrielle-laroche@wanadoo.fr?subject=211_DALMATIQUE\" target_blank=\"true\"]DEMANDE D&rsquo;INFORMATIONS[\/dt_button]\n<p>&nbsp;<\/p>\n<p><a href=\"\/fr\/antiquites\/textile\/\">Retour aux textile<\/a><\/p>\n","protected":false},"featured_media":894,"template":"","meta":[],"product_brand":[],"product_cat":[38],"product_tag":[],"class_list":{"0":"post-892","1":"product","2":"type-product","3":"status-publish","4":"has-post-thumbnail","6":"product_cat-textile","7":"description-off","9":"first","10":"instock","11":"shipping-taxable","12":"product-type-simple"},"aioseo_notices":[],"_links":{"self":[{"href":"https:\/\/www.gabrielle-laroche.com\/fr\/wp-json\/wp\/v2\/product\/892","targetHints":{"allow":["GET"]}}],"collection":[{"href":"https:\/\/www.gabrielle-laroche.com\/fr\/wp-json\/wp\/v2\/product"}],"about":[{"href":"https:\/\/www.gabrielle-laroche.com\/fr\/wp-json\/wp\/v2\/types\/product"}],"wp:featuredmedia":[{"embeddable":true,"href":"https:\/\/www.gabrielle-laroche.com\/fr\/wp-json\/wp\/v2\/media\/894"}],"wp:attachment":[{"href":"https:\/\/www.gabrielle-laroche.com\/fr\/wp-json\/wp\/v2\/media?parent=892"}],"wp:term":[{"taxonomy":"product_brand","embeddable":true,"href":"https:\/\/www.gabrielle-laroche.com\/fr\/wp-json\/wp\/v2\/product_brand?post=892"},{"taxonomy":"product_cat","embeddable":true,"href":"https:\/\/www.gabrielle-laroche.com\/fr\/wp-json\/wp\/v2\/product_cat?post=892"},{"taxonomy":"product_tag","embeddable":true,"href":"https:\/\/www.gabrielle-laroche.com\/fr\/wp-json\/wp\/v2\/product_tag?post=892"}],"curies":[{"name":"wp","href":"https:\/\/api.w.org\/{rel}","templated":true}]}}