

{"id":896,"date":"2021-03-25T16:00:19","date_gmt":"2021-03-25T15:00:19","guid":{"rendered":"http:\/\/mrplwpw.cluster030.hosting.ovh.net\/?post_type=product&#038;p=896"},"modified":"2021-04-19T16:50:25","modified_gmt":"2021-04-19T14:50:25","slug":"robes-de-bapteme","status":"publish","type":"product","link":"https:\/\/www.gabrielle-laroche.com\/fr\/product\/robes-de-bapteme\/","title":{"rendered":"ROBES DE BAPT\u00caME"},"content":{"rendered":"<div class=\"wpb-content-wrapper\"><p>[vc_row][vc_column width=\u00a0\u00bb1\/2&Prime;][vc_column_text]<\/p>\n<p style=\"text-align: justify;\"><strong>ROBE DE BAPT\u00caME n\u00b01<\/strong><\/p>\n<p style=\"text-align: justify;\">Hauteur : 95 cm<\/p>\n<p style=\"text-align: justify;\">Dentelle fine sur tulle m\u00e9canique assembl\u00e9e en alternance, \u00e0 l\u2019horizontale avec un rang de tulle uni. Devant compos\u00e9 de deux volants de la m\u00eame dentelle pos\u00e9e \u00e0 la verticale. Les manches sont longues, en tulle et m\u00eame dentelle.<br \/>\nSans fond de robe.<br \/>\nLa l\u00e9g\u00e8ret\u00e9 du motif de la dentelle et la coupe de la robe en font un mod\u00e8le tr\u00e8s raffin\u00e9.<\/p>\n<p>&nbsp;<\/p>\n<p style=\"text-align: justify;\"><strong>ROBE DE BAPT\u00caME n\u00b02<\/strong><\/p>\n<p style=\"text-align: justify;\">Hauteur : 120 cm<br \/>\nMantelet : hauteur : 35 cm<\/p>\n<p style=\"text-align: justify;\">En tulle brod\u00e9 \u00e0 d\u00e9cor vari\u00e9 : couronnes de satin de soie cr\u00e8me. Puis rameaux fleuris et longues feuilles crant\u00e9es sont brod\u00e9s sur le tulle en fils de lin blanc (points plat et de bourdon). Le corsage, tr\u00e8s ouvrag\u00e9 sur le devant en bandes horizontales, porte des manches ballon, brod\u00e9es au ruban. Un large ourlet porte un d\u00e9cor de longues feuilles crant\u00e9es. Un mantelet, tr\u00e8s d\u00e9licat, de forme semi-circulaire, est compos\u00e9 de dentelle appel\u00e9e \u00ab frivolit\u00e9 \u00bb, il est bord\u00e9 de petites roses en rubans de mousseline ou de satin rose. Un volant pliss\u00e9 garnit le p\u00e9rim\u00e8tre avec un d\u00e9cor en chenille verte et cr\u00e8me. Le mantelet est doubl\u00e9 de mousseline rose. Le tour du cou est garni de 8 boucles tombantes, de rubans de satin et chenille.<\/p>\n<p>[\/vc_column_text][\/vc_column][vc_column width=\u00a0\u00bb1\/2&Prime;][\/vc_column][\/vc_row]<\/p>\n<\/div>","protected":false},"excerpt":{"rendered":"<h4>ROBES DE BAPT\u00caME<\/h4>\n<p>&nbsp;<\/p>\n<p>ORIGINE : FRANCE<br \/>\n\u00c9POQUE : XIXe SI\u00c8CLE<\/p>\n<p>&nbsp;<\/p>\n<p>&nbsp;<\/p>\n[dt_button size=\"small\" style=\"default\" animation=\"none\" color_mode=\"default\" icon=\"\" icon_align=\"left\" color=\"\" link=\"mailto:gabrielle-laroche@wanadoo.fr?subject=246_ROBES DE BAPT\u00caME\" target_blank=\"true\"]DEMANDE D&rsquo;INFORMATIONS[\/dt_button]\n<p>&nbsp;<\/p>\n<p><a href=\"\/fr\/antiquites\/textile\/\">Retour aux textile<\/a><\/p>\n","protected":false},"featured_media":4014,"template":"","meta":[],"product_brand":[],"product_cat":[38],"product_tag":[],"class_list":{"0":"post-896","1":"product","2":"type-product","3":"status-publish","4":"has-post-thumbnail","6":"product_cat-textile","7":"description-off","9":"first","10":"instock","11":"shipping-taxable","12":"product-type-simple"},"aioseo_notices":[],"_links":{"self":[{"href":"https:\/\/www.gabrielle-laroche.com\/fr\/wp-json\/wp\/v2\/product\/896","targetHints":{"allow":["GET"]}}],"collection":[{"href":"https:\/\/www.gabrielle-laroche.com\/fr\/wp-json\/wp\/v2\/product"}],"about":[{"href":"https:\/\/www.gabrielle-laroche.com\/fr\/wp-json\/wp\/v2\/types\/product"}],"wp:featuredmedia":[{"embeddable":true,"href":"https:\/\/www.gabrielle-laroche.com\/fr\/wp-json\/wp\/v2\/media\/4014"}],"wp:attachment":[{"href":"https:\/\/www.gabrielle-laroche.com\/fr\/wp-json\/wp\/v2\/media?parent=896"}],"wp:term":[{"taxonomy":"product_brand","embeddable":true,"href":"https:\/\/www.gabrielle-laroche.com\/fr\/wp-json\/wp\/v2\/product_brand?post=896"},{"taxonomy":"product_cat","embeddable":true,"href":"https:\/\/www.gabrielle-laroche.com\/fr\/wp-json\/wp\/v2\/product_cat?post=896"},{"taxonomy":"product_tag","embeddable":true,"href":"https:\/\/www.gabrielle-laroche.com\/fr\/wp-json\/wp\/v2\/product_tag?post=896"}],"curies":[{"name":"wp","href":"https:\/\/api.w.org\/{rel}","templated":true}]}}