

{"id":9005,"date":"2021-03-31T12:00:25","date_gmt":"2021-03-31T10:00:25","guid":{"rendered":"https:\/\/www.gabrielle-laroche.com\/?post_type=product&#038;p=9005"},"modified":"2025-03-25T15:21:38","modified_gmt":"2025-03-25T14:21:38","slug":"vierge-en-majeste-sedes-sapientiae-dite-trone-de-sagesse-en-bois-sculpte-2","status":"publish","type":"product","link":"https:\/\/www.gabrielle-laroche.com\/fr\/product\/vierge-en-majeste-sedes-sapientiae-dite-trone-de-sagesse-en-bois-sculpte-2\/","title":{"rendered":"VIERGE EN MAJEST\u00c9 \u00ab SEDES SAPIENTIAE \u00bb  DITE TR\u00d4NE DE SAGESSE EN BOIS SCULPT\u00c9"},"content":{"rendered":"<div class=\"wpb-content-wrapper\"><p>[vc_row][vc_column width=\u00a0\u00bb1\/2&Prime;][vc_column_text]<\/p>\n<p style=\"text-align: justify;\">Les Vierges \u00e0 l\u2019Enfant en Majest\u00e9 furent un th\u00e8me iconographique particuli\u00e8rement important durant l\u2019\u00e9poque m\u00e9di\u00e9vale. Les p\u00e8lerinages encourag\u00e8rent leur d\u00e9veloppement tout en diffusant les mod\u00e8les. On en retrouve tant en France, qu\u2019en Allemagne, en Belgique, en Scandinavie, en Angleterre, en Italie, en Espagne\u2026<\/p>\n<p style=\"text-align: justify;\">Au milieu du XIIe si\u00e8cle, la Vierge prend place dans les \u00e9glises, si\u00e9geant en Majest\u00e9, servant de tr\u00f4ne \u00e0 son fils J\u00e9sus. Elle est alors dite Sedes Sapientiae soit tr\u00f4ne de Sagesse.<span class=\"Apple-converted-space\">\u00a0<\/span><\/p>\n<p style=\"text-align: justify;\">Elle n\u2019est alors pas repr\u00e9sent\u00e9e pour elle-m\u00eame, et n\u2019a d\u2019existence que parce qu\u2019elle a \u00e9t\u00e9 d\u00e9sign\u00e9e comme\u00a0Theotokos, m\u00e8re de Dieu, au concile d\u2019Eph\u00e8se en 431 o\u00f9 a \u00e9t\u00e9 proclam\u00e9e la nature divine du Christ d\u00e8s sa naissance.<\/p>\n<p style=\"text-align: justify;\">Cette Vierge \u00e0 l&rsquo;Enfant assise sur un tr\u00f4ne dont on aper\u00e7oit le montant droit, pr\u00e9sente l&rsquo;Enfant J\u00e9sus qu&rsquo;elle tient de sa main gauche, assis sur son genou gauche, en position frontale.<\/p>\n<p style=\"text-align: justify;\">Elle est v\u00eatue d\u2019une robe \u00e0 la simple encolure arrondie.<span class=\"Apple-converted-space\">\u00a0<\/span><\/p>\n<p style=\"text-align: justify;\">La Vierge couronn\u00e9e au visage fin, au nez droit, \u00e0 la bouche menue, porte un voile court plac\u00e9 tr\u00e8s haut sur le front et rejet\u00e9 \u00e0 l&rsquo;arri\u00e8re des \u00e9paules.<span class=\"Apple-converted-space\">\u00a0<\/span><\/p>\n<p style=\"text-align: justify;\">L&rsquo;Enfant couronn\u00e9 porte une longue tunique.<\/p>\n<p style=\"text-align: justify;\">La position de l&rsquo;Enfant n&rsquo;est plus aussi hi\u00e9ratique, ni frontale qu&rsquo;au d\u00e9but du XIIe si\u00e8cle mais son visage reste dirig\u00e9 vers les fid\u00e8les. De plus, \u00e0 partir du XIIIe si\u00e8cle, l\u2019Enfant va se positionner sur le c\u00f4t\u00e9.<\/p>\n<p style=\"text-align: justify;\">L&rsquo;identit\u00e9 des visages de l&rsquo;Enfant J\u00e9sus et de sa m\u00e8re indique, par la ressemblance, la notion de descendance et par l&rsquo;\u00e2ge avanc\u00e9 de l&rsquo;Enfant, sa pr\u00e9existence par rapport \u00e0 celle de sa m\u00e8re. On peut constater la similitude des deux profils et celle des regards.<span class=\"Apple-converted-space\">\u00a0<\/span><\/p>\n<p style=\"text-align: justify;\">Cette Vierge \u00e0 l\u2019Enfant appara\u00eet ainsi comme une tr\u00e8s belle r\u00e9alisation de l\u2019art du d\u00e9but du XIIIe si\u00e8cle.<span class=\"Apple-converted-space\">\u00a0<\/span><\/p>\n<p>&nbsp;<\/p>\n<p style=\"text-align: justify;\"><strong>Bibliographie :<\/strong><\/p>\n<p style=\"text-align: justify;\">Jacqueline Boccador, Edouard Bresset, <em>Statuaire m\u00e9di\u00e9vale de collection,<\/em> tome I, Les clefs du temps, 1972<\/p>\n<p style=\"text-align: justify;\">Ilene H. Forsyth, <em>The Throne of Wisdom\u00a0: Wood sculptures of the Madonna in Romanesque France<\/em>, Princeton University Press, 1972<\/p>\n<p style=\"text-align: justify;\">Galienne Francastel, <em>Le droit au tr\u00f4ne, un probl\u00e8me de pr\u00e9\u00e9minence dans l\u2019art chr\u00e9tien d\u2019Occident du IVe au XIIe s<\/em>, Paris, Klincksieck, 1973<\/p>\n<p>[\/vc_column_text][vc_empty_space][\/vc_column][vc_column width=\u00a0\u00bb1\/2&Prime;][vc_empty_space][\/vc_column][\/vc_row]<\/p>\n<\/div>","protected":false},"excerpt":{"rendered":"<h4 class=\"p1\">VIERGE EN MAJEST\u00c9 \u00ab SEDES SAPIENTIAE \u00bb DITE TR\u00d4NE DE SAGESSE EN BOIS SCULPT\u00c9<\/h4>\n<p>&nbsp;<\/p>\n<p class=\"p1\"><b>ORIGINE : CENTRE DE LA FRANCE<\/b><\/p>\n<p class=\"p3\"><b>EPOQUE :\u00a0<\/b><strong>D\u00c9BUT DU XIIIe SI\u00c8CLE<\/strong><\/p>\n<p>&nbsp;<\/p>\n<p>Hauteur : 97 cm<\/p>\n<p>Largeur : 30 cm<\/p>\n<p>Profondeur\u00a0: 20 cm<\/p>\n<p>&nbsp;<\/p>\n<p>Bois<\/p>\n<p>Dos \u00e9vid\u00e9<\/p>\n<p>&nbsp;<\/p>\n<p>&nbsp;<\/p>\n[dt_button size=\"small\" style=\"default\" animation=\"none\" color_mode=\"default\" icon=\"\" icon_align=\"left\" color=\"\" link=\"mailto:gabrielle-laroche@wanadoo.fr?subject=129_VIERGE_EN_MAJEST\u00c9_SEDES_SAPIENTIAE_DITE_TR\u00d4NE_DE_SAGESSE_EN_BOIS_SCULPT\u00c9\" target_blank=\"true\"]DEMANDE D&rsquo;INFORMATIONS[\/dt_button]\n<p>&nbsp;<\/p>\n<p><a href=\"\/fr\/antiquites\/sculpture\/\">Retour aux sculptures<\/a><\/p>\n<p>&nbsp;<\/p>\n","protected":false},"featured_media":11096,"template":"","meta":[],"product_brand":[],"product_cat":[32],"product_tag":[],"class_list":{"0":"post-9005","1":"product","2":"type-product","3":"status-publish","4":"has-post-thumbnail","6":"product_cat-sculptures","7":"description-off","9":"first","10":"instock","11":"shipping-taxable","12":"product-type-simple"},"aioseo_notices":[],"_links":{"self":[{"href":"https:\/\/www.gabrielle-laroche.com\/fr\/wp-json\/wp\/v2\/product\/9005","targetHints":{"allow":["GET"]}}],"collection":[{"href":"https:\/\/www.gabrielle-laroche.com\/fr\/wp-json\/wp\/v2\/product"}],"about":[{"href":"https:\/\/www.gabrielle-laroche.com\/fr\/wp-json\/wp\/v2\/types\/product"}],"wp:featuredmedia":[{"embeddable":true,"href":"https:\/\/www.gabrielle-laroche.com\/fr\/wp-json\/wp\/v2\/media\/11096"}],"wp:attachment":[{"href":"https:\/\/www.gabrielle-laroche.com\/fr\/wp-json\/wp\/v2\/media?parent=9005"}],"wp:term":[{"taxonomy":"product_brand","embeddable":true,"href":"https:\/\/www.gabrielle-laroche.com\/fr\/wp-json\/wp\/v2\/product_brand?post=9005"},{"taxonomy":"product_cat","embeddable":true,"href":"https:\/\/www.gabrielle-laroche.com\/fr\/wp-json\/wp\/v2\/product_cat?post=9005"},{"taxonomy":"product_tag","embeddable":true,"href":"https:\/\/www.gabrielle-laroche.com\/fr\/wp-json\/wp\/v2\/product_tag?post=9005"}],"curies":[{"name":"wp","href":"https:\/\/api.w.org\/{rel}","templated":true}]}}