

{"id":902,"date":"2021-03-25T16:30:57","date_gmt":"2021-03-25T15:30:57","guid":{"rendered":"http:\/\/mrplwpw.cluster030.hosting.ovh.net\/?post_type=product&#038;p=902"},"modified":"2021-04-19T16:45:07","modified_gmt":"2021-04-19T14:45:07","slug":"devant-de-chasuble-a-orfroi","status":"publish","type":"product","link":"https:\/\/www.gabrielle-laroche.com\/fr\/product\/devant-de-chasuble-a-orfroi\/","title":{"rendered":"DEVANT DE CHASUBLE \u00c0 ORFROI"},"content":{"rendered":"<div class=\"wpb-content-wrapper\"><p>[vc_row][vc_column width=\u00a0\u00bb1\/2&Prime;][vc_column_text]<\/p>\n<p style=\"text-align: justify;\">Saint Jean Baptiste et Saint Nicolas sont tous deux repr\u00e9sent\u00e9s dans une arcade au ciel \u00e9toil\u00e9 \u00e0 fond rouge.<\/p>\n<p style=\"text-align: justify;\">Travail de broderie d\u2019or et d\u2019argent au point couch\u00e9. Un cordonnet d\u2019argent finit les contours qui parfois sont doubl\u00e9s d\u2019un cordonnet noir suppl\u00e9mentaire.<\/p>\n<p style=\"text-align: justify;\">L\u2019arri\u00e8re plan, sous les arcades est rafra\u00eechi avec une application de tissu brod\u00e9 d\u2019\u00e9toiles, le v\u00eatement de Saint Jean Baptiste est tr\u00e8s us\u00e9.<\/p>\n<p style=\"text-align: justify;\">Un galon d\u2019or du XVIIIe si\u00e8cle d\u00e9limite l\u2019orfroi de l\u2019\u00e9toffe de la chasuble.<\/p>\n<p style=\"text-align: justify;\">L\u2019\u00e9toffe de la chasuble est un lampas broch\u00e9 de fils fris\u00e9s argent. Il repr\u00e9sente des guirlandes sinueuses de verdures et de fleurs stylis\u00e9es, aux couleurs dominantes de vert et de rose abricot, sur fond lam\u00e9 d\u2019argent.<br \/>\nDoublure de lin ros\u00e9-rouge encore pr\u00e9sente.<\/p>\n<p style=\"text-align: justify;\">Devant de chasuble, sur fond en brocard lam\u00e9 et listonn\u00e9 d&rsquo;or et d&rsquo;argent \u00e0 ramages verts et roses. La croix est brod\u00e9e de soie et d&rsquo;or et d\u00e9cor\u00e9e d&rsquo;applications polychromes.<\/p>\n<p style=\"text-align: justify;\">Le bandeau repr\u00e9sente Saint Jean et un Saint \u00e9v\u00eaque.<\/p>\n<p>[\/vc_column_text][\/vc_column][vc_column width=\u00a0\u00bb1\/2&Prime;][\/vc_column][\/vc_row]<\/p>\n<\/div>","protected":false},"excerpt":{"rendered":"<h4>DEVANT DE CHASUBLE \u00c0 ORFROI<\/h4>\n<p>&nbsp;<\/p>\n<p>ORIGINE : FRANCE<br \/>\n\u00c9POQUE : XVIe SI\u00c8CLE<\/p>\n<p>Hauteur : 88 cm<br \/>\nLargeur : 66 cm<\/p>\n<p>&nbsp;<\/p>\n<p>&nbsp;<\/p>\n[dt_button size=\"small\" style=\"default\" animation=\"none\" color_mode=\"default\" icon=\"\" icon_align=\"left\" color=\"\" link=\"mailto:gabrielle-laroche@wanadoo.fr?subject=212_DEVANT DE CHASUBLE \u00c0 ORFROI\" target_blank=\"true\"]DEMANDE D&rsquo;INFORMATIONS[\/dt_button]\n<p>&nbsp;<\/p>\n<p><a href=\"\/fr\/antiquites\/textile\/\">Retour aux textile<\/a><\/p>\n","protected":false},"featured_media":904,"template":"","meta":[],"product_brand":[],"product_cat":[38],"product_tag":[],"class_list":{"0":"post-902","1":"product","2":"type-product","3":"status-publish","4":"has-post-thumbnail","6":"product_cat-textile","7":"description-off","9":"first","10":"instock","11":"shipping-taxable","12":"product-type-simple"},"aioseo_notices":[],"_links":{"self":[{"href":"https:\/\/www.gabrielle-laroche.com\/fr\/wp-json\/wp\/v2\/product\/902","targetHints":{"allow":["GET"]}}],"collection":[{"href":"https:\/\/www.gabrielle-laroche.com\/fr\/wp-json\/wp\/v2\/product"}],"about":[{"href":"https:\/\/www.gabrielle-laroche.com\/fr\/wp-json\/wp\/v2\/types\/product"}],"wp:featuredmedia":[{"embeddable":true,"href":"https:\/\/www.gabrielle-laroche.com\/fr\/wp-json\/wp\/v2\/media\/904"}],"wp:attachment":[{"href":"https:\/\/www.gabrielle-laroche.com\/fr\/wp-json\/wp\/v2\/media?parent=902"}],"wp:term":[{"taxonomy":"product_brand","embeddable":true,"href":"https:\/\/www.gabrielle-laroche.com\/fr\/wp-json\/wp\/v2\/product_brand?post=902"},{"taxonomy":"product_cat","embeddable":true,"href":"https:\/\/www.gabrielle-laroche.com\/fr\/wp-json\/wp\/v2\/product_cat?post=902"},{"taxonomy":"product_tag","embeddable":true,"href":"https:\/\/www.gabrielle-laroche.com\/fr\/wp-json\/wp\/v2\/product_tag?post=902"}],"curies":[{"name":"wp","href":"https:\/\/api.w.org\/{rel}","templated":true}]}}