

{"id":9039,"date":"2000-01-17T17:48:48","date_gmt":"2000-01-17T16:48:48","guid":{"rendered":"https:\/\/www.gabrielle-laroche.com\/?post_type=product&#038;p=9039"},"modified":"2023-05-20T15:45:57","modified_gmt":"2023-05-20T13:45:57","slug":"bois-sculpte-representant-la-descente-de-croix","status":"publish","type":"product","link":"https:\/\/www.gabrielle-laroche.com\/fr\/product\/bois-sculpte-representant-la-descente-de-croix\/","title":{"rendered":"BOIS SCULPT\u00c9 REPR\u00c9SENTANT LA DESCENTE DE CROIX"},"content":{"rendered":"<div class=\"wpb-content-wrapper\"><p>[vc_row][vc_column width=\u00a0\u00bb1\/2&Prime;][vc_column_text]<\/p>\n<p style=\"font-weight: 400; text-align: justify;\">La\u00a0Descente de Croix\u00a0est un th\u00e8me iconographique tr\u00e8s populaire. L\u2019instant est particuli\u00e8rement \u00e9mouvant\u00a0: au soir de sa mort, le corps du Christ est d\u00e9tach\u00e9 de la croix par ses proches. Si les\u00a0\u00c9vangiles, apr\u00e8s la \u00a0mort de J\u00e9sus, s&rsquo;\u00e9tendent sur sa\u00a0mise au tombeau\u00a0par\u00a0Joseph d&rsquo;Arimathie\u00a0et\u00a0Nicod\u00e8me, ils ne disent rien \u00e0 propos de la descente de son corps de la croix.<\/p>\n<p style=\"font-weight: 400; text-align: justify;\">Ce th\u00e8me inspira n\u00e9anmoins tr\u00e8s t\u00f4t, de nombreux artistes.<\/p>\n<p style=\"font-weight: 400; text-align: justify;\"><strong>\u00a0<\/strong>Le bois sculpt\u00e9 que nous pr\u00e9sentons dispose quatre personnages, chacun ayant un r\u00f4le pr\u00e9cis dans cette lourde t\u00e2che.<\/p>\n<p style=\"font-weight: 400; text-align: justify;\">Ainsi, en haut \u00e0 gauche, Joseph d\u2019Arimathie, reconnaissable \u00e0 son chapeau \u00e0 enroulements, signe de sa grande richesse, enl\u00e8ve \u00e0 l\u2019aide d\u2019une pince, le clou enfonc\u00e9 dans la main\u00a0 droite de J\u00e9sus.<\/p>\n<p style=\"font-weight: 400; text-align: justify;\">Deux \u00e9chelles sont dispos\u00e9es de part et d\u2019autre de la croix, permettant aux trois autres personnages de descendre d\u00e9licatement le corps du Christ.<\/p>\n<p style=\"font-weight: 400; text-align: justify;\">Le mont Golgotha, que l\u2019on peut traduire par \u00ab\u00a0Lieu du cr\u00e2ne\u00a0\u00bb est figur\u00e9 par deux petits arbustes aux feuillages typiquement trait\u00e9 \u00e0 la mani\u00e8re allemande. Un cr\u00e2ne est sculpt\u00e9 \u00e0 la base de la croix rappelant le caract\u00e8re tragique de ce lieu.<\/p>\n<p style=\"font-weight: 400; text-align: justify;\">La composition pyramidale est ax\u00e9e sur un jeu de diagonales rendu visible par les deux \u00e9chelles, accentuant le lent mouvement de la d\u00e9scente du corps.<strong>\u00a0<\/strong><\/p>\n<p style=\"font-weight: 400; text-align: justify;\">Ce bel \u00e9l\u00e9ment de sculpture allemande provient tr\u00e8s certainement d\u2019un ensemble plus important formant un retable. Ce th\u00e8me et son traitement dramatique s\u2019inscrivent dans les directives du Concile de Trente (1545-1563), qui engage \u00e0 favoriser l\u2019empathie du fid\u00e8le face \u00e0 la vie du Christ, de son enfance jusqu\u2019\u00e0 sa Passion.<\/p>\n<p>[\/vc_column_text][vc_empty_space][\/vc_column][vc_column width=\u00a0\u00bb1\/2&Prime;][vc_empty_space][\/vc_column][\/vc_row]<\/p>\n<\/div>","protected":false},"excerpt":{"rendered":"<div><b><span lang=\"EN-GB\">BOIS SCULPT\u00c9 REPR\u00c9SENTANT LA DESCENTE DE CROIX<\/span><\/b><\/div>\n<div><\/div>\n<div><\/div>\n<p>&nbsp;<\/p>\n<p class=\"p1\"><b>ORIGINE : ALLEMAGNE\u00a0<\/b><\/p>\n<p class=\"p3\"><b>EPOQUE : XVIe SI\u00c8CLE<\/b><\/p>\n<p>&nbsp;<\/p>\n<p>&nbsp;<\/p>\n<p class=\"p1\">Hauteur\u00a0: 58 cm<\/p>\n<p class=\"p1\">Largeur\u00a0: 40 cm<\/p>\n<p class=\"p1\">Profondeur : 4 cm \u00a0 \u00a0 \u00a0<span class=\"Apple-converted-space\">\u00a0<\/span><\/p>\n<p>&nbsp;<\/p>\n<p class=\"p2\">Bois de noyer<\/p>\n<p>&nbsp;<\/p>\n<p>&nbsp;<\/p>\n[dt_button size=\"small\" style=\"default\" animation=\"none\" color_mode=\"default\" icon=\"\" icon_align=\"left\" color=\"\" link=\"mailto:gabrielle-laroche@wanadoo.fr?subject=147_<span lang=\"EN-GB\">BOIS_SCULPT\u00c9_REPR\u00c9SENTANT_LA_DESCENTE_DE_CROIX<\/span>\" target_blank=\"true\"]DEMANDE D&rsquo;INFORMATIONS[\/dt_button]\n<p>&nbsp;<\/p>\n<p><a href=\"\/fr\/antiquites\/mobilier\/meubles\/\">Retour aux meubles<\/a><\/p>\n","protected":false},"featured_media":9040,"template":"","meta":[],"product_brand":[],"product_cat":[17],"product_tag":[],"class_list":{"0":"post-9039","1":"product","2":"type-product","3":"status-publish","4":"has-post-thumbnail","6":"product_cat-uncategorized","7":"description-off","9":"first","10":"instock","11":"shipping-taxable","12":"product-type-simple"},"aioseo_notices":[],"_links":{"self":[{"href":"https:\/\/www.gabrielle-laroche.com\/fr\/wp-json\/wp\/v2\/product\/9039","targetHints":{"allow":["GET"]}}],"collection":[{"href":"https:\/\/www.gabrielle-laroche.com\/fr\/wp-json\/wp\/v2\/product"}],"about":[{"href":"https:\/\/www.gabrielle-laroche.com\/fr\/wp-json\/wp\/v2\/types\/product"}],"wp:featuredmedia":[{"embeddable":true,"href":"https:\/\/www.gabrielle-laroche.com\/fr\/wp-json\/wp\/v2\/media\/9040"}],"wp:attachment":[{"href":"https:\/\/www.gabrielle-laroche.com\/fr\/wp-json\/wp\/v2\/media?parent=9039"}],"wp:term":[{"taxonomy":"product_brand","embeddable":true,"href":"https:\/\/www.gabrielle-laroche.com\/fr\/wp-json\/wp\/v2\/product_brand?post=9039"},{"taxonomy":"product_cat","embeddable":true,"href":"https:\/\/www.gabrielle-laroche.com\/fr\/wp-json\/wp\/v2\/product_cat?post=9039"},{"taxonomy":"product_tag","embeddable":true,"href":"https:\/\/www.gabrielle-laroche.com\/fr\/wp-json\/wp\/v2\/product_tag?post=9039"}],"curies":[{"name":"wp","href":"https:\/\/api.w.org\/{rel}","templated":true}]}}