

{"id":906,"date":"2021-03-25T17:30:00","date_gmt":"2021-03-25T16:30:00","guid":{"rendered":"http:\/\/mrplwpw.cluster030.hosting.ovh.net\/?post_type=product&#038;p=906"},"modified":"2021-04-19T16:45:49","modified_gmt":"2021-04-19T14:45:49","slug":"voile-de-calice-punto-tagliato","status":"publish","type":"product","link":"https:\/\/www.gabrielle-laroche.com\/fr\/product\/voile-de-calice-punto-tagliato\/","title":{"rendered":"VOILE DE CALICE PUNTO TAGLIATO"},"content":{"rendered":"<div class=\"wpb-content-wrapper\"><p>[vc_row][vc_column width=\u00a0\u00bb1\/2&Prime;][vc_column_text]<\/p>\n<p style=\"text-align: justify;\">Ce voile de calice form\u00e9 de neuf \u00e9l\u00e9ments carr\u00e9s r\u00e9unis par une broderie, d\u00e9cor\u00e9s de motifs v\u00e9g\u00e9taux et g\u00e9om\u00e9triques est ponctu\u00e9 en son centre par une inscription latine IHS. Ils sont ex\u00e9cut\u00e9s au <em>punto tagliato<\/em> ou point coup\u00e9. Ce dernier n&rsquo;est pas une dentelle. Il est r\u00e9alis\u00e9 sur un support pr\u00e9alable et permanent, la toile. On coupe celle-ci en autant d&rsquo;endroits que l&rsquo;on d\u00e9sire, pour obtenir des vides. On consolide les contours des ouvertures, ainsi r\u00e9alis\u00e9es \u00e0 l&rsquo;aide d&rsquo;un point surjet ou de boutonni\u00e8re. Ici les deux bords de ces ouvertures sont ensuite retenues par un point de chainette au fil d&rsquo;or.<\/p>\n<p style=\"text-align: justify;\">L&rsquo;id\u00e9e de cr\u00e9er un vide qui appara\u00eet ici, est une id\u00e9e audacieuse promise \u00e0 un grand succ\u00e8s qui appara\u00eet au XVIe si\u00e8cle. C&rsquo;est la premi\u00e8re d\u00e9marche esth\u00e9tique indispensable au d\u00e9veloppement de la dentelle.<\/p>\n<p style=\"text-align: justify;\">Un voile similaire figure dans l&rsquo;ancienne collection <em>Spink and Son<\/em>, Londres, aujourd&rsquo;hui collection particuli\u00e8re.<\/p>\n<p>[\/vc_column_text][\/vc_column][vc_column width=\u00a0\u00bb1\/2&Prime;][\/vc_column][\/vc_row]<\/p>\n<\/div>","protected":false},"excerpt":{"rendered":"<h4>VOILE DE CALICE PUNTO TAGLIATO<\/h4>\n<p>&nbsp;<\/p>\n<p>ORIGINE : ITALIE, VENISE<br \/>\n\u00c9POQUE : XVIe SI\u00c8CLE<\/p>\n<p>&nbsp;<\/p>\n<p>Largeur : 61.5 cm<\/p>\n<p>&nbsp;<\/p>\n<p>&nbsp;<\/p>\n[dt_button size=\"small\" style=\"default\" animation=\"none\" color_mode=\"default\" icon=\"\" icon_align=\"left\" color=\"\" link=\"mailto:gabrielle-laroche@wanadoo.fr?subject=237_VOILE DE CALICE PUNTO TAGLIATO\" target_blank=\"true\"]DEMANDE D&rsquo;INFORMATIONS[\/dt_button]\n<p>&nbsp;<\/p>\n<p><a href=\"\/fr\/antiquites\/textile\/\">Retour aux textile<\/a><\/p>\n","protected":false},"featured_media":4010,"template":"","meta":[],"product_brand":[],"product_cat":[38],"product_tag":[],"class_list":{"0":"post-906","1":"product","2":"type-product","3":"status-publish","4":"has-post-thumbnail","6":"product_cat-textile","7":"description-off","9":"first","10":"instock","11":"shipping-taxable","12":"product-type-simple"},"aioseo_notices":[],"_links":{"self":[{"href":"https:\/\/www.gabrielle-laroche.com\/fr\/wp-json\/wp\/v2\/product\/906","targetHints":{"allow":["GET"]}}],"collection":[{"href":"https:\/\/www.gabrielle-laroche.com\/fr\/wp-json\/wp\/v2\/product"}],"about":[{"href":"https:\/\/www.gabrielle-laroche.com\/fr\/wp-json\/wp\/v2\/types\/product"}],"wp:featuredmedia":[{"embeddable":true,"href":"https:\/\/www.gabrielle-laroche.com\/fr\/wp-json\/wp\/v2\/media\/4010"}],"wp:attachment":[{"href":"https:\/\/www.gabrielle-laroche.com\/fr\/wp-json\/wp\/v2\/media?parent=906"}],"wp:term":[{"taxonomy":"product_brand","embeddable":true,"href":"https:\/\/www.gabrielle-laroche.com\/fr\/wp-json\/wp\/v2\/product_brand?post=906"},{"taxonomy":"product_cat","embeddable":true,"href":"https:\/\/www.gabrielle-laroche.com\/fr\/wp-json\/wp\/v2\/product_cat?post=906"},{"taxonomy":"product_tag","embeddable":true,"href":"https:\/\/www.gabrielle-laroche.com\/fr\/wp-json\/wp\/v2\/product_tag?post=906"}],"curies":[{"name":"wp","href":"https:\/\/api.w.org\/{rel}","templated":true}]}}