

{"id":9124,"date":"2021-03-29T10:15:30","date_gmt":"2021-03-29T08:15:30","guid":{"rendered":"https:\/\/www.gabrielle-laroche.com\/?post_type=product&#038;p=9124"},"modified":"2023-08-03T14:13:11","modified_gmt":"2023-08-03T12:13:11","slug":"exceptionnel-miroir-italien-du-xviie-siecle","status":"publish","type":"product","link":"https:\/\/www.gabrielle-laroche.com\/fr\/product\/exceptionnel-miroir-italien-du-xviie-siecle\/","title":{"rendered":"EXCEPTIONNEL MIROIR ITALIEN DU XVIIe SI\u00c8CLE"},"content":{"rendered":"<div class=\"wpb-content-wrapper\"><p>[vc_row][vc_column width=\u00a0\u00bb1\/2&Prime;][vc_column_text]<\/p>\n<p style=\"text-align: justify;\">Le cadre de cet exceptionnel miroir en bois dor\u00e9 est richement sculpt\u00e9 de guirlandes de fleurs entrelac\u00e9es et de feuilles d\u2019acanthes en volute.<span class=\"Apple-converted-space\">\u00a0<\/span><\/p>\n<p style=\"text-align: justify;\">Ce d\u00e9cor v\u00e9g\u00e9tal est compl\u00e9t\u00e9 aux angles par quatre putti qui illustrent le th\u00e8me des Quatre Saisons.<\/p>\n<p style=\"text-align: justify;\">En effet, aux quatre coins du cadre sont sculpt\u00e9s des putti dont les attributs \u00e9voquent chacun une saison. Ainsi, en haut \u00e0 droite, le printemps tient dans ses bras une gerbe de bl\u00e9. L\u2019\u00e9t\u00e9 est repr\u00e9sent\u00e9 avec une guirlande de fleurs. \u00a0L\u2019Automne pr\u00e9sente une grappe de raisin et une coupe de vin. Enfin, en bas \u00e0 droite, l\u2019hiver, la t\u00eate couverte d\u2019un pan de son manteau se r\u00e9chauffe aupr\u00e8s d\u2019un brasero.<span class=\"Apple-converted-space\">\u00a0<\/span><\/p>\n<p style=\"text-align: justify;\">Au centre de la partie inf\u00e9rieure est sculpt\u00e9 un mascaron f\u00e9minin aux traits d\u00e9licats.<span class=\"Apple-converted-space\">\u00a0<\/span><\/p>\n<p style=\"text-align: justify;\">Sur le fronton se trouve un autre putti musicien jouant de la lyre.<\/p>\n<p style=\"text-align: justify;\">Ce miroir est par son ornementation et sa structure tout \u00e0 fait typique de l\u2019art baroque de la fin du XVIIe si\u00e8cle.<span class=\"Apple-converted-space\">\u00a0<\/span><\/p>\n<p>[\/vc_column_text][vc_empty_space][\/vc_column][vc_column width=\u00a0\u00bb1\/2&Prime;][vc_empty_space][\/vc_column][\/vc_row]<\/p>\n<\/div>","protected":false},"excerpt":{"rendered":"<p><b>EXCEPTIONNEL MIROIR ITALIEN DU XVIIe SI\u00c8CLE<\/b><\/p>\n<p>&nbsp;<\/p>\n<p style=\"font-weight: 400;\"><strong>ORIGINE : <\/strong>ROME, ITALIE<\/p>\n<p><strong>\u00c9POQUE\u00a0: <\/strong>XVIIe SI\u00c8CLE<\/p>\n<p>&nbsp;<\/p>\n<p style=\"font-weight: 400;\"><strong>Hauteur<\/strong>\u00a0: 33 cm<\/p>\n<p><strong>Hauteur\u00a0<\/strong>: \u00a0170 cm<\/p>\n<p><strong>Largeur\u00a0<\/strong>: 100 cm<\/p>\n<p style=\"font-weight: 400;\"><strong>\u00a0<\/strong><\/p>\n<p class=\"p1\">\u00a0 \u00a0\u00a0<span class=\"Apple-converted-space\">\u00a0<\/span><\/p>\n<p>&nbsp;<\/p>\n[dt_button size=\"small\" style=\"default\" animation=\"none\" color_mode=\"default\" icon=\"\" icon_align=\"left\" color=\"\" link=\"mailto:gabrielle-laroche@wanadoo.fr?subject=59_EXCEPTIONNEL_MIROIR_ITALIEN_DU_XVIIe_SI\u00c8CLE\" target_blank=\"true\"]DEMANDE D&rsquo;INFORMATIONS[\/dt_button]\n<p>&nbsp;<\/p>\n<p>&nbsp;<\/p>\n<p><a href=\"\/fr\/antiquites\/mobilier\/meubles\/\">Retour aux meubles<\/a><\/p>\n","protected":false},"featured_media":9125,"template":"","meta":[],"product_brand":[],"product_cat":[17],"product_tag":[],"class_list":{"0":"post-9124","1":"product","2":"type-product","3":"status-publish","4":"has-post-thumbnail","6":"product_cat-uncategorized","7":"description-off","9":"first","10":"instock","11":"shipping-taxable","12":"product-type-simple"},"aioseo_notices":[],"_links":{"self":[{"href":"https:\/\/www.gabrielle-laroche.com\/fr\/wp-json\/wp\/v2\/product\/9124","targetHints":{"allow":["GET"]}}],"collection":[{"href":"https:\/\/www.gabrielle-laroche.com\/fr\/wp-json\/wp\/v2\/product"}],"about":[{"href":"https:\/\/www.gabrielle-laroche.com\/fr\/wp-json\/wp\/v2\/types\/product"}],"wp:featuredmedia":[{"embeddable":true,"href":"https:\/\/www.gabrielle-laroche.com\/fr\/wp-json\/wp\/v2\/media\/9125"}],"wp:attachment":[{"href":"https:\/\/www.gabrielle-laroche.com\/fr\/wp-json\/wp\/v2\/media?parent=9124"}],"wp:term":[{"taxonomy":"product_brand","embeddable":true,"href":"https:\/\/www.gabrielle-laroche.com\/fr\/wp-json\/wp\/v2\/product_brand?post=9124"},{"taxonomy":"product_cat","embeddable":true,"href":"https:\/\/www.gabrielle-laroche.com\/fr\/wp-json\/wp\/v2\/product_cat?post=9124"},{"taxonomy":"product_tag","embeddable":true,"href":"https:\/\/www.gabrielle-laroche.com\/fr\/wp-json\/wp\/v2\/product_tag?post=9124"}],"curies":[{"name":"wp","href":"https:\/\/api.w.org\/{rel}","templated":true}]}}