

{"id":9166,"date":"2021-04-24T12:00:50","date_gmt":"2021-04-24T10:00:50","guid":{"rendered":"https:\/\/www.gabrielle-laroche.com\/?post_type=product&#038;p=9166"},"modified":"2024-08-07T10:42:11","modified_gmt":"2024-08-07T08:42:11","slug":"coffre-de-mariage","status":"publish","type":"product","link":"https:\/\/www.gabrielle-laroche.com\/fr\/product\/coffre-de-mariage\/","title":{"rendered":"COFFRE DE MARIAGE"},"content":{"rendered":"<div class=\"wpb-content-wrapper\"><p>[vc_row][vc_column width=\u00a0\u00bb1\/2&Prime;][vc_column_text]Ce coffre \u00e0 couvercle bomb\u00e9, d\u2019\u00e9poque Louis XIII, a \u00e9t\u00e9 retravaill\u00e9 par deux artistes-cr\u00e9ateurs\u00a0: Sophie Gallardo et Georges-Guillaume Cassan. Ils transforment des meubles anciens en \u0153uvres d\u2019art contemporaines en conjuguant la modernit\u00e9 aux mat\u00e9riaux naturels.<span class=\"Apple-converted-space\">\u00a0<\/span><\/p>\n<p class=\"p1\" style=\"text-align: justify;\"><span class=\"s1\">Sophie Gallardo \u00e9tudie la d\u00e9coration int\u00e9rieure, puis se forme \u00e0 la restauration de peinture sur bois. Elle acquiert des techniques anciennes aupr\u00e8s de professionnels renomm\u00e9s.<\/span><\/p>\n<p class=\"p1\" style=\"text-align: justify;\"><span class=\"s1\">Sophie Gallardo et Georges-Guillaume Cassan d\u00e9cident de valoriser ces \u00e9corces de bouleau qui pars\u00e8ment la for\u00eat. Ils inventent alors un proc\u00e9d\u00e9 atypique et d\u00e9veloppe un savoir-faire unique au monde\u00a0: la marqueterie \u00e0 base d\u2019\u00e9corce de bouleau.<\/span><\/p>\n<p class=\"p1\" style=\"text-align: justify;\"><span class=\"s1\">Chaque pi\u00e8ce est unique et peut n\u00e9cessiter jusqu\u2019\u00e0 trois mois de travail. Ils interviennent sur du mobilier de belle facture (du XVIIe si\u00e8cle aux ann\u00e9es 70), jouant souvent des imperfections de l\u2019\u00e9corce, des accidents de la mati\u00e8re pour cr\u00e9er formes graphiques et motifs. Ca et l\u00e0 des incrustations de min\u00e9raux (labradorite, cristal de roche, am\u00e9thyste\u2026), comme autant de pr\u00e9cieuses p\u00e9pites, transforment ces nouveaux meubles en cabinets de curiosit\u00e9.<\/span><\/p>\n<p>[\/vc_column_text][\/vc_column][vc_column width=\u00a0\u00bb1\/2&Prime;][\/vc_column][\/vc_row]<\/p>\n<\/div>","protected":false},"excerpt":{"rendered":"<p><strong>COFFRE DE MARIAGE<span class=\"Apple-converted-space\">\u00a0<\/span><\/strong><\/p>\n<p><strong>Par Sophie Gallardo &amp; Georges-Guillaume Cassan<\/strong><\/p>\n<p>&nbsp;<\/p>\n<p>Pi\u00e8ce unique<\/p>\n<p>&nbsp;<\/p>\n<p>Hauteur\u00a0: 60 cm<\/p>\n<p>Longueur\u00a0: 116 cm<\/p>\n<p>Profondeur : 67 cm<\/p>\n<p>&nbsp;<\/p>\n<p>Marqueterie d\u2019\u00e9corce de bouleau et incrustation de min\u00e9raux.<\/p>\n<p>Int\u00e9rieur velours de veau retourn\u00e9.<\/p>\n<p>Ferrures d\u2019origine.<\/p>\n<p>&nbsp;<\/p>\n<p>&nbsp;<\/p>\n<p>&nbsp;<\/p>\n[dt_button size=\"small\" style=\"default\" animation=\"none\" color_mode=\"default\" icon=\"\" icon_align=\"left\" color=\"\" link=\"mailto:gabrielle-laroche@wanadoo.fr?subject=254_COFFRE_DE_MARIAGE\" target_blank=\"true\"]DEMANDE D&rsquo;INFORMATIONS[\/dt_button]\n<p>&nbsp;<\/p>\n<p>&nbsp;<\/p>\n<p>&nbsp;<\/p>\n<p><a href=\"\/fr\/antiquites\/mobilier\/meubles\/\">Retour aux meubles<\/a><\/p>\n","protected":false},"featured_media":9177,"template":"","meta":[],"product_brand":[],"product_cat":[17],"product_tag":[],"class_list":{"0":"post-9166","1":"product","2":"type-product","3":"status-publish","4":"has-post-thumbnail","6":"product_cat-uncategorized","7":"description-off","9":"first","10":"instock","11":"shipping-taxable","12":"product-type-simple"},"aioseo_notices":[],"_links":{"self":[{"href":"https:\/\/www.gabrielle-laroche.com\/fr\/wp-json\/wp\/v2\/product\/9166","targetHints":{"allow":["GET"]}}],"collection":[{"href":"https:\/\/www.gabrielle-laroche.com\/fr\/wp-json\/wp\/v2\/product"}],"about":[{"href":"https:\/\/www.gabrielle-laroche.com\/fr\/wp-json\/wp\/v2\/types\/product"}],"wp:featuredmedia":[{"embeddable":true,"href":"https:\/\/www.gabrielle-laroche.com\/fr\/wp-json\/wp\/v2\/media\/9177"}],"wp:attachment":[{"href":"https:\/\/www.gabrielle-laroche.com\/fr\/wp-json\/wp\/v2\/media?parent=9166"}],"wp:term":[{"taxonomy":"product_brand","embeddable":true,"href":"https:\/\/www.gabrielle-laroche.com\/fr\/wp-json\/wp\/v2\/product_brand?post=9166"},{"taxonomy":"product_cat","embeddable":true,"href":"https:\/\/www.gabrielle-laroche.com\/fr\/wp-json\/wp\/v2\/product_cat?post=9166"},{"taxonomy":"product_tag","embeddable":true,"href":"https:\/\/www.gabrielle-laroche.com\/fr\/wp-json\/wp\/v2\/product_tag?post=9166"}],"curies":[{"name":"wp","href":"https:\/\/api.w.org\/{rel}","templated":true}]}}