

{"id":9202,"date":"2021-04-23T10:00:52","date_gmt":"2021-04-23T08:00:52","guid":{"rendered":"https:\/\/www.gabrielle-laroche.com\/?post_type=product&#038;p=9202"},"modified":"2023-04-03T18:42:22","modified_gmt":"2023-04-03T16:42:22","slug":"rare-cabinet-florentin-depoque-renaissance-en-noyer-a-decor-de-certosina","status":"publish","type":"product","link":"https:\/\/www.gabrielle-laroche.com\/fr\/product\/rare-cabinet-florentin-depoque-renaissance-en-noyer-a-decor-de-certosina\/","title":{"rendered":"RARE CABINET FLORENTIN D\u2019\u00c9POQUE RENAISSANCE EN NOYER \u00c0 D\u00c9COR DE CERTOSINA"},"content":{"rendered":"<div class=\"wpb-content-wrapper\"><p>[vc_row][vc_column width=\u00a0\u00bb1\/2&Prime;][vc_column_text]<\/p>\n<p style=\"text-align: justify;\">Ce petit cabinet ouvrant \u00e0 deux vantaux en fa\u00e7ade et un tiroir fait la synth\u00e8se de diff\u00e9rentes techniques tr\u00e8s en faveur durant la Renaissance italienne, la sculpture et la marqueterie.<span class=\"Apple-converted-space\">\u00a0<\/span><\/p>\n<p style=\"text-align: justify;\">Parfaitement architectur\u00e9, il imite les fa\u00e7ades de temples antiques.<span class=\"Apple-converted-space\">\u00a0<\/span><\/p>\n<p style=\"text-align: justify;\">Les deux vantaux sont encadr\u00e9s de deux pilastres qui s\u2019\u00e9l\u00e8vent sur une base moulur\u00e9e en l\u00e9g\u00e8re saillie. La base d\u00e9cor\u00e9e d\u2019une rosace encadre un long tiroir. Les pilastres sont sculpt\u00e9s de motifs v\u00e9g\u00e9taux. Deux chapiteaux \u00e0 corbeille d\u2019acanthes les couronnent et supportent un puissant entablement dont la corniche est particuli\u00e8rement d\u00e9bordante. Une frise d\u2019\u00e9toiles en <i>certosina<\/i> se d\u00e9ploie entre deux belles fleurs.<span class=\"Apple-converted-space\">\u00a0<\/span><\/p>\n<p style=\"text-align: justify;\">Chaque vantail est divis\u00e9 en deux panneaux presque carr\u00e9s cern\u00e9s d\u2019un filet de marqueterie \u00e0 motifs g\u00e9om\u00e9triques. Les panneaux sup\u00e9rieurs sont d\u00e9cor\u00e9s de fins rinceaux formant des entrelacs tandis que les deux panneaux inf\u00e9rieurs sont sculpt\u00e9s de fleurs \u00e0 double corolles<\/p>\n<p style=\"text-align: justify;\">Une frise de rinceaux encadre sym\u00e9triquement un blason.<span class=\"Apple-converted-space\">\u00a0<\/span><\/p>\n<p style=\"text-align: justify;\">Les petites et \u00e9l\u00e9gantes proportions de ce cabinet, la vigueur de sa sculpture et le raffinement de sa marqueterie et de ses volumes en font un meuble de grande qualit\u00e9.<\/p>\n<p style=\"text-align: justify;\"><b>HISTORIQUE<\/b><\/p>\n<p style=\"text-align: justify;\">Florence abritait, \u00e0 la fin du XVe si\u00e8cle, de tr\u00e8s nombreux ateliers de marqueterie et de sculpture sur bois. <b>C\u2019est entre 1470 et 1520, que se situe l\u2019\u00e2ge d\u2019or de l\u2019<i>intarsia<\/i>, la marqueterie de bois<\/b>.<span class=\"Apple-converted-space\">\u00a0<\/span><\/p>\n<p style=\"text-align: justify;\">Au cours du XVe si\u00e8cle l\u2019<i>intarsia<\/i> se cantonnait \u00e0 des frises l\u00e9g\u00e8res, sobres et distribu\u00e9es avec parcimonie.<span class=\"Apple-converted-space\">\u00a0<\/span><b>\u00a0<\/b><\/p>\n<p style=\"text-align: justify;\"><b>Ce mobilier <i>isfoggiato<\/i> (par opposition au meuble de <i>foggia<\/i> tr\u00e8s r\u00e9glement\u00e9\u00a0: une seule essence de bois, corniches interdites, \u00e9paisseur homog\u00e8ne des planches) \u00e9tait une v\u00e9ritable d\u00e9pense somptuaire n\u00e9cessitant pour leur r\u00e9alisation une autorisation de l\u2019<i>Arte dei Legnaioli<\/i> et le paiement d\u2019une taxe.<span class=\"Apple-converted-space\">\u00a0<\/span><\/b><\/p>\n<p style=\"text-align: justify;\">Souvent rapproch\u00e9 stylistiquement des artisanats proche-orientaux dont on trouvait certains cercles \u00e0 Venise ou \u00e0 Florence, c\u2019est davantage de la cosmatesque (mosa\u00efque de pierre) qu\u2019il faut chercher l\u2019origine de l\u2019<i>intarsia<\/i>. Par la technique aussi bien que par le style, le travail des marbriers Cosmati et de leurs successeurs, appliqu\u00e9 aux pavements d\u2019\u00e9glises et \u00e0 des pi\u00e8ces tels que des parements muraux ou des ambons, conduit \u00e0 voir dans l\u2019<i>intarsia<\/i> une v\u00e9ritable \u00e9volution, d\u00e9rivation de cet artisanat. Il \u00e9tait courant que certains des meilleurs marqueteurs de bois comme Domenico del Coro ou Pietro del Minella soient aussi employ\u00e9s \u00e0 la r\u00e9alisation de pavement d\u2019\u00e9glises.<span class=\"Apple-converted-space\">\u00a0<\/span><\/p>\n<p style=\"text-align: justify;\"><b>L\u2019<i>intarsia<\/i><\/b> elle-m\u00eame se divise en plusieurs vari\u00e9t\u00e9s qui diff\u00e8rent par leurs proc\u00e9d\u00e9s aussi bien que par leur aspect.<span class=\"Apple-converted-space\">\u00a0<\/span><\/p>\n<p style=\"text-align: justify;\"><b>Sur ce cabinet domine la <i>certosina\u2009<\/i>; une marqueterie compos\u00e9e de pi\u00e8ces de petites dimensions et affectant le plus souvent des formes g\u00e9om\u00e9triques.<\/b> \u00c9tymologiquement la <i>certosina<\/i> d\u00e9signait un travail fait par les chartreux. Les disciples de Saint Bruno se sont appliqu\u00e9s pendant des si\u00e8cles \u00e0 des travaux manuels, des travaux de patience destin\u00e9s \u00e0 d\u00e9corer d\u2019incrustations de bois, de marqueterie d\u2019os, d\u2019ivoire, de nacre ou d\u2019\u00e9tain le mobilier eccl\u00e9siastique.<span class=\"Apple-converted-space\">\u00a0<\/span><\/p>\n<p style=\"text-align: justify;\"><b>La <i>certosina<\/i><\/b> se d\u00e9veloppe rapidement au-del\u00e0 de l\u2019ordre monastique, dans les ateliers florentins entre autres. <b>Quand appara\u00eet l\u2019<i>intarsia pittorica,<\/i> la <i>certosina<\/i> ne dispara\u00eet pas pour autant et se maintient en se conjuguant \u00e0 des motifs plus amples et complexes sous une forme secondaire de bandes, frises et corniches.<\/b><span class=\"Apple-converted-space\">\u00a0<\/span><\/p>\n<p>[\/vc_column_text][\/vc_column][vc_column width=\u00a0\u00bb1\/2&Prime;][\/vc_column][\/vc_row]<\/p>\n<\/div>","protected":false},"excerpt":{"rendered":"<p><b>RARE CABINET FLORENTIN D\u2019\u00c9POQUE RENAISSANCE EN NOYER \u00c0 D\u00c9COR DE <i>CERTOSINA<span class=\"Apple-converted-space\">\u00a0<\/span><\/i><\/b><\/p>\n<p>&nbsp;<\/p>\n<p><b>ORIGINE : FLORENCE, ITALIE<\/b><\/p>\n<p><b>\u00c9POQUE\u00a0: FIN XVe \u2013 D\u00c9BUT XVIe SI\u00c8CLE<\/b><\/p>\n<p><b>\u00a0<\/b><\/p>\n<p>Hauteur\u00a0: \u00a0129 cm<\/p>\n<p>Longueur\u00a0:\u00a0107 cm<\/p>\n<p>Profondeur\u00a0:\u00a050 cm<\/p>\n<p>&nbsp;<\/p>\n<p>Bois de noyer et bois de placage (c\u00e8dre, \u00e9b\u00e8ne, \u00e9rable, peuplier) <b>\u00a0<\/b><\/p>\n<p>&nbsp;<\/p>\n<p>&nbsp;<\/p>\n[dt_button size=\"small\" style=\"default\" animation=\"none\" color_mode=\"default\" icon=\"\" icon_align=\"left\" color=\"\" link=\"mailto:gabrielle-laroche@wanadoo.fr?subject=297_RARE_CABINET_FLORENTIN_D\u2019\u00c9POQUE_RENAISSANCE_EN_NOYER_\u00c0_D\u00c9COR_DE_<i>CERTOSINA<\/i>\" target_blank=\"true\"]DEMANDE D&rsquo;INFORMATIONS[\/dt_button]\n<p>&nbsp;<\/p>\n<p><a href=\"\/fr\/antiquites\/mobilier\/sieges\/\">Retour aux si\u00e8ges<\/a><\/p>\n","protected":false},"featured_media":9203,"template":"","meta":[],"product_brand":[],"product_cat":[18],"product_tag":[],"class_list":{"0":"post-9202","1":"product","2":"type-product","3":"status-publish","4":"has-post-thumbnail","6":"product_cat-meubles","7":"description-off","9":"first","10":"instock","11":"shipping-taxable","12":"product-type-simple"},"aioseo_notices":[],"_links":{"self":[{"href":"https:\/\/www.gabrielle-laroche.com\/fr\/wp-json\/wp\/v2\/product\/9202","targetHints":{"allow":["GET"]}}],"collection":[{"href":"https:\/\/www.gabrielle-laroche.com\/fr\/wp-json\/wp\/v2\/product"}],"about":[{"href":"https:\/\/www.gabrielle-laroche.com\/fr\/wp-json\/wp\/v2\/types\/product"}],"wp:featuredmedia":[{"embeddable":true,"href":"https:\/\/www.gabrielle-laroche.com\/fr\/wp-json\/wp\/v2\/media\/9203"}],"wp:attachment":[{"href":"https:\/\/www.gabrielle-laroche.com\/fr\/wp-json\/wp\/v2\/media?parent=9202"}],"wp:term":[{"taxonomy":"product_brand","embeddable":true,"href":"https:\/\/www.gabrielle-laroche.com\/fr\/wp-json\/wp\/v2\/product_brand?post=9202"},{"taxonomy":"product_cat","embeddable":true,"href":"https:\/\/www.gabrielle-laroche.com\/fr\/wp-json\/wp\/v2\/product_cat?post=9202"},{"taxonomy":"product_tag","embeddable":true,"href":"https:\/\/www.gabrielle-laroche.com\/fr\/wp-json\/wp\/v2\/product_tag?post=9202"}],"curies":[{"name":"wp","href":"https:\/\/api.w.org\/{rel}","templated":true}]}}