

{"id":9226,"date":"2021-04-01T12:40:21","date_gmt":"2021-04-01T10:40:21","guid":{"rendered":"https:\/\/www.gabrielle-laroche.com\/?post_type=product&#038;p=9226"},"modified":"2024-02-27T16:24:16","modified_gmt":"2024-02-27T15:24:16","slug":"table-en-cabaret-depoque-henri-ii","status":"publish","type":"product","link":"https:\/\/www.gabrielle-laroche.com\/fr\/product\/table-en-cabaret-depoque-henri-ii\/","title":{"rendered":"TABLE EN CABARET D\u2019\u00c9POQUE HENRI II"},"content":{"rendered":"<div class=\"wpb-content-wrapper\"><p>[vc_row][vc_column width=\u00a0\u00bb1\/2&Prime;][vc_column_text]<\/p>\n<p style=\"text-align: justify;\">La table en cabaret se distingue par son plateau taill\u00e9 en cuvette servant \u00e0 prendre des boissons chaudes ou encore utilis\u00e9e comme table \u00e0 jeu. Invent\u00e9e pour une soci\u00e9t\u00e9 aux moeurs raffin\u00e9es, elle tire son extr\u00eame finesse de son pi\u00e8tement.<span class=\"Apple-converted-space\">\u00a0<\/span><\/p>\n<p style=\"text-align: justify;\">Il est form\u00e9 de quatre colonnes r\u00e9unies par une entretoise en H moulur\u00e9e. La ceinture d\u00e9coup\u00e9e en accolade ouvre \u00e0 un tiroir en ceinture.\u00a0<span class=\"Apple-converted-space\">\u00a0<\/span><\/p>\n<p>[\/vc_column_text][\/vc_column][vc_column width=\u00a0\u00bb1\/2&Prime;][\/vc_column][\/vc_row]<\/p>\n<\/div>","protected":false},"excerpt":{"rendered":"<h4><strong>TABLE EN CABARET D\u2019\u00c9POQUE HENRI II<\/strong><\/h4>\n<p>&nbsp;<\/p>\n<p><strong>ORIGINE : FRANCE<\/strong><\/p>\n<p><strong>\u00c9POQUE\u00a0: XVIe SI\u00c8CLE<\/strong><\/p>\n<p>&nbsp;<\/p>\n<p>Hauteur\u00a0: \u00a067 cm<\/p>\n<p>Largeur\u00a0: 54,5 cm<\/p>\n<p>Profondeur\u00a0: 37,5 cm<\/p>\n<p>&nbsp;<\/p>\n<p>&nbsp;<\/p>\n<p>Bois de noyer clair couleur miel<\/p>\n<p>Bon \u00e9tat de conservation<\/p>\n<p>&nbsp;<\/p>\n<p>&nbsp;<\/p>\n<p>&nbsp;<\/p>\n[dt_button size=\"small\" style=\"default\" animation=\"none\" color_mode=\"default\" icon=\"\" icon_align=\"left\" color=\"\" link=\"mailto:gabrielle-laroche@wanadoo.fr?subject=291_TABLE_EN_CABARET_D\u2019\u00c9POQUE_HENRI_II\" target_blank=\"true\"]DEMANDE D&rsquo;INFORMATIONS[\/dt_button]\n<p>&nbsp;<\/p>\n<p><a href=\"\/fr\/antiquites\/mobilier\/tables\/\">Retour aux tables<\/a><\/p>\n","protected":false},"featured_media":9227,"template":"","meta":[],"product_brand":[],"product_cat":[17],"product_tag":[],"class_list":{"0":"post-9226","1":"product","2":"type-product","3":"status-publish","4":"has-post-thumbnail","6":"product_cat-uncategorized","7":"description-off","9":"first","10":"instock","11":"shipping-taxable","12":"product-type-simple"},"aioseo_notices":[],"_links":{"self":[{"href":"https:\/\/www.gabrielle-laroche.com\/fr\/wp-json\/wp\/v2\/product\/9226","targetHints":{"allow":["GET"]}}],"collection":[{"href":"https:\/\/www.gabrielle-laroche.com\/fr\/wp-json\/wp\/v2\/product"}],"about":[{"href":"https:\/\/www.gabrielle-laroche.com\/fr\/wp-json\/wp\/v2\/types\/product"}],"wp:featuredmedia":[{"embeddable":true,"href":"https:\/\/www.gabrielle-laroche.com\/fr\/wp-json\/wp\/v2\/media\/9227"}],"wp:attachment":[{"href":"https:\/\/www.gabrielle-laroche.com\/fr\/wp-json\/wp\/v2\/media?parent=9226"}],"wp:term":[{"taxonomy":"product_brand","embeddable":true,"href":"https:\/\/www.gabrielle-laroche.com\/fr\/wp-json\/wp\/v2\/product_brand?post=9226"},{"taxonomy":"product_cat","embeddable":true,"href":"https:\/\/www.gabrielle-laroche.com\/fr\/wp-json\/wp\/v2\/product_cat?post=9226"},{"taxonomy":"product_tag","embeddable":true,"href":"https:\/\/www.gabrielle-laroche.com\/fr\/wp-json\/wp\/v2\/product_tag?post=9226"}],"curies":[{"name":"wp","href":"https:\/\/api.w.org\/{rel}","templated":true}]}}