

{"id":9361,"date":"2023-05-24T15:23:13","date_gmt":"2023-05-24T13:23:13","guid":{"rendered":"https:\/\/www.gabrielle-laroche.com\/?post_type=product&#038;p=9361"},"modified":"2025-03-25T15:08:00","modified_gmt":"2025-03-25T14:08:00","slug":"importante-vierge-a-lenfant-en-majeste-dite-sedes-sapientiae","status":"publish","type":"product","link":"https:\/\/www.gabrielle-laroche.com\/fr\/product\/importante-vierge-a-lenfant-en-majeste-dite-sedes-sapientiae\/","title":{"rendered":"IMPORTANTE VIERGE \u00c0 L\u2019ENFANT EN MAJEST\u00c9 DITE SEDES SAPIENTIAE"},"content":{"rendered":"<div class=\"wpb-content-wrapper\"><p>[vc_row][vc_column width=\u00a0\u00bb1\/2&Prime;][vc_column_text]<\/p>\n<p style=\"text-align: justify;\">La Madone intronis\u00e9e refl\u00e8te son r\u00f4le de Reine du ciel. Elle tient sur ses genoux l&rsquo;Enfant J\u00e9sus, Seigneur du monde. Elle est repr\u00e9sent\u00e9e de face avec un air de tranquillit\u00e9 aust\u00e8re, profond\u00e9ment engag\u00e9e dans des pens\u00e9es religieuses solennelles. Les traits allong\u00e9s et le voile curviligne de la Vierge sont similaires \u00e0 un certain nombre d&rsquo;\u0153uvres provenant du nord de l&rsquo;Espagne dans la r\u00e9gion de la Rioja (Espa\u00f1ol et Yarza, loc. cit.). Les visages ovo\u00efdes l\u00e9g\u00e8rement d\u00e9concert\u00e9s, doux et expressifs de la Vierge et du Christ, l&rsquo;encolure ronde sont \u00e9galement \u00e9vidents dans d&rsquo;autres \u0153uvres de la r\u00e9gion conserv\u00e9es au Museo de Historia de Barcelone (Sanpere, loc. cit.) et \u00e9galement des \u0153uvres de Burgos et Zamora \u00e0 l&rsquo;ouest (Tejada, he.).<\/p>\n<p style=\"text-align: justify;\">Bibliographie comparative\u00a0:<span class=\"Apple-converted-space\">\u00a0<\/span><\/p>\n<p style=\"text-align: justify;\">F. Espa\u00f1ol and J. Yarza (et al.), <em>Cat\u00e0leg d&rsquo;escultura i pintura medievals. Fons del Museu Frederic Mar\u00e8s\/ 1,<\/em> Barcelona, 1991, figs. 280 and 382-383<\/p>\n<p>[\/vc_column_text][vc_empty_space][\/vc_column][vc_column width=\u00a0\u00bb1\/2&Prime;][\/vc_column][\/vc_row]<\/p>\n<\/div>","protected":false},"excerpt":{"rendered":"<h4><strong>IMPORTANTE VIERGE \u00c0 L\u2019ENFANT EN MAJEST\u00c9 DITE SEDES SAPIENTIAE<\/strong><\/h4>\n<p>&nbsp;<\/p>\n<p><strong>ORIGINE : ESPAGNE DU NORD, PYR\u00c9N\u00c9ES<\/strong><\/p>\n<p><strong>\u00c9POQUE\u00a0: XIVe SI\u00c8CLE<\/strong><\/p>\n<p>&nbsp;<\/p>\n<p>Hauteur\u00a0: \u00a093 cm<\/p>\n<p>Largeur\u00a0: 42 cm<\/p>\n<p>Profondeur\u00a0: 27 cm<\/p>\n<p>&nbsp;<\/p>\n<p>&nbsp;<\/p>\n<p>Bois polychrome<\/p>\n<p>Bon \u00e9tat de conservation, quelques restaurations<\/p>\n<p>&nbsp;<\/p>\n<p>Provenance\u00a0: Collection priv\u00e9e depuis 1987<\/p>\n<p>&nbsp;<\/p>\n<p>&nbsp;<\/p>\n[dt_button size=\"small\" style=\"default\" animation=\"none\" color_mode=\"default\" icon=\"\" icon_align=\"left\" color=\"\" link=\"mailto:gabrielle-laroche@wanadoo.fr?subject=126_IMPORTANTE_VIERGE_\u00c0_L\u2019ENFANT_EN_MAJEST\u00c9_DITE_SEDES_SAPIENTIAE\" target_blank=\"true\"]DEMANDE D&rsquo;INFORMATIONS[\/dt_button]\n<p>&nbsp;<\/p>\n<p>&nbsp;<\/p>\n<p><a href=\"\/fr\/antiquites\/sculpture\/\">Retour aux sculptures<\/a><\/p>\n","protected":false},"featured_media":11092,"template":"","meta":[],"product_brand":[],"product_cat":[32],"product_tag":[],"class_list":{"0":"post-9361","1":"product","2":"type-product","3":"status-publish","4":"has-post-thumbnail","6":"product_cat-sculptures","7":"description-off","9":"first","10":"instock","11":"shipping-taxable","12":"product-type-simple"},"aioseo_notices":[],"_links":{"self":[{"href":"https:\/\/www.gabrielle-laroche.com\/fr\/wp-json\/wp\/v2\/product\/9361","targetHints":{"allow":["GET"]}}],"collection":[{"href":"https:\/\/www.gabrielle-laroche.com\/fr\/wp-json\/wp\/v2\/product"}],"about":[{"href":"https:\/\/www.gabrielle-laroche.com\/fr\/wp-json\/wp\/v2\/types\/product"}],"wp:featuredmedia":[{"embeddable":true,"href":"https:\/\/www.gabrielle-laroche.com\/fr\/wp-json\/wp\/v2\/media\/11092"}],"wp:attachment":[{"href":"https:\/\/www.gabrielle-laroche.com\/fr\/wp-json\/wp\/v2\/media?parent=9361"}],"wp:term":[{"taxonomy":"product_brand","embeddable":true,"href":"https:\/\/www.gabrielle-laroche.com\/fr\/wp-json\/wp\/v2\/product_brand?post=9361"},{"taxonomy":"product_cat","embeddable":true,"href":"https:\/\/www.gabrielle-laroche.com\/fr\/wp-json\/wp\/v2\/product_cat?post=9361"},{"taxonomy":"product_tag","embeddable":true,"href":"https:\/\/www.gabrielle-laroche.com\/fr\/wp-json\/wp\/v2\/product_tag?post=9361"}],"curies":[{"name":"wp","href":"https:\/\/api.w.org\/{rel}","templated":true}]}}