

{"id":9425,"date":"2023-06-15T16:07:15","date_gmt":"2023-06-15T14:07:15","guid":{"rendered":"https:\/\/www.gabrielle-laroche.com\/?post_type=product&#038;p=9425"},"modified":"2025-12-02T18:09:27","modified_gmt":"2025-12-02T17:09:27","slug":"importante-commode-1925-plaquee-decorce-de-bois-de-bouleau-et-incrustee-de-mineraux","status":"publish","type":"product","link":"https:\/\/www.gabrielle-laroche.com\/fr\/product\/importante-commode-1925-plaquee-decorce-de-bois-de-bouleau-et-incrustee-de-mineraux\/","title":{"rendered":"IMPORTANTE COMMODE 1925 PLAQU\u00c9E D\u2019\u00c9CORCE DE BOIS DE BOULEAU ET INCRUST\u00c9E DE MIN\u00c9RAUX"},"content":{"rendered":"<div class=\"wpb-content-wrapper\"><p>[vc_row][vc_column width=\u00a0\u00bb1\/2&Prime;][vc_column_text]<\/p>\n<p style=\"text-align: justify;\">Cette commode 1925 s\u2019ouvre par deux portes galb\u00e9es en fa\u00e7ade. Les c\u00f4t\u00e9s sont \u00e9galement galb\u00e9s. Elle repose sur quatre pieds d\u00e9licatement travaill\u00e9s.<\/p>\n<p style=\"text-align: justify;\">La commode a \u00e9t\u00e9 retravaill\u00e9e par deux artistes-cr\u00e9ateurs\u00a0: Sophie Gallardo et Georges-Guillaume Cassan. Ils transforment des meubles anciens en \u0153uvres d\u2019art contemporaines en conjuguant la modernit\u00e9 aux mat\u00e9riaux naturels.<span class=\"Apple-converted-space\">\u00a0<\/span><\/p>\n<p style=\"text-align: justify;\">Sophie Gallardo \u00e9tudie la d\u00e9coration int\u00e9rieure, puis se forme \u00e0 la restauration de peinture sur bois pour r\u00e9habiliter des meubles anciens. Elle acquiert des techniques anciennes aupr\u00e8s de professionnels renomm\u00e9s, et elle travaille principalement l\u2019\u00e9corce de bouleau.<span class=\"Apple-converted-space\">\u00a0<\/span><\/p>\n<p style=\"text-align: justify;\">\u00a0Le travail de Sophie Gallardo et Georges-Guillaume Cassan permet de valoriser ces \u00e9corces de bouleau qui pars\u00e8ment la for\u00eat. Ils inventent alors un proc\u00e9d\u00e9 atypique tout en d\u00e9veloppant un savoir-faire unique au monde\u00a0: la marqueterie \u00e0 base d\u2019\u00e9corce de bouleau qui vient habiller le mobilier de toutes \u00e9poques.<span class=\"Apple-converted-space\">\u00a0<\/span><\/p>\n<p style=\"text-align: justify;\">Le choix de ce type d\u2019\u00e9corce s\u2019est impos\u00e9 aux deux cr\u00e9ateurs, d\u2019une part, gr\u00e2ce \u00e0 la singularit\u00e9 de cet arbre blanc tachet\u00e9 de noir, et d\u2019autre part, gr\u00e2ce \u00e0 la symbolique du bouleau qui est un arbre sacr\u00e9 pour les am\u00e9rindiens, symbole de sagesse.<span class=\"Apple-converted-space\">\u00a0<\/span><\/p>\n<p style=\"text-align: justify;\">Chaque pi\u00e8ce est unique et n\u00e9cessite plusieurs mois de travail. Ils interviennent sur du mobilier de belle facture (du XVIIe si\u00e8cle aux ann\u00e9es 1970), jouant souvent des imperfections de l\u2019\u00e9corce, des accidents de la mati\u00e8re pour cr\u00e9er des formes graphiques et des motifs singuliers.<span class=\"Apple-converted-space\">\u00a0<\/span><\/p>\n<p style=\"text-align: justify;\">Ce plaquage en \u00e9corce de bouleau est ensuite incrust\u00e9, de mani\u00e8re \u00e9parse, d\u2019une grande diversit\u00e9 de min\u00e9raux tels que la labradorite, le cristal de roche ou encore l&rsquo;am\u00e9thyste. Ce proc\u00e9d\u00e9 offre au mobilier un aspect naturel et fantasque, transformant chaque pi\u00e8ce en cabinets de curiosit\u00e9s.<\/p>\n<p>[\/vc_column_text][\/vc_column][vc_column width=\u00a0\u00bb1\/2&Prime;][\/vc_column][\/vc_row]<\/p>\n<\/div>","protected":false},"excerpt":{"rendered":"<p><strong>IMPORTANTE COMMODE 1925 PLAQU\u00c9E D\u2019\u00c9CORCE DE BOIS DE BOULEAU ET INCRUST\u00c9E DE MIN\u00c9RAUX<\/strong><\/p>\n<p><strong>Par Sophie Gallardo &amp; Georges-Guillaume Cassan<\/strong><\/p>\n<p>&nbsp;<\/p>\n<p>Pi\u00e8ce unique<\/p>\n<p>&nbsp;<\/p>\n<p>Hauteur\u00a0:\u00a0 93 cm<\/p>\n<p>Longueur\u00a0: 137 cm<\/p>\n<p>Profondeur : 56 cm<\/p>\n<p>&nbsp;<\/p>\n<p>Marqueterie d\u2019\u00e9corce de bouleau et incrustation de min\u00e9raux.<\/p>\n<p>&nbsp;<\/p>\n<p>&nbsp;<\/p>\n<p>&nbsp;<\/p>\n[dt_button size=\"small\" style=\"default\" animation=\"none\" color_mode=\"default\" icon=\"\" icon_align=\"left\" color=\"\" link=\"mailto:gabrielle-laroche@wanadoo.fr?subject=255__IMPORTANTE_COMMODE_PLAQU\u00c9E_D\u2019\u00c9CORCE_DE_BOIS_DE_BOULEAU_ET_INCRUST\u00c9E_DE_MIN\u00c9RAUX\" target_blank=\"true\"]DEMANDE D&rsquo;INFORMATIONS[\/dt_button]\n<p>&nbsp;<\/p>\n<p>&nbsp;<\/p>\n<p>&nbsp;<\/p>\n<p><a href=\"\/fr\/antiquites\/mobilier\/meubles\/\">Retour aux meubles<\/a><\/p>\n","protected":false},"featured_media":9426,"template":"","meta":[],"product_brand":[],"product_cat":[17],"product_tag":[],"class_list":{"0":"post-9425","1":"product","2":"type-product","3":"status-publish","4":"has-post-thumbnail","6":"product_cat-uncategorized","7":"description-off","9":"first","10":"instock","11":"shipping-taxable","12":"product-type-simple"},"aioseo_notices":[],"_links":{"self":[{"href":"https:\/\/www.gabrielle-laroche.com\/fr\/wp-json\/wp\/v2\/product\/9425","targetHints":{"allow":["GET"]}}],"collection":[{"href":"https:\/\/www.gabrielle-laroche.com\/fr\/wp-json\/wp\/v2\/product"}],"about":[{"href":"https:\/\/www.gabrielle-laroche.com\/fr\/wp-json\/wp\/v2\/types\/product"}],"wp:featuredmedia":[{"embeddable":true,"href":"https:\/\/www.gabrielle-laroche.com\/fr\/wp-json\/wp\/v2\/media\/9426"}],"wp:attachment":[{"href":"https:\/\/www.gabrielle-laroche.com\/fr\/wp-json\/wp\/v2\/media?parent=9425"}],"wp:term":[{"taxonomy":"product_brand","embeddable":true,"href":"https:\/\/www.gabrielle-laroche.com\/fr\/wp-json\/wp\/v2\/product_brand?post=9425"},{"taxonomy":"product_cat","embeddable":true,"href":"https:\/\/www.gabrielle-laroche.com\/fr\/wp-json\/wp\/v2\/product_cat?post=9425"},{"taxonomy":"product_tag","embeddable":true,"href":"https:\/\/www.gabrielle-laroche.com\/fr\/wp-json\/wp\/v2\/product_tag?post=9425"}],"curies":[{"name":"wp","href":"https:\/\/api.w.org\/{rel}","templated":true}]}}