

{"id":9440,"date":"2023-05-29T15:19:10","date_gmt":"2023-05-29T13:19:10","guid":{"rendered":"https:\/\/www.gabrielle-laroche.com\/?post_type=product&#038;p=9440"},"modified":"2023-06-22T17:05:06","modified_gmt":"2023-06-22T15:05:06","slug":"importante-pieta-allemande-du-xive-siecle-en-bois-sculpte-polychrome","status":"publish","type":"product","link":"https:\/\/www.gabrielle-laroche.com\/fr\/product\/importante-pieta-allemande-du-xive-siecle-en-bois-sculpte-polychrome\/","title":{"rendered":"IMPORTANTE PIET\u00c0 ALLEMANDE DU XIVe SI\u00c8CLE EN BOIS SCULPT\u00c9 POLYCHROME"},"content":{"rendered":"<div class=\"wpb-content-wrapper\"><p>[vc_row][vc_column width=\u00a0\u00bb1\/2&Prime;][vc_column_text]<\/p>\n<p style=\"text-align: justify;\">Le th\u00e8me de la Piet\u00e0 ou Vesperbild apparait en Allemagne \u00e0 la fin du XIIIe si\u00e8cle, reflet du mysticisme de la fin du Moyen-\u00e2ge. Si le th\u00e8me n\u2019existe pas dans les Evangiles il fut souvent \u00e9voqu\u00e9 dans la litt\u00e9rature de d\u00e9votion contemporaine. En effet, au cours de la premi\u00e8re moiti\u00e9 du XIVe si\u00e8cle, la pens\u00e9e mystique et les pratiques de d\u00e9votion changent sous l\u2019impulsion d\u2019un certain nombre de religieux, parmi lesquels Heinrich Suso ou encore Sainte Brigitte. Dans ses \u00e9crits, Suso insista tout particuli\u00e8rement sur la contemplation et la m\u00e9ditation sur les traces du martyr du Christ.<\/p>\n<p style=\"text-align: justify;\">Cela aura une grande r\u00e9sonance dans le domaine de l\u2019art, notamment en Allemagne, puis en France. L\u2019accent sera alors mis sur l\u2019affliction. La mort est montr\u00e9e sans d\u00e9tour. Les plaies du Christ sont b\u00e9antes, sanguinolentes, donnant ainsi \u00e0 m\u00e9diter la souffrance du Christ et les septs douleurs de la Vierge.<\/p>\n<p style=\"text-align: justify;\">Cette \u0153uvre illustre l\u2019int\u00e9r\u00eat des fid\u00e8les pour ces repr\u00e9sentations o\u00f9 r\u00e8gne le pathos.<span class=\"Apple-converted-space\">\u00a0<\/span><\/p>\n<p style=\"text-align: justify;\">La Vierge est repr\u00e9sent\u00e9e assise, dans une attitude frontale, le buste tr\u00e8s allong\u00e9. Elle est v\u00eatu d\u2019une robe rouge \u00e0 simple encolure. Un manteau bleu couvre sa t\u00eate et ses \u00e9paules, et tombe le long de son corps.<span class=\"Apple-converted-space\">\u00a0<\/span><\/p>\n<p style=\"text-align: justify;\">Son visage est tr\u00e8s l\u00e9g\u00e8rement pench\u00e9 vers l\u2019avant, elle regarde le corps de son fils, qu\u2019elle tient de ses deux mains sur ses genoux.\u00a0<span class=\"Apple-converted-space\">\u00a0<\/span><\/p>\n<p style=\"text-align: justify;\">Le visage apais\u00e9 du Christ n\u2019est pas sans rappeler les Christs romans. Son bras droit pend, indiquant la r\u00e9alit\u00e9 de la mort. Il porte un perizonium long. Ses c\u00f4tes sont saillantes. Les longs cheveux du Christ tombent dans son dos.<span class=\"Apple-converted-space\">\u00a0<\/span><\/p>\n<p style=\"text-align: justify;\">Cette Pieta peut \u00eatre rapproch\u00e9e du groupe conserv\u00e9 au Cloister Museum. On y retrouve une attitude similaire de la Vierge Marie et du Christ. Le Christ aux c\u00f4tes particuli\u00e8rement visibles, le bras droit pendant.<\/p>\n<p>[\/vc_column_text][vc_empty_space][\/vc_column][vc_column width=\u00a0\u00bb1\/2&Prime;][\/vc_column][\/vc_row][vc_row][vc_column width=\u00a0\u00bb1\/2&Prime;][vc_single_image image=\u00a0\u00bb9441&Prime; alignment=\u00a0\u00bbcenter\u00a0\u00bb][\/vc_column][vc_column width=\u00a0\u00bb1\/2&Prime;][vc_single_image image=\u00a0\u00bb9445&Prime;][\/vc_column][\/vc_row][vc_row][vc_column width=\u00a0\u00bb1\/2&Prime;][vc_column_text]<\/p>\n<p style=\"text-align: center;\">Piet\u00e0, Allemagne, 1375-1400, The Met Cloisters, 48.85<\/p>\n<p>[\/vc_column_text][\/vc_column][vc_column width=\u00a0\u00bb1\/2&Prime;][vc_column_text]Piet\u00e0, Allemagne, 1375-1400, The Met Cloisters, 48.85[\/vc_column_text][\/vc_column][\/vc_row]<\/p>\n<\/div>","protected":false},"excerpt":{"rendered":"<h4><strong>IMPORTANTE PIET\u00c0 ALLEMANDE DU XIVe SI\u00c8CLE EN BOIS SCULPT\u00c9 POLYCHROME<\/strong><\/h4>\n<p>&nbsp;<\/p>\n<p><strong>ORIGINE : ALLEMAGNE, R\u00c9GION DE COLOGNE<\/strong><\/p>\n<p><strong>\u00c9POQUE\u00a0: D\u00c9BUT DU XIVe SI\u00c8CLE, vers 1330<\/strong><\/p>\n<p>&nbsp;<\/p>\n<p>Hauteur\u00a0: \u00a098 cm<\/p>\n<p>Largeur\u00a0: 45 cm<\/p>\n<p>Profondeur\u00a0: 33 cm<\/p>\n<p>&nbsp;<\/p>\n<p>&nbsp;<\/p>\n<p>Bois de tilleul polychrom\u00e9<\/p>\n<p>Restaurations d\u2019usage et d\u2019entretien<\/p>\n<p>&nbsp;<\/p>\n<p>Provenance\u00a0: Collection particuli\u00e8re alsacienne<\/p>\n<p>&nbsp;<\/p>\n<p>&nbsp;<\/p>\n[dt_button size=\"small\" style=\"default\" animation=\"none\" color_mode=\"default\" icon=\"\" icon_align=\"left\" color=\"\" link=\"mailto:gabrielle-laroche@wanadoo.fr?subject=269_IMPORTANTE_PIET\u00c0_ALLEMANDE_DU_XIVe_SI\u00c8CLE_EN_BOIS_SCULPT\u00c9_POLYCHROME\" target_blank=\"true\"]DEMANDE D&rsquo;INFORMATIONS[\/dt_button]\n<p>&nbsp;<\/p>\n<p>&nbsp;<\/p>\n<p><a href=\"\/fr\/antiquites\/sculpture\/\">Retour aux sculptures<\/a><\/p>\n","protected":false},"featured_media":9443,"template":"","meta":[],"product_brand":[],"product_cat":[32],"product_tag":[],"class_list":{"0":"post-9440","1":"product","2":"type-product","3":"status-publish","4":"has-post-thumbnail","6":"product_cat-sculptures","7":"description-off","9":"first","10":"instock","11":"shipping-taxable","12":"product-type-simple"},"aioseo_notices":[],"_links":{"self":[{"href":"https:\/\/www.gabrielle-laroche.com\/fr\/wp-json\/wp\/v2\/product\/9440","targetHints":{"allow":["GET"]}}],"collection":[{"href":"https:\/\/www.gabrielle-laroche.com\/fr\/wp-json\/wp\/v2\/product"}],"about":[{"href":"https:\/\/www.gabrielle-laroche.com\/fr\/wp-json\/wp\/v2\/types\/product"}],"wp:featuredmedia":[{"embeddable":true,"href":"https:\/\/www.gabrielle-laroche.com\/fr\/wp-json\/wp\/v2\/media\/9443"}],"wp:attachment":[{"href":"https:\/\/www.gabrielle-laroche.com\/fr\/wp-json\/wp\/v2\/media?parent=9440"}],"wp:term":[{"taxonomy":"product_brand","embeddable":true,"href":"https:\/\/www.gabrielle-laroche.com\/fr\/wp-json\/wp\/v2\/product_brand?post=9440"},{"taxonomy":"product_cat","embeddable":true,"href":"https:\/\/www.gabrielle-laroche.com\/fr\/wp-json\/wp\/v2\/product_cat?post=9440"},{"taxonomy":"product_tag","embeddable":true,"href":"https:\/\/www.gabrielle-laroche.com\/fr\/wp-json\/wp\/v2\/product_tag?post=9440"}],"curies":[{"name":"wp","href":"https:\/\/api.w.org\/{rel}","templated":true}]}}