

{"id":9503,"date":"2023-06-15T16:08:52","date_gmt":"2023-06-15T14:08:52","guid":{"rendered":"https:\/\/www.gabrielle-laroche.com\/?post_type=product&#038;p=9503"},"modified":"2025-12-18T14:28:31","modified_gmt":"2025-12-18T13:28:31","slug":"grand-miroir-de-style-louis-xiv-recouvert-decorce-de-bouleau-et-incrustations-de-mineraux","status":"publish","type":"product","link":"https:\/\/www.gabrielle-laroche.com\/fr\/product\/grand-miroir-de-style-louis-xiv-recouvert-decorce-de-bouleau-et-incrustations-de-mineraux\/","title":{"rendered":"GRAND MIROIR DE STYLE LOUIS XIV RECOUVERT D\u2019ECORCE DE BOULEAU ET INCRUSTATIONS DE MIN\u00c9RAUX"},"content":{"rendered":"<div class=\"wpb-content-wrapper\"><p>[vc_row][vc_column width=\u00a0\u00bb1\/2&Prime;][vc_column_text]<\/p>\n<p class=\"p1\" style=\"text-align: justify;\">Sophie Gallardo \u00e9tudie la d\u00e9coration int\u00e9rieure, puis se forme \u00e0 la restauration de peinture sur bois pour r\u00e9habiliter des meubles anciens. Elle acquiert des techniques anciennes aupr\u00e8s de professionnels renomm\u00e9s, et elle travaille principalement l\u2019\u00e9corce de bouleau.<\/p>\n<p class=\"p1\" style=\"text-align: justify;\">Le travail de Sophie Gallardo et Georges-Guillaume Cassan permet de valoriser ces \u00e9corces de bouleau qui pars\u00e8ment la for\u00eat. Ils inventent alors un proc\u00e9d\u00e9 atypique tout en d\u00e9veloppant un savoir-faire unique au monde\u00a0: la marqueterie \u00e0 base d\u2019\u00e9corce de bouleau qui vient habiller le mobilier de la Haute \u00c9poque.<\/p>\n<p class=\"p1\" style=\"text-align: justify;\">Le choix de ce type d\u2019\u00e9corce s\u2019est impos\u00e9 aux deux cr\u00e9ateurs, d\u2019une part, gr\u00e2ce \u00e0 la singularit\u00e9 de cet arbre blanc tachet\u00e9 de noir, et d\u2019autre part, gr\u00e2ce \u00e0 la symbolique du bouleau qui est un arbre sacr\u00e9 pour les am\u00e9rindiens, symbole de sagesse.<\/p>\n<p class=\"p1\" style=\"text-align: justify;\">Chaque pi\u00e8ce est unique et n\u00e9cessite plusieurs mois de travail. Ils interviennent sur du mobilier de belle facture (du XVIIe si\u00e8cle aux ann\u00e9es 1970), jouant souvent des imperfections de l\u2019\u00e9corce, des accidents de la mati\u00e8re pour cr\u00e9er des formes graphiques et des motifs singuliers.<\/p>\n<p class=\"p1\" style=\"text-align: justify;\">Ce placage en \u00e9corce de bouleau est ensuite incrust\u00e9, de mani\u00e8re \u00e9parse, d\u2019une grande diversit\u00e9 de min\u00e9raux tels que la labradorite, le cristal de roche ou encore l&rsquo;am\u00e9thyste. Ce proc\u00e9d\u00e9 offre au mobilier un aspect naturel et fantasque, transformant chaque pi\u00e8ce en cabinet de curiosit\u00e9s.<\/p>\n<p>[\/vc_column_text][vc_empty_space][\/vc_column][vc_column width=\u00a0\u00bb1\/2&Prime;][vc_empty_space][\/vc_column][\/vc_row]<\/p>\n<\/div>","protected":false},"excerpt":{"rendered":"<p class=\"p1\"><strong>GRAND MIROIR DE STYLE LOUIS XIV RECOUVERT D\u2019ECORCE DE BOULEAU ET INCRUSTATIONS DE MIN\u00c9RAUX<\/strong><\/p>\n<p class=\"p1\">Par Sophie Gallardo &amp; Georges-Guillaume Cassan<\/p>\n<p>Pi\u00e8ce Unique<\/p>\n<p>&nbsp;<\/p>\n<p class=\"p1\">Hauteur\u00a0: 140,5 cm<br \/>\nLargeur : 114 cm<\/p>\n<p class=\"p1\">\u00a0 \u00a0\u00a0<span class=\"Apple-converted-space\">\u00a0<\/span><\/p>\n<p class=\"p1\">Marqueterie d\u2019\u00e9corce de bouleau et incrustation de min\u00e9raux.<\/p>\n<p>&nbsp;<\/p>\n<p>&nbsp;<\/p>\n[dt_button size=\"small\" style=\"default\" animation=\"none\" color_mode=\"default\" icon=\"\" icon_align=\"left\" color=\"\" link=\"mailto:gabrielle-laroche@wanadoo.fr?subject=254bis_Marqueterie_d\u2019\u00e9corce_de_bouleau_et_incrustation_de_min\u00e9raux\" target_blank=\"true\"]DEMANDE D&rsquo;INFORMATIONS[\/dt_button]\n<p>&nbsp;<\/p>\n<p><a href=\"\/fr\/antiquites\/mobilier\/objet-dart-et-dameublement\/\">Retour aux objets d&rsquo;Art et d&rsquo;ameublement<\/a><\/p>\n<p>&nbsp;<\/p>\n","protected":false},"featured_media":9505,"template":"","meta":[],"product_brand":[],"product_cat":[17],"product_tag":[],"class_list":{"0":"post-9503","1":"product","2":"type-product","3":"status-publish","4":"has-post-thumbnail","6":"product_cat-uncategorized","7":"description-off","9":"first","10":"instock","11":"shipping-taxable","12":"product-type-simple"},"aioseo_notices":[],"_links":{"self":[{"href":"https:\/\/www.gabrielle-laroche.com\/fr\/wp-json\/wp\/v2\/product\/9503","targetHints":{"allow":["GET"]}}],"collection":[{"href":"https:\/\/www.gabrielle-laroche.com\/fr\/wp-json\/wp\/v2\/product"}],"about":[{"href":"https:\/\/www.gabrielle-laroche.com\/fr\/wp-json\/wp\/v2\/types\/product"}],"wp:featuredmedia":[{"embeddable":true,"href":"https:\/\/www.gabrielle-laroche.com\/fr\/wp-json\/wp\/v2\/media\/9505"}],"wp:attachment":[{"href":"https:\/\/www.gabrielle-laroche.com\/fr\/wp-json\/wp\/v2\/media?parent=9503"}],"wp:term":[{"taxonomy":"product_brand","embeddable":true,"href":"https:\/\/www.gabrielle-laroche.com\/fr\/wp-json\/wp\/v2\/product_brand?post=9503"},{"taxonomy":"product_cat","embeddable":true,"href":"https:\/\/www.gabrielle-laroche.com\/fr\/wp-json\/wp\/v2\/product_cat?post=9503"},{"taxonomy":"product_tag","embeddable":true,"href":"https:\/\/www.gabrielle-laroche.com\/fr\/wp-json\/wp\/v2\/product_tag?post=9503"}],"curies":[{"name":"wp","href":"https:\/\/api.w.org\/{rel}","templated":true}]}}