

{"id":9571,"date":"2023-06-21T18:07:40","date_gmt":"2023-06-21T16:07:40","guid":{"rendered":"https:\/\/www.gabrielle-laroche.com\/?post_type=product&#038;p=9571"},"modified":"2024-07-29T16:20:55","modified_gmt":"2024-07-29T14:20:55","slug":"important-bois-sculpte-representant-sainte-barbe","status":"publish","type":"product","link":"https:\/\/www.gabrielle-laroche.com\/fr\/product\/important-bois-sculpte-representant-sainte-barbe\/","title":{"rendered":"IMPORTANT BOIS SCULPT\u00c9 REPR\u00c9SENTANT SAINTE BARBE"},"content":{"rendered":"<div class=\"wpb-content-wrapper\"><p>[vc_row][vc_column width=\u00a0\u00bb1\/2&Prime;][vc_column_text]<\/p>\n<p class=\"p1\" style=\"text-align: justify;\">Sainte Barbe \u00e9tait la fille du satrape Dioscure qui l\u2019enferma dans une tour afin qu\u2019elle ne soit pas corrompue par les id\u00e9es chr\u00e9tiennes. Toutefois, elle parvint \u00e0 recevoir l\u2019enseignement d\u2019un pr\u00eatre dont elle re\u00e7ut le bapt\u00eame. La l\u00e9gende veut que pour manifester sa Foi, elle per\u00e7a dans la tour une troisi\u00e8me fen\u00eatre, symbole de la Trinit\u00e9.<\/p>\n<p class=\"p1\" style=\"text-align: justify;\">Lorsque son p\u00e8re apprit sa conversion, il la mena\u00e7a de son \u00e9p\u00e9e. Elle r\u00e9ussit \u00e0 s\u2019enfuir avant d\u2019\u00eatre d\u00e9nonc\u00e9e par un berger. Elle f\u00fbt alors jet\u00e9e en prison et malgr\u00e9 les atroces supplices qu\u2019on lui f\u00eet subir, elle refusa d\u2019abjurer sa foi et d\u2019\u00e9pouser un pa\u00efen. Pour finir, son p\u00e8re l\u2019entraina au sommet d\u2019une montagne et lui trancha la t\u00eate. Une fois son ignoble geste accompli, il f\u00fbt frapp\u00e9 par la foudre et il ne resta rien de lui, ch\u00e2timent divin.<\/p>\n<p class=\"p1\" style=\"text-align: justify;\">Le culte de sainte Barbe f\u00fbt popularis\u00e9 en Occident \u00e0 partir du XIIIe si\u00e8cle gr\u00e2ce \u00e0 la L\u00e9gende Dor\u00e9e de Jacques de Voragine. C\u2019est \u00e0 partir du XVe si\u00e8cle qu\u2019il se d\u00e9veloppe pleinement.<\/p>\n<p class=\"p1\" style=\"text-align: justify;\">Cette sainte Barbe sculpt\u00e9e dans une pi\u00e8ce monoxyle de ch\u00eane est repr\u00e9sent\u00e9e suivant l\u2019iconographie traditionnelle.<\/p>\n<p class=\"p1\" style=\"text-align: justify;\">Elle est adoss\u00e9e \u00e0 la tour cr\u00e9nel\u00e9e. Le sculpteur a pouss\u00e9 le d\u00e9tail jusqu\u2019\u00e0 repr\u00e9senter les premi\u00e8res marches de l\u2019escalier qui menaient au sommet. Une ouverture surmont\u00e9e d\u2019un g\u00e2ble en donne l\u2019acc\u00e8s.<\/p>\n<p class=\"p1\" style=\"text-align: justify;\">La sainte est repr\u00e9sent\u00e9e debout en l\u00e9ger contrapposto, son genou droit pli\u00e9 permettant de rompre la rigidit\u00e9 de sa posture. Elle porte un corset ajust\u00e9 et\u00a0 une jupe nou\u00e9e \u00e0 la taille. Sous son corset on peut apercevoir la chemise aux manches bouffantes. Un \u00e9pais manteau couvre son \u00e9paule gauche et tombe en plis profonds jusqu\u2019\u00e0 ses pieds.<\/p>\n<p class=\"p1\" style=\"text-align: justify;\">Son beau visage fin conserve une extraordinaire polychromie. Elle a le menton rond, une bouche menue, un nez fin et ses yeux, baiss\u00e9s, parfaitement dessin\u00e9s,soulignent son air pensif. Son visage est encadr\u00e9 par les longues m\u00e8ches boucl\u00e9es de sa chevelure.<\/p>\n<p class=\"p1\" style=\"text-align: justify;\">De sa main gauche, elle tient un livre.<\/p>\n<p>[\/vc_column_text][vc_empty_space][\/vc_column][vc_column width=\u00a0\u00bb1\/2&Prime;][\/vc_column][\/vc_row]<\/p>\n<\/div>","protected":false},"excerpt":{"rendered":"<h4 class=\"p1\"><strong>IMPORTANT BOIS SCULPT\u00c9 REPR\u00c9SENTANT SAINTE BARBE<\/strong><\/h4>\n<p>&nbsp;<\/p>\n<p class=\"p1\"><strong>ORIGINE : NORD DE LA FRANCE OU FLANDRES<\/strong><\/p>\n<p class=\"p1\"><strong>\u00c9POQUE\u00a0: XVIe SI\u00c8CLE<\/strong><\/p>\n<p>&nbsp;<\/p>\n<p class=\"p1\">Hauteur\u00a0: \u00a0103 cm<\/p>\n<p class=\"p1\">Largeur\u00a0:\u00a0 40 cm<\/p>\n<p class=\"p1\">Profondeur\u00a0: 30 cm<\/p>\n<p>&nbsp;<\/p>\n<p class=\"p1\">Bois de ch\u00eane<\/p>\n<p class=\"p1\">Bon \u00e9tat de conservation<\/p>\n<p>&nbsp;<\/p>\n<p>&nbsp;<\/p>\n[dt_button size=\"small\" style=\"default\" animation=\"none\" color_mode=\"default\" icon=\"\" icon_align=\"left\" color=\"\" link=\"mailto:gabrielle-laroche@wanadoo.fr?subject=285_IMPORTANT_BOIS_SCULPT\u00c9_REPR\u00c9SENTANT_SAINTE_BARBE\" target_blank=\"true\"]DEMANDE D&rsquo;INFORMATIONS[\/dt_button]\n<p>&nbsp;<\/p>\n<p>&nbsp;<\/p>\n<p><a href=\"\/fr\/antiquites\/sculpture\/\">Retour aux sculptures<\/a><\/p>\n","protected":false},"featured_media":10051,"template":"","meta":[],"product_brand":[],"product_cat":[32],"product_tag":[],"class_list":{"0":"post-9571","1":"product","2":"type-product","3":"status-publish","4":"has-post-thumbnail","6":"product_cat-sculptures","7":"description-off","9":"first","10":"instock","11":"shipping-taxable","12":"product-type-simple"},"aioseo_notices":[],"_links":{"self":[{"href":"https:\/\/www.gabrielle-laroche.com\/fr\/wp-json\/wp\/v2\/product\/9571","targetHints":{"allow":["GET"]}}],"collection":[{"href":"https:\/\/www.gabrielle-laroche.com\/fr\/wp-json\/wp\/v2\/product"}],"about":[{"href":"https:\/\/www.gabrielle-laroche.com\/fr\/wp-json\/wp\/v2\/types\/product"}],"wp:featuredmedia":[{"embeddable":true,"href":"https:\/\/www.gabrielle-laroche.com\/fr\/wp-json\/wp\/v2\/media\/10051"}],"wp:attachment":[{"href":"https:\/\/www.gabrielle-laroche.com\/fr\/wp-json\/wp\/v2\/media?parent=9571"}],"wp:term":[{"taxonomy":"product_brand","embeddable":true,"href":"https:\/\/www.gabrielle-laroche.com\/fr\/wp-json\/wp\/v2\/product_brand?post=9571"},{"taxonomy":"product_cat","embeddable":true,"href":"https:\/\/www.gabrielle-laroche.com\/fr\/wp-json\/wp\/v2\/product_cat?post=9571"},{"taxonomy":"product_tag","embeddable":true,"href":"https:\/\/www.gabrielle-laroche.com\/fr\/wp-json\/wp\/v2\/product_tag?post=9571"}],"curies":[{"name":"wp","href":"https:\/\/api.w.org\/{rel}","templated":true}]}}