

{"id":9599,"date":"2023-08-28T17:19:27","date_gmt":"2023-08-28T15:19:27","guid":{"rendered":"https:\/\/www.gabrielle-laroche.com\/?post_type=product&#038;p=9599"},"modified":"2023-08-28T17:37:13","modified_gmt":"2023-08-28T15:37:13","slug":"rare-cabinet-de-la-renaissance-a-decor-de-doiseau-et-de-fenestrages","status":"publish","type":"product","link":"https:\/\/www.gabrielle-laroche.com\/fr\/product\/rare-cabinet-de-la-renaissance-a-decor-de-doiseau-et-de-fenestrages\/","title":{"rendered":"RARE CABINET DE LA RENAISSANCE \u00c0 D\u00c9COR DE PENNES D\u2019OISEAU ET DE FENESTRAGES"},"content":{"rendered":"<div class=\"wpb-content-wrapper\"><p>[vc_row][vc_column width=\u00a0\u00bb1\/2&Prime;][vc_column_text]<\/p>\n<p style=\"text-align: justify;\">Ce cabinet d\u2019une grande sobri\u00e9t\u00e9 allie une structure parfaitement architectur\u00e9e \u00e0 un d\u00e9cor riche, \u00e9l\u00e9gant et finement ex\u00e9cut\u00e9.<span class=\"Apple-converted-space\">\u00a0<\/span><\/p>\n<p style=\"text-align: justify;\">Compos\u00e9 d\u2019un corps unique, ce cabinet s\u2019\u00e9l\u00e8ve sur une base moulur\u00e9e et ouvre \u00e0 quatre vantaux. Les montants sont garnis de gracieux pennes d\u2019oiseaux. Sur les vantaux, les pennes forment cadre et divisent chaque panneau en deux. Ils sont accompagn\u00e9s aux quatre angles de belles roses.<span class=\"Apple-converted-space\">\u00a0<\/span><\/p>\n<p style=\"text-align: justify;\">Les panneaux \u00e9troits ainsi form\u00e9s sont sculpt\u00e9s \u00e0 orbevoie, tous orn\u00e9s de remplages flamboyants compos\u00e9s de deux lancettes et d\u2019un r\u00e9seau de soufflets et mouchettes dans lesquelles s\u2019inscrivent de petites fleurs.<span class=\"Apple-converted-space\">\u00a0<\/span><\/p>\n<p style=\"text-align: justify;\">Une frise de denticules souligne la corniche peu d\u00e9bordante.<span class=\"Apple-converted-space\">\u00a0<\/span><\/p>\n<p style=\"text-align: justify;\">Les c\u00f4t\u00e9s sont trait\u00e9s avec plus de sobri\u00e9t\u00e9. Ils pr\u00e9sentent des panneaux simplement moulur\u00e9s.<\/p>\n<p style=\"text-align: justify;\">D\u2019une grande unit\u00e9 d\u2019ornementation ce d\u00e9cor, r\u00e9gi par une parfaite sym\u00e9trie, fait la part belle \u00e0 deux motifs extr\u00eamement populaires au XVIe si\u00e8cle que sont les pennes d\u2019oiseaux et les fenestrages flamboyants.<span class=\"Apple-converted-space\">\u00a0<\/span><\/p>\n<p style=\"text-align: justify;\">Ce dernier d\u00e9rive du th\u00e8me architectural gothique, particuli\u00e8rement utilis\u00e9 tout au long du XVe si\u00e8cle pour d\u00e9corer coffres et chay\u00e8res et cabinets.<span class=\"Apple-converted-space\">\u00a0<\/span><\/p>\n<p>[\/vc_column_text][\/vc_column][vc_column width=\u00a0\u00bb1\/2&Prime;][\/vc_column][\/vc_row]<\/p>\n<\/div>","protected":false},"excerpt":{"rendered":"<h4>RARE CABINET DE LA RENAISSANCE \u00c0 D\u00c9COR DE PENNES D\u2019OISEAU ET DE FENESTRAGES<\/h4>\n<p>&nbsp;<\/p>\n<p>ORIGINE : FRANCE<\/p>\n<p>\u00c9POQUE\u00a0: D\u00c9BUT DU XVIe SI\u00c8CLE<\/p>\n<p>&nbsp;<\/p>\n<p>Hauteur\u00a0: \u00a0178 cm<\/p>\n<p>Longueur\u00a0:\u00a0145 cm<\/p>\n<p>Profondeur\u00a0:\u00a058 cm<\/p>\n<p>&nbsp;<\/p>\n<p>Bois de noyer<\/p>\n<p>Bon \u00e9tat de conservation<\/p>\n<p>Cl\u00e9s et serrures d\u2019origine<\/p>\n<p>&nbsp;<\/p>\n[dt_button size=\"small\" style=\"default\" animation=\"none\" color_mode=\"default\" icon=\"\" icon_align=\"left\" color=\"\" link=\"mailto:gabrielle-laroche@wanadoo.fr?subject=10_RARE_CABINET_DE_LA_RENAISSANCE_A_D\u00c9COR_DE_D\u2019OISEAU_ET_DE_FENESTRAGES\u2009\" target_blank=\"true\"]DEMANDE D&rsquo;INFORMATIONS[\/dt_button]\n<p>&nbsp;<\/p>\n<p><a href=\"\/fr\/antiquites\/mobilier\/meubles\/\">Retour aux meubles<\/a><\/p>\n","protected":false},"featured_media":9600,"template":"","meta":[],"product_brand":[],"product_cat":[18],"product_tag":[],"class_list":{"0":"post-9599","1":"product","2":"type-product","3":"status-publish","4":"has-post-thumbnail","6":"product_cat-meubles","7":"description-off","9":"first","10":"instock","11":"shipping-taxable","12":"product-type-simple"},"aioseo_notices":[],"_links":{"self":[{"href":"https:\/\/www.gabrielle-laroche.com\/fr\/wp-json\/wp\/v2\/product\/9599","targetHints":{"allow":["GET"]}}],"collection":[{"href":"https:\/\/www.gabrielle-laroche.com\/fr\/wp-json\/wp\/v2\/product"}],"about":[{"href":"https:\/\/www.gabrielle-laroche.com\/fr\/wp-json\/wp\/v2\/types\/product"}],"wp:featuredmedia":[{"embeddable":true,"href":"https:\/\/www.gabrielle-laroche.com\/fr\/wp-json\/wp\/v2\/media\/9600"}],"wp:attachment":[{"href":"https:\/\/www.gabrielle-laroche.com\/fr\/wp-json\/wp\/v2\/media?parent=9599"}],"wp:term":[{"taxonomy":"product_brand","embeddable":true,"href":"https:\/\/www.gabrielle-laroche.com\/fr\/wp-json\/wp\/v2\/product_brand?post=9599"},{"taxonomy":"product_cat","embeddable":true,"href":"https:\/\/www.gabrielle-laroche.com\/fr\/wp-json\/wp\/v2\/product_cat?post=9599"},{"taxonomy":"product_tag","embeddable":true,"href":"https:\/\/www.gabrielle-laroche.com\/fr\/wp-json\/wp\/v2\/product_tag?post=9599"}],"curies":[{"name":"wp","href":"https:\/\/api.w.org\/{rel}","templated":true}]}}