

{"id":9604,"date":"1998-01-01T12:00:21","date_gmt":"1998-01-01T11:00:21","guid":{"rendered":"https:\/\/www.gabrielle-laroche.com\/?post_type=product&#038;p=9604"},"modified":"2023-08-29T10:20:57","modified_gmt":"2023-08-29T08:20:57","slug":"credenza-florentine-a-colonnes-dangle","status":"publish","type":"product","link":"https:\/\/www.gabrielle-laroche.com\/fr\/product\/credenza-florentine-a-colonnes-dangle\/","title":{"rendered":"CREDENZA FLORENTINE \u00c0 COLONNES D\u2019ANGLE"},"content":{"rendered":"<div class=\"wpb-content-wrapper\"><p>[vc_row][vc_column width=\u00a0\u00bb1\/2&Prime;][vc_column_text]<\/p>\n<p style=\"text-align: justify;\">Si les premi\u00e8res credenza italiennes en forme de buffet sont forts simples, elles adoptent vite, gr\u00e2ce aux sculptures, des formes \u00e9l\u00e9gantes et tr\u00e8s d\u00e9coratives.<span class=\"Apple-converted-space\">\u00a0<\/span><\/p>\n<p style=\"text-align: justify;\">Cette petite credenza soutenue par deux pattes de lion, ouvre \u00e0 deux vantaux et un long tiroir en ceinture. Elle est typique du mobilier toscan du Cinquecento.<span class=\"Apple-converted-space\">\u00a0<\/span><\/p>\n<p style=\"text-align: justify;\">Sa fa\u00e7ade est construite comme une architecture en r\u00e9duction, avec soubassement, corps principal et entablement. Le d\u00e9cor de cartouches armori\u00e9s, cuir d\u00e9coup\u00e9, frises de pi\u00e8cettes soulignent les deux montants. De part et d\u2019autre s\u2019\u00e9l\u00e8vent deux robustes colonnes ioniques.<span class=\"Apple-converted-space\">\u00a0<\/span><\/p>\n<p style=\"text-align: justify;\">Les deux portes qui ouvrent en fa\u00e7ade s\u2019entourent de fines moulures et pr\u00e9sentent en leur centre un bouton tourn\u00e9 pos\u00e9 sur un ombilic de bois.<span class=\"Apple-converted-space\">\u00a0<\/span><\/p>\n<p style=\"text-align: justify;\">Une remarquable frise de palmettes souligne la base de ce meuble en noyer au grain serr\u00e9 et \u00e0 la patine remarquable.<span class=\"Apple-converted-space\">\u00a0<\/span><\/p>\n<p>[\/vc_column_text][\/vc_column][vc_column width=\u00a0\u00bb1\/2&Prime;][\/vc_column][\/vc_row][vc_row][vc_column width=\u00a0\u00bb1\/2&Prime;][vc_column_text]<\/p>\n<p>&nbsp;<\/p>\n<p>&nbsp;<\/p>\n<p>&nbsp;<\/p>\n<p>[\/vc_column_text][\/vc_column][vc_column width=\u00a0\u00bb1\/2&Prime;][\/vc_column][\/vc_row][vc_row][vc_column width=\u00a0\u00bb1\/2&Prime;][vc_single_image image=\u00a0\u00bb9613&Prime; img_size=\u00a0\u00bbmedium\u00a0\u00bb][\/vc_column][vc_column width=\u00a0\u00bb1\/2&Prime;][\/vc_column][\/vc_row]<\/p>\n<\/div>","protected":false},"excerpt":{"rendered":"<h4>CREDENZA FLORENTINE \u00c0 COLONNES D\u2019ANGLE<\/h4>\n<p>&nbsp;<\/p>\n<p>ORIGINE : TOSCANE, ITALIE<\/p>\n<p>\u00c9POQUE\u00a0: FIN XVIe SI\u00c8CLE<\/p>\n<p>&nbsp;<\/p>\n<p>Hauteur\u00a0: 84\u00a0 cm<\/p>\n<p>Largeur\u00a0:\u00a0101 cm<\/p>\n<p>Profondeur\u00a0ouverte :\u00a048 cm\u00a0\u00a0\u00a0<span class=\"Apple-converted-space\">\u00a0<\/span><\/p>\n<p>&nbsp;<\/p>\n<p>Bois de noyer<\/p>\n<p>&nbsp;<\/p>\n[dt_button size=\"small\" style=\"default\" animation=\"none\" color_mode=\"default\" icon=\"\" icon_align=\"left\" color=\"\" link=\"mailto:gabrielle-laroche@wanadoo.fr?subject=314_CREDENZA_FLORENTINE_\u00c0_COLONNES_D\u2019ANGLE\u2009\" target_blank=\"true\"]DEMANDE D&rsquo;INFORMATIONS[\/dt_button]\n<p>&nbsp;<\/p>\n<p><a href=\"\/fr\/antiquites\/mobilier\/meubles\/\">Retour aux meubles<\/a><\/p>\n","protected":false},"featured_media":9605,"template":"","meta":[],"product_brand":[],"product_cat":[18],"product_tag":[],"class_list":{"0":"post-9604","1":"product","2":"type-product","3":"status-publish","4":"has-post-thumbnail","6":"product_cat-meubles","7":"description-off","9":"first","10":"instock","11":"shipping-taxable","12":"product-type-simple"},"aioseo_notices":[],"_links":{"self":[{"href":"https:\/\/www.gabrielle-laroche.com\/fr\/wp-json\/wp\/v2\/product\/9604","targetHints":{"allow":["GET"]}}],"collection":[{"href":"https:\/\/www.gabrielle-laroche.com\/fr\/wp-json\/wp\/v2\/product"}],"about":[{"href":"https:\/\/www.gabrielle-laroche.com\/fr\/wp-json\/wp\/v2\/types\/product"}],"wp:featuredmedia":[{"embeddable":true,"href":"https:\/\/www.gabrielle-laroche.com\/fr\/wp-json\/wp\/v2\/media\/9605"}],"wp:attachment":[{"href":"https:\/\/www.gabrielle-laroche.com\/fr\/wp-json\/wp\/v2\/media?parent=9604"}],"wp:term":[{"taxonomy":"product_brand","embeddable":true,"href":"https:\/\/www.gabrielle-laroche.com\/fr\/wp-json\/wp\/v2\/product_brand?post=9604"},{"taxonomy":"product_cat","embeddable":true,"href":"https:\/\/www.gabrielle-laroche.com\/fr\/wp-json\/wp\/v2\/product_cat?post=9604"},{"taxonomy":"product_tag","embeddable":true,"href":"https:\/\/www.gabrielle-laroche.com\/fr\/wp-json\/wp\/v2\/product_tag?post=9604"}],"curies":[{"name":"wp","href":"https:\/\/api.w.org\/{rel}","templated":true}]}}