

{"id":9731,"date":"2023-06-21T17:20:43","date_gmt":"2023-06-21T15:20:43","guid":{"rendered":"https:\/\/www.gabrielle-laroche.com\/?post_type=product&#038;p=9731"},"modified":"2024-09-12T18:46:47","modified_gmt":"2024-09-12T16:46:47","slug":"rares-caquetoires-de-lecole-de-fontainebleau-depoque-renaissance-a-motif-de-perspective-pouvant-faire-paire","status":"publish","type":"product","link":"https:\/\/www.gabrielle-laroche.com\/fr\/product\/rares-caquetoires-de-lecole-de-fontainebleau-depoque-renaissance-a-motif-de-perspective-pouvant-faire-paire\/","title":{"rendered":"RARES CAQUETOIRES DE L\u2019\u00c9COLE DE FONTAINEBLEAU D\u2019\u00c9POQUE RENAISSANCE \u00c0 MOTIF DE PERSPECTIVE POUVANT FAIRE PAIRE"},"content":{"rendered":"<div class=\"wpb-content-wrapper\"><p>[vc_row][vc_column width=\u00a0\u00bb1\/2&Prime;][vc_column_text]<\/p>\n<p style=\"text-align: justify;\">La chaise \u00e0 bras trap\u00e9zo\u00efdale est une cr\u00e9ation typiquement fran\u00e7aise de la deuxi\u00e8me moiti\u00e9 du seizi\u00e8me si\u00e8cle. Si le XIXe si\u00e8cle lui a donn\u00e9 l\u2019appellation de \u00ab\u00a0caquetoire\u00a0\u00bb, elle \u00e9tait d\u00e9crite dans les inventaires du XVIe si\u00e8cle comme des chaises \u00e0 bras en forme de tallemouze (\u00e9voquant sa forme trap\u00e9zo\u00efdale) pour d\u00e9signer ce si\u00e8ge.<\/p>\n<p style=\"text-align: justify;\">Quatre pieds dispos\u00e9s en trap\u00e8ze. Dans les montants de l\u2019\u00e9troit dossier s\u2019encastrent des accotoirs courbes et enveloppants, dont l\u2019extr\u00e9mit\u00e9 repose sur un support tant\u00f4t en colonne, tant\u00f4t en balustre. Si\u00e8ge \u00ab\u00a0\u00e0 bois voyant\u00a0\u00bb, il ne comportait aucune garniture fixe de tissu. La version type donna \u00e9galement lieu \u00e0 des variantes, notamment r\u00e9gionales, principalement dans le choix de l\u2019ornement.<span class=\"Apple-converted-space\">\u00a0<\/span><\/p>\n<p style=\"text-align: justify;\">Celles-ci, r\u00e9alis\u00e9es dans un noyer de belle qualit\u00e9, sont mont\u00e9es sur quatre pieds, les ant\u00e9rieurs en colonnettes \u00e0 f\u00fbt galb\u00e9, les post\u00e9rieurs de section carr\u00e9e, reli\u00e9s par une entretoise.\u00a0<span class=\"Apple-converted-space\">\u00a0<\/span><\/p>\n<p style=\"text-align: justify;\">Les accotoirs incurv\u00e9s reposent sur quatre supports tourn\u00e9s en balustre. La ceinture est d\u00e9cor\u00e9e de deux pennes d\u2019oiseau de part et d\u2019autre d\u2019une fleur. Le dossier haut, rectangulaire et \u00e9troit, se compose d\u2019un cadre entourant un panneau \u00e0 d\u00e9cor de perspective feinte. Un second panneau est d\u00e9coup\u00e9 en losange et triangles et surmont\u00e9 d\u2019un fronton, orn\u00e9 de volutes de feuillages affront\u00e9es. La pr\u00e9sence de cette perspective d\u00e9montre l\u2019engouement des commanditaires pour les peintures de la Premi\u00e8re Renaissance italienne avec la red\u00e9couverte des principes math\u00e9matiques et l\u2019architecture de l\u2019Antiquit\u00e9.<span class=\"Apple-converted-space\">\u00a0<\/span><\/p>\n<p style=\"text-align: justify;\">Ces deux caquetoires de la Renaissance, rappellent l\u2019esprit de Fontainebleau et de l\u2019Ile de France qui utilisait le noyer et le d\u00e9cor \u00e0 arcade en perspective.<\/p>\n<p style=\"text-align: justify;\">Ces si\u00e8ges nous parviennent dans un bon \u00e9tat de conservation. Il compte parmi les exemples les plus repr\u00e9sentatifs d\u2019un art o\u00f9 l\u2019harmonie des proportions et le sens de la mesure sont port\u00e9s \u00e0 un haut degr\u00e9 de perfection. De plus, la qualit\u00e9 d\u2019ex\u00e9cution et la sobri\u00e9t\u00e9 du d\u00e9cor font de cette caqueteuse \u00e0 d\u00e9cor de perspectives un beau souvenir de la Renaissance.<\/p>\n<p>[\/vc_column_text][\/vc_column][vc_column width=\u00a0\u00bb1\/2&Prime;][\/vc_column][\/vc_row][vc_row][vc_column width=\u00a0\u00bb1\/2&Prime;][\/vc_column][vc_column width=\u00a0\u00bb1\/2&Prime;][\/vc_column][\/vc_row][vc_row][vc_column width=\u00a0\u00bb1\/2&Prime;][\/vc_column][vc_column width=\u00a0\u00bb1\/2&Prime;][\/vc_column][\/vc_row]<\/p>\n<\/div>","protected":false},"excerpt":{"rendered":"<h4>RARES CAQUETOIRES DE L\u2019\u00c9COLE DE FONTAINEBLEAU D\u2019\u00c9POQUE RENAISSANCE \u00c0 MOTIF DE PERSPECTIVE POUVANT FAIRE PAIRE<\/h4>\n<p>&nbsp;<\/p>\n<p>&nbsp;<\/p>\n<p><strong>ORIGINE\u00a0:<\/strong> FRANCE, VAL DE LOIRE ou ILE DE FRANCE<\/p>\n<p><strong>PERIODE\u00a0:<\/strong> XVIe SIECLE<span class=\"Apple-converted-space\">\u00a0<\/span><\/p>\n<p>&nbsp;<\/p>\n<p>Hauteur : 118 cm<\/p>\n<p>Largeur : 63 cm<\/p>\n<p>Profondeur : 40 cm<\/p>\n<p>&nbsp;<\/p>\n<p>Bois de noyer<\/p>\n<p>Bon \u00e9tat de conservation<\/p>\n<p>&nbsp;<\/p>\n<p>&nbsp;<\/p>\n[dt_button size=\"small\" style=\"default\" animation=\"none\" color_mode=\"default\" icon=\"\" icon_align=\"left\" color=\"\" link=\"mailto:gabrielle-laroche@wanadoo.fr?subject=151_RARES_CAQUETOIRES_DE_L\u2019\u00c9COLE_DE_FONTAINEBLEAU_D\u2019\u00c9POQUE_RENAISSANCE\" target_blank=\"true\"]DEMANDE D&rsquo;INFORMATIONS[\/dt_button]\n<p>&nbsp;<\/p>\n<p><a href=\"\/fr\/antiquites\/mobilier\/sieges\/\">Retour aux si\u00e8ges<\/a><\/p>\n","protected":false},"featured_media":10061,"template":"","meta":[],"product_brand":[],"product_cat":[17],"product_tag":[],"class_list":{"0":"post-9731","1":"product","2":"type-product","3":"status-publish","4":"has-post-thumbnail","6":"product_cat-uncategorized","7":"description-off","9":"first","10":"instock","11":"shipping-taxable","12":"product-type-simple"},"aioseo_notices":[],"_links":{"self":[{"href":"https:\/\/www.gabrielle-laroche.com\/fr\/wp-json\/wp\/v2\/product\/9731","targetHints":{"allow":["GET"]}}],"collection":[{"href":"https:\/\/www.gabrielle-laroche.com\/fr\/wp-json\/wp\/v2\/product"}],"about":[{"href":"https:\/\/www.gabrielle-laroche.com\/fr\/wp-json\/wp\/v2\/types\/product"}],"wp:featuredmedia":[{"embeddable":true,"href":"https:\/\/www.gabrielle-laroche.com\/fr\/wp-json\/wp\/v2\/media\/10061"}],"wp:attachment":[{"href":"https:\/\/www.gabrielle-laroche.com\/fr\/wp-json\/wp\/v2\/media?parent=9731"}],"wp:term":[{"taxonomy":"product_brand","embeddable":true,"href":"https:\/\/www.gabrielle-laroche.com\/fr\/wp-json\/wp\/v2\/product_brand?post=9731"},{"taxonomy":"product_cat","embeddable":true,"href":"https:\/\/www.gabrielle-laroche.com\/fr\/wp-json\/wp\/v2\/product_cat?post=9731"},{"taxonomy":"product_tag","embeddable":true,"href":"https:\/\/www.gabrielle-laroche.com\/fr\/wp-json\/wp\/v2\/product_tag?post=9731"}],"curies":[{"name":"wp","href":"https:\/\/api.w.org\/{rel}","templated":true}]}}