

{"id":9859,"date":"2023-11-06T16:51:36","date_gmt":"2023-11-06T15:51:36","guid":{"rendered":"https:\/\/www.gabrielle-laroche.com\/?post_type=product&#038;p=9859"},"modified":"2026-03-31T17:37:41","modified_gmt":"2026-03-31T15:37:41","slug":"edmond-moirignot-la-source","status":"publish","type":"product","link":"https:\/\/www.gabrielle-laroche.com\/fr\/product\/edmond-moirignot-la-source\/","title":{"rendered":"EDMOND MOIRIGNOT &#8211; La Source"},"content":{"rendered":"<div class=\"wpb-content-wrapper\"><p>[vc_row][vc_column width=\u00a0\u00bb1\/2&Prime;][vc_column_text]<\/p>\n<p class=\"p1\"><span class=\"s1\"><b>Expositions\u00a0 \u00a0 \u00a0 \u00a0 \u00a0<\/b><\/span><\/p>\n<p class=\"p1\"><span class=\"s1\">Exposition du pl\u00e2tre Galerie Montmorency, paris, d\u00e9cembre 1965<\/span><\/p>\n<p class=\"p1\"><span class=\"s1\">Exposition du bronze, Galerie Pacitti, avril \u2013 mai 1968<\/span><\/p>\n<p class=\"p1\"><span class=\"s1\">Exposition Galerie Pacitti, avril 1970<\/span><\/p>\n<p class=\"p1\"><span class=\"s1\">Exposition Maison Jansen, rue Royale, Paris, Printemps 1987<\/span><\/p>\n<p class=\"p1\"><span class=\"s1\">Exposition Mus\u00e9e d\u2019Issy-les-Moulineaux, avril 1989<\/span><\/p>\n<p class=\"p1\"><span class=\"s1\">Exposition, Hommage \u00e0 Moirignot, Salon des Ind\u00e9pendants, Paris, avril 2006<\/span><\/p>\n<p class=\"p1\"><span class=\"s1\">R\u00e9trospective, Moirignot, Orangerie du S\u00e9nat, Paris, ao\u00fbt \u2013 septembre 2006<\/span><\/p>\n<p class=\"p1\"><span class=\"s1\">Mus\u00e9e Rimbaud, Charleville-M\u00e9zi\u00e8res, octobre 2006<\/span><\/p>\n<p>Salon du vieux colombier, mairie du VI\u00e8me arrondissement de Paris, du 12 au 27 janvier 2011 : exposition\u00a0<i>Hommage \u00e0 Moirignot.<\/i><\/p>\n<p>Exposition Galerie Lee, novembre 2018<\/p>\n<p>Exposition Galerie La Plaine, Novembre 2019ExxpositionExposition, Mairie du VI\u00e8me, Paris, f\u00e9vrier 2020<\/p>\n<p>Exposition, \u00ab\u00a0Le Couple chez Moirignot\u00a0\u00bb, Paris, octobre 2022<\/p>\n<p class=\"p1\"><span class=\"s1\"><b>\u00a0<\/b><\/span><\/p>\n<p class=\"p1\"><span class=\"s1\"><b>Bibliographie<\/b><\/span><\/p>\n<p class=\"p1\"><span class=\"s1\">E. Cheneaux de Leyritz et Raymond Charmet, Edmond Moirignot,<\/span><\/p>\n<p class=\"p1\"><span class=\"s1\">Les Cahiers des Arts n\u00b0220, Editions Pierre Cailler, Gen\u00e8ve, 1965<\/span><\/p>\n<p class=\"p1\"><span class=\"s1\">Claude Jeancolas,<em> Moirignot<\/em>, Editions du Saint Gothard, 1984<\/span><\/p>\n<p class=\"p1\"><span class=\"s1\">C. Jeancolas, <em>Moirignot, aimer, cr\u00e9er, r\u00eaver<\/em>, Editions FVW, Paris, 2006<\/span><\/p>\n<p class=\"p1\"><span class=\"s1\"><b>Claude Jeancolas, <em>Moirignot Catalogue raisonn\u00e9<\/em>, 2010, n\u00b0139<\/b><\/span><\/p>\n<p>[\/vc_column_text][\/vc_column][vc_column width=\u00a0\u00bb1\/2&Prime;][\/vc_column][\/vc_row]<\/p>\n<\/div>","protected":false},"excerpt":{"rendered":"<h4><span class=\"s1\">EDMOND MOIRIGNOT<\/span><span class=\"s1\">\u00a0(<\/span><span class=\"s1\">1913<\/span><span class=\"s1\"> &#8211; 2002)<\/span><\/h4>\n<p>\u00ab\u00a0<em>Pour une Fontaine<\/em> \u00bb ou la \u00ab<em> La<\/em> <em>Source\u00a0<\/em>\u00bb , vers 1970<\/p>\n<p>&nbsp;<\/p>\n<p>Sculpture en bronze \u00e0 patine brune sur bloc de plexiglas.<span class=\"Apple-converted-space\">\u00a0<\/span><\/p>\n<p>Tirage : 1\/6<\/p>\n<p>Fonte \u00e0 la cire perdue.<\/p>\n<p>Signature de l\u2019artiste.<span class=\"Apple-converted-space\">\u00a0<\/span><\/p>\n<p>Cachet du fondeur \u00ab\u00a0Valsuani\u00a0\u00bb, Paris et justificatif de tirage 1\/6.<\/p>\n<p>&nbsp;<\/p>\n<p>Hauteur : 22 cm<\/p>\n<p>Longueur : \u00a026 cm<\/p>\n<p>Profondeur : \u00a018 cm<\/p>\n<p>&nbsp;<\/p>\n<p>Cette sculpture apparait dans :`<\/p>\n<p>Claude Jeancolas, <em>Moirignot Catalogue raisonn\u00e9,<\/em> 2010, n\u00b0 139<\/p>\n<p class=\"p1\"><span class=\"s1\">\u00a0<\/span><\/p>\n[dt_button size=\"small\" style=\"default\" animation=\"none\" color_mode=\"default\" icon=\"\" icon_align=\"left\" color=\"\" link=\"mailto:gabrielle-laroche@wanadoo.fr?subject=100_EDMOND MOIRIGNOT - La Source\" target_blank=\"true\"]DEMANDE D&rsquo;INFORMATIONS[\/dt_button]\n<p>&nbsp;<\/p>\n<p><a href=\"\/fr\/contemporains\/\">Retour aux contemporains<\/a><\/p>\n","protected":false},"featured_media":9860,"template":"","meta":[],"product_brand":[],"product_cat":[48],"product_tag":[],"class_list":{"0":"post-9859","1":"product","2":"type-product","3":"status-publish","4":"has-post-thumbnail","6":"product_cat-moirignot","7":"description-off","9":"first","10":"instock","11":"shipping-taxable","12":"product-type-simple"},"aioseo_notices":[],"_links":{"self":[{"href":"https:\/\/www.gabrielle-laroche.com\/fr\/wp-json\/wp\/v2\/product\/9859","targetHints":{"allow":["GET"]}}],"collection":[{"href":"https:\/\/www.gabrielle-laroche.com\/fr\/wp-json\/wp\/v2\/product"}],"about":[{"href":"https:\/\/www.gabrielle-laroche.com\/fr\/wp-json\/wp\/v2\/types\/product"}],"wp:featuredmedia":[{"embeddable":true,"href":"https:\/\/www.gabrielle-laroche.com\/fr\/wp-json\/wp\/v2\/media\/9860"}],"wp:attachment":[{"href":"https:\/\/www.gabrielle-laroche.com\/fr\/wp-json\/wp\/v2\/media?parent=9859"}],"wp:term":[{"taxonomy":"product_brand","embeddable":true,"href":"https:\/\/www.gabrielle-laroche.com\/fr\/wp-json\/wp\/v2\/product_brand?post=9859"},{"taxonomy":"product_cat","embeddable":true,"href":"https:\/\/www.gabrielle-laroche.com\/fr\/wp-json\/wp\/v2\/product_cat?post=9859"},{"taxonomy":"product_tag","embeddable":true,"href":"https:\/\/www.gabrielle-laroche.com\/fr\/wp-json\/wp\/v2\/product_tag?post=9859"}],"curies":[{"name":"wp","href":"https:\/\/api.w.org\/{rel}","templated":true}]}}