

{"id":993,"date":"2021-03-24T15:00:41","date_gmt":"2021-03-24T14:00:41","guid":{"rendered":"http:\/\/mrplwpw.cluster030.hosting.ovh.net\/?post_type=product&#038;p=993"},"modified":"2021-04-21T14:18:48","modified_gmt":"2021-04-21T12:18:48","slug":"yoshiko-miyashita-narussisme","status":"publish","type":"product","link":"https:\/\/www.gabrielle-laroche.com\/fr\/product\/yoshiko-miyashita-narussisme\/","title":{"rendered":"YOSHIKO MIYASHITA &#8211; Narussisme"},"content":{"rendered":"<div class=\"wpb-content-wrapper\"><p>[vc_row][vc_column][vc_video link=\u00a0\u00bbhttps:\/\/www.youtube.com\/watch?v=ftpft7hMuio\u00a0\u00bb el_width=\u00a0\u00bb70&Prime; align=\u00a0\u00bbcenter\u00a0\u00bb][vc_empty_space][\/vc_column][\/vc_row][vc_row][vc_column width=\u00a0\u00bb1\/2&Prime;][vc_column_text]<\/p>\n<p style=\"text-align: justify;\">Artiste japonaise n\u00e9e \u00e0 Tientsin en Chine.<\/p>\n<p style=\"text-align: justify;\">En 1943, elle retourne \u00e0 Kagoshima avec sa famille pendant la Seconde Guerre Mondiale. Elle \u00e9tudie la peinture occidentale \u00e0 l\u2019Universit\u00e9 f\u00e9minine des Beaux Arts et r\u00e9alise des d\u00e9corations murales \u00e0 Tokyo exp\u00e9rimentant la synth\u00e8se des arts et de l\u2019architecture.<\/p>\n<p style=\"text-align: justify;\">En 1973, Yoshiko Miyashita visite les Etats-Unis et expose une d\u00e9coration murale en mosa\u00efque de verre \u00e0 la Laverne Gallery \u00e0 New York.<\/p>\n<p style=\"text-align: justify;\">En 1977, elle d\u00e9m\u00e9nage \u00e0 Paris et y habite pendant 17 ans.<\/p>\n<p style=\"text-align: justify;\">En 1985, elle commence des sculptures en marbre \u00e0 l\u2019atelier de Carlo Nicoli \u00e0 Carrare, en Italie.<\/p>\n<p style=\"text-align: justify;\">Puis en 1986, elle r\u00e9alise des sculptures en bronze \u00e0 l\u2019atelier de Landowski, \u00e0 Paris.<\/p>\n<p style=\"text-align: justify;\">L\u2019une des \u0153uvres les plus c\u00e9l\u00e8bres est \u00ab\u00a0<em>L\u2019oeil de Shinjuku\u00a0<\/em>\u00bb, \u0153uvre de 1970. Il s\u2019agit d\u2019une sculpture sur verre que l\u2019on peut admirer \u00e0 la sortie Ouest de la gare Shinjuku \u00e0 Tokyo. La partie centrale de l\u2019\u0153il de Shinjuku est en rotation derri\u00e8re la paroi de verre ondul\u00e9. L\u2019\u0153il observe les passants press\u00e9s.<\/p>\n<p style=\"text-align: justify;\">Son travail se rapproche du surr\u00e9alisme.<\/p>\n<p>&nbsp;<\/p>\n<p style=\"text-align: justify;\"><strong>Expositions<\/strong><\/p>\n<p style=\"text-align: justify;\">1959 Exposition de peinture murale \u00e0 la galerie Yoseido de Ginza, Tokyo<\/p>\n<p style=\"text-align: justify;\">1960 Exposition de peinture murale au grand magasin Yamagataya \u00e0 Kagoshima<\/p>\n<p style=\"text-align: justify;\">1967 Exposition personnelle \u00e0 la galerie Okura de Ginza, Tokyo<\/p>\n<p style=\"text-align: justify;\">1968 Exposition personnelle \u00e0 la galerie Paul Mamiana, Tokyo<\/p>\n<p style=\"text-align: justify;\">1973 Exposition personnelle \u00e0 la galerie Laverne, New York<\/p>\n<p style=\"text-align: justify;\">1975 Exposition personnelle \u00e0 la galerie Fuma de Ginza, Tokyo<\/p>\n<p style=\"text-align: justify;\">1976 Exposition \u00ab\u00a0110 artistes de l\u2019\u00e9lite contemporaine\u00a0\u00bb, Tokyo<\/p>\n<p style=\"text-align: justify;\">1982 Exposition personnelle \u00e0 la galerie Mitsukoshi de Ginza, Tokyo<\/p>\n<p>&nbsp;<\/p>\n<p style=\"text-align: justify;\"><strong>Commissions &#8211; \u00a0Murals, Reliefs, Sculptures<\/strong><\/p>\n<p style=\"text-align: justify;\">H\u00f4tel des Bains de Nishi Izu Dogashima<\/p>\n<p style=\"text-align: justify;\">H\u00f4tel Tofuya Shuzenji<\/p>\n<p style=\"text-align: justify;\">H\u00f4tel Kegon<\/p>\n<p style=\"text-align: justify;\">Piscine de la r\u00e9sidence Gajoen<\/p>\n<p style=\"text-align: justify;\">Asahi Tatemono<\/p>\n<p style=\"text-align: justify;\">Th\u00e9\u00e2tre du Centre du Bien-Etre du Ota arrondissement de Tokyo<\/p>\n<p style=\"text-align: justify;\">Galerie marchande Subaru \u00e0 Shinjuku<\/p>\n<p style=\"text-align: justify;\">Palais Fran\u00e7ais TBS<\/p>\n<p style=\"text-align: justify;\">Le mus\u00e9e de documentation du centenaire de l\u2019Universit\u00e9 Shosen<\/p>\n<p style=\"text-align: justify;\">Kusatsu, residence de vacances Baden<\/p>\n<p style=\"text-align: justify;\">Ch\u00e2teau de Repas, Normandie, France<\/p>\n<p style=\"text-align: justify;\">Sun Field Country Club<\/p>\n<p style=\"text-align: justify;\">Banque Chuo de Niigata<\/p>\n<p style=\"text-align: justify;\">L\u2019ophtalmologue Hara<\/p>\n<p style=\"text-align: justify;\">La clinique Shibukawa<\/p>\n<p>&nbsp;<\/p>\n<p style=\"text-align: justify;\"><strong>Collections publiques<\/strong><\/p>\n<p style=\"text-align: justify;\"><span class=\"s1\">Mus\u00e9e de la ville de Kagoshima<\/span><\/p>\n<p style=\"text-align: justify;\"><span class=\"s1\">Mus\u00e9e Kameya<\/span><\/p>\n<p>[\/vc_column_text][\/vc_column][vc_column width=\u00a0\u00bb1\/2&Prime;][\/vc_column][\/vc_row][vc_row][vc_column][vc_column_text]<\/p>\n<p style=\"text-align: center;\"><div class=\"_3d-flip-book  fb3d-fullscreen-mode full-size\" data-id=\"1472\" data-mode=\"fullscreen\" data-title=\"false\" data-template=\"short-white-book-view\" data-lightbox=\"dark-shadow\" data-urlparam=\"fb3d-page\" data-page-n=\"0\" data-pdf=\"\" data-tax=\"null\" data-thumbnail=\"\" data-cols=\"3\" data-book-template=\"default\" data-trigger=\"\"><\/div><script type=\"text\/javascript\">window.FB3D_CLIENT_DATA = window.FB3D_CLIENT_DATA || [];FB3D_CLIENT_DATA.push('eyJwb3N0cyI6eyIxNDcyIjp7IklEIjoxNDcyLCJ0aXRsZSI6IllPU0hJS08gTUlZQVNISVRBIC0gQ2F0YWxvZ3VlIGQnZXhwb3NpdGlvbiAtIENoYXRlYXUgZHUgUmVwYXMiLCJ0eXBlIjoicGRmIiwicmVhZHlfZnVuY3Rpb24iOiIiLCJib29rX3N0eWxlIjoiZmxhdCIsImJvb2tfdGVtcGxhdGUiOiJub25lIiwib3V0bGluZSI6W10sImRhdGEiOnsicG9zdF9JRCI6IjE0NzMiLCJndWlkIjoiaHR0cHM6XC9cL3d3dy5nYWJyaWVsbGUtbGFyb2NoZS5jb21cL3dwLWNvbnRlbnRcL3VwbG9hZHNcLzIwMjFcLzAzXC9ZT1NISUtPX01JWUFTSElUQV9jYXRhbG9ndWVfZXhwb3NpdGlvbl9jaGF0ZWF1X2R1X3JlcGFzLTMucGRmIiwicGRmX3BhZ2VzIjoiMzIiLCJwYWdlc19jdXN0b21pemF0aW9uIjoibm9uZSJ9LCJ0aHVtYm5haWwiOnsiZGF0YSI6eyJwb3N0X0lEIjoiMCJ9LCJ0eXBlIjoiYXV0byJ9LCJwcm9wcyI6eyJjYWNoZWRQYWdlcyI6ImF1dG8iLCJyZW5kZXJJbmFjdGl2ZVBhZ2VzIjoiYXV0byIsInJlbmRlckluYWN0aXZlUGFnZXNPbk1vYmlsZSI6ImF1dG8iLCJyZW5kZXJXaGlsZUZsaXBwaW5nIjoiYXV0byIsInByZWxvYWRQYWdlcyI6ImF1dG8iLCJydGwiOiJhdXRvIiwic2hlZXQiOnsic3RhcnRWZWxvY2l0eSI6ImF1dG8iLCJ3YXZlIjoiYXV0byIsIndpZHRoVGV4ZWxzIjoiYXV0byIsImNvbG9yIjoiYXV0byIsInNpZGUiOiJhdXRvIiwiY29ybmVyRGV2aWF0aW9uIjoiYXV0byIsImZsZXhpYmlsaXR5IjoiYXV0byIsImZsZXhpYmxlQ29ybmVyIjoiYXV0byIsImJlbmRpbmciOiJhdXRvIiwiaGVpZ2h0VGV4ZWxzIjoiYXV0byJ9LCJjb3ZlciI6eyJ3YXZlIjoiYXV0byIsImNvbG9yIjoiYXV0byIsImJpbmRlclRleHR1cmUiOiJhdXRvIiwiZGVwdGgiOiJhdXRvIiwicGFkZGluZyI6ImF1dG8iLCJzdGFydFZlbG9jaXR5IjoiYXV0byIsImZsZXhpYmlsaXR5IjoiYXV0byIsImZsZXhpYmxlQ29ybmVyIjoiYXV0byIsImJlbmRpbmciOiJhdXRvIiwid2lkdGhUZXhlbHMiOiJhdXRvIiwiaGVpZ2h0VGV4ZWxzIjoiYXV0byIsIm1hc3MiOiJhdXRvIiwic2lkZSI6ImF1dG8ifSwicGFnZSI6eyJ3YXZlIjoiYXV0byIsImNvbG9yIjoiYXV0byIsImRlcHRoIjoiYXV0byIsInN0YXJ0VmVsb2NpdHkiOiJhdXRvIiwiZmxleGliaWxpdHkiOiJhdXRvIiwiZmxleGlibGVDb3JuZXIiOiJhdXRvIiwiYmVuZGluZyI6ImF1dG8iLCJ3aWR0aFRleGVscyI6ImF1dG8iLCJoZWlnaHRUZXhlbHMiOiJhdXRvIiwibWFzcyI6ImF1dG8iLCJzaWRlIjoiYXV0byJ9LCJoZWlnaHQiOiJhdXRvIiwid2lkdGgiOiJhdXRvIiwiZ3Jhdml0eSI6ImF1dG8iLCJwYWdlc0ZvclByZWRpY3RpbmciOiJhdXRvIn0sImNvbnRyb2xQcm9wcyI6eyJhY3Rpb25zIjp7ImNtZFNhdmUiOnsiZW5hYmxlZCI6ImF1dG8iLCJlbmFibGVkSW5OYXJyb3ciOiJhdXRvIn0sImNtZFByaW50Ijp7ImVuYWJsZWQiOiJhdXRvIiwiZW5hYmxlZEluTmFycm93IjoiYXV0byJ9LCJjbWRTaW5nbGVQYWdlIjp7ImVuYWJsZWQiOiJhdXRvIiwiZW5hYmxlZEluTmFycm93IjoiYXV0byIsImFjdGl2ZSI6ImF1dG8ifX19LCJhdXRvVGh1bWJuYWlsIjoiaHR0cHM6XC9cL3d3dy5nYWJyaWVsbGUtbGFyb2NoZS5jb21cL3dwLWNvbnRlbnRcL3VwbG9hZHNcLzNkLWZsaXAtYm9va1wvYXV0by10aHVtYm5haWxzXC8xNDcyLnBuZyIsInBvc3RfbmFtZSI6Inlvc2hpa28tbWl5YXNoaXRhLWNhdGFsb2d1ZS1kZXhwb3NpdGlvbi1jaGF0ZWF1LWR1LXJlcGFzIiwicG9zdF90eXBlIjoiM2QtZmxpcC1ib29rIn19LCJwYWdlcyI6W10sImZpcnN0UGFnZXMiOltdfQ==');window.FB3D_CLIENT_LOCALE && FB3D_CLIENT_LOCALE.render && FB3D_CLIENT_LOCALE.render();<\/script><\/p>\n<p>[\/vc_column_text][\/vc_column][\/vc_row]<\/p>\n<\/div>","protected":false},"excerpt":{"rendered":"<h4>YOSHIKO MIYASHITA<\/h4>\n<h4><em>Narussisme<\/em><\/h4>\n<p>&nbsp;<\/p>\n<p>Sculpture en marbre de Carrare et bronze<\/p>\n<p>Atelier Carlo Nicoli<\/p>\n<p>Pi\u00e8ce Unique<\/p>\n<p>Date de cr\u00e9ation : 1985<\/p>\n<p>&nbsp;<\/p>\n<p>Hauteur : 180 cm<br \/>\nLargeur : 35 cm<br \/>\nProfondeur : 20 cm<\/p>\n<p>&nbsp;<\/p>\n<p>Expositions : Ch\u00e2teau du Repas<\/p>\n<p>&nbsp;<\/p>\n<p>&nbsp;<\/p>\n[dt_button size=\"small\" style=\"default\" animation=\"none\" color_mode=\"default\" icon=\"\" icon_align=\"left\" color=\"\" link=\"mailto:gabrielle-laroche@wanadoo.fr?subject=239_YOSHIKO MIYASHITA - Narussisme\" target_blank=\"true\"]DEMANDE D&rsquo;INFORMATIONS[\/dt_button]\n<p>&nbsp;<\/p>\n<p><a href=\"\/fr\/contemporains\/\">Retour aux contemporains<\/a><\/p>\n","protected":false},"featured_media":3996,"template":"","meta":[],"product_brand":[],"product_cat":[49],"product_tag":[],"class_list":{"0":"post-993","1":"product","2":"type-product","3":"status-publish","4":"has-post-thumbnail","6":"product_cat-miyashita","7":"description-off","9":"first","10":"instock","11":"shipping-taxable","12":"product-type-simple"},"aioseo_notices":[],"_links":{"self":[{"href":"https:\/\/www.gabrielle-laroche.com\/fr\/wp-json\/wp\/v2\/product\/993","targetHints":{"allow":["GET"]}}],"collection":[{"href":"https:\/\/www.gabrielle-laroche.com\/fr\/wp-json\/wp\/v2\/product"}],"about":[{"href":"https:\/\/www.gabrielle-laroche.com\/fr\/wp-json\/wp\/v2\/types\/product"}],"wp:featuredmedia":[{"embeddable":true,"href":"https:\/\/www.gabrielle-laroche.com\/fr\/wp-json\/wp\/v2\/media\/3996"}],"wp:attachment":[{"href":"https:\/\/www.gabrielle-laroche.com\/fr\/wp-json\/wp\/v2\/media?parent=993"}],"wp:term":[{"taxonomy":"product_brand","embeddable":true,"href":"https:\/\/www.gabrielle-laroche.com\/fr\/wp-json\/wp\/v2\/product_brand?post=993"},{"taxonomy":"product_cat","embeddable":true,"href":"https:\/\/www.gabrielle-laroche.com\/fr\/wp-json\/wp\/v2\/product_cat?post=993"},{"taxonomy":"product_tag","embeddable":true,"href":"https:\/\/www.gabrielle-laroche.com\/fr\/wp-json\/wp\/v2\/product_tag?post=993"}],"curies":[{"name":"wp","href":"https:\/\/api.w.org\/{rel}","templated":true}]}}