

{"id":9953,"date":"2021-03-31T11:00:08","date_gmt":"2021-03-31T09:00:08","guid":{"rendered":"https:\/\/www.gabrielle-laroche.com\/?post_type=product&#038;p=9953"},"modified":"2023-11-14T18:19:08","modified_gmt":"2023-11-14T17:19:08","slug":"vierge-a-lenfant-en-majeste-dite-sedes-sapientiae-2","status":"publish","type":"product","link":"https:\/\/www.gabrielle-laroche.com\/fr\/product\/vierge-a-lenfant-en-majeste-dite-sedes-sapientiae-2\/","title":{"rendered":"VIERGE \u00c0 L\u2019ENFANT EN MAJEST\u00c9 DITE \u00ab\u00a0SEDES SAPIENTIAE\u00a0\u00bb"},"content":{"rendered":"<div class=\"wpb-content-wrapper\"><p>[vc_row][vc_column width=\u00a0\u00bb1\/2&Prime;][vc_column_text]<\/p>\n<p style=\"text-align: justify;\">Au milieu du XIIe si\u00e8cle la Vierge prend place dans les \u00e9glises, si\u00e9geant en Majest\u00e9, servant de tr\u00f4ne \u00e0 son fils J\u00e9sus. Elle est alors dite Sedes Sapientiae soit tr\u00f4ne de Sagesse.<span class=\"Apple-converted-space\">\u00a0<\/span><\/p>\n<p style=\"text-align: justify;\">Elle n\u2019est alors pas repr\u00e9sent\u00e9e pour elle-m\u00eame, et n\u2019a d\u2019existence que parce qu\u2019elle a \u00e9t\u00e9 d\u00e9sign\u00e9e comme\u00a0Theotokos, m\u00e8re de Dieu, au concile d\u2019Eph\u00e8se en 431 o\u00f9 a \u00e9t\u00e9 proclam\u00e9e la nature divine du Christ d\u00e8s sa naissance.<\/p>\n<p style=\"text-align: justify;\">Le buste droit et parfaitement hi\u00e9ratique, cette Vierge \u00e0 l\u2019Enfant en Majest\u00e9 est assise sur un banc-tr\u00f4ne. Elle est v\u00eatue d\u2019une tunique \u00e0 l\u2019encolure arrondie et couverte d\u2019un fin manteau pos\u00e9 sur ses \u00e9paules \u00e9troites. Le drap\u00e9 souple et naturel suit les lignes du corps.<span class=\"Apple-converted-space\">\u00a0<\/span><\/p>\n<p style=\"text-align: justify;\">De grosses m\u00e8ches de cheveux encadrent son visages aux traits fins et r\u00e9guliers, au long nez droit, aux yeux en amande, aux l\u00e8vres menues.<span class=\"Apple-converted-space\">\u00a0<\/span><\/p>\n<p style=\"text-align: justify;\">Elle maintient de sa main gauche l\u2019Enfant J\u00e9sus. Comme sa m\u00e8re, il est v\u00eatu d\u2019une longue tunique dans les plis de laquelle on aper\u00e7oit ses petits pieds. Il tient une petite sph\u00e8re dans sa main gauche, tandis que de la droite, il esquissait un geste de b\u00e9n\u00e9diction. Le visage du Christ pr\u00e9sente une grande ressemblance avec celui de sa m\u00e8re. Il esquisse un sourire l\u00e9ger.<span class=\"Apple-converted-space\">\u00a0<\/span><\/p>\n<p style=\"text-align: justify;\">La position de l&rsquo;Enfant n&rsquo;est plus aussi hi\u00e9ratique, ni frontale et centrale qu&rsquo;au d\u00e9but du XIIe si\u00e8cle mais son visage reste dirig\u00e9 vers les fid\u00e8les.<span class=\"Apple-converted-space\">\u00a0<\/span><\/p>\n<p style=\"text-align: justify;\">Le XIIIe si\u00e8cle appara\u00eet en effet comme une p\u00e9riode de transition dans le domaine artistique. La statuaire garde en effet certaines caract\u00e9ristiques appartenant encore aux habitudes du si\u00e8cle pass\u00e9 tout en d\u00e9veloppant de nouvelles solutions formelles.<span class=\"Apple-converted-space\">\u00a0<\/span><\/p>\n<p style=\"text-align: justify;\">De ce fait, Marie conserve une position hi\u00e9ratique et frontale tandis que son fils se d\u00e9centre pour se placer bien \u00e0 gauche sur le genou. De m\u00eame, si la Vierge semble parfaitement immobile, J\u00e9sus en revanche semble beaucoup plus anim\u00e9 notamment gr\u00e2ce \u00e0 la position de ses mains. Sa main gauche tient l\u2019orbe tandis que d\u2019apr\u00e8s la position du bras droit lev\u00e9 en direction des fid\u00e8les, on peut tout \u00e0 fait penser qu\u2019il esquissait un geste de b\u00e9n\u00e9diction.<\/p>\n<p style=\"text-align: justify;\">Cette influence des Sedes Sapientiae des si\u00e8cles pr\u00e9c\u00e9dents semble encore particuli\u00e8rement pr\u00e9gnant des cette \u0153uvre.<span class=\"Apple-converted-space\">\u00a0<\/span><\/p>\n<p style=\"text-align: justify;\">Ces quelques caract\u00e9ristiques permettent de dater cette Vierge espagnole au d\u00e9but du XIIIe si\u00e8cle.<\/p>\n<p>[\/vc_column_text][vc_empty_space][\/vc_column][vc_column width=\u00a0\u00bb1\/2&Prime;][\/vc_column][\/vc_row]<\/p>\n<\/div>","protected":false},"excerpt":{"rendered":"<h4>VIERGE \u00c0 L\u2019ENFANT EN MAJEST\u00c9 DITE \u00ab\u00a0SEDES SAPIENTIAE\u00a0\u00bb<\/h4>\n<p>&nbsp;<\/p>\n<p>&nbsp;<\/p>\n<p><strong>ORIGINE :<\/strong> ESPAGNE, CATALOGNE<\/p>\n<p><strong>\u00c9POQUE\u00a0:<\/strong> D\u00c9BUT DU XIIIE SI\u00c8CLE<\/p>\n<p>&nbsp;<\/p>\n<p>Hauteur\u00a0: \u00a095 cm<\/p>\n<p>Largeur\u00a0:\u00a032 cm<\/p>\n<p>Profondeur\u00a0:\u00a028 cm<\/p>\n<p>&nbsp;<\/p>\n<p>Bois de Pin<\/p>\n<p>&nbsp;<\/p>\n<p>&nbsp;<\/p>\n[dt_button size=\"small\" style=\"default\" animation=\"none\" color_mode=\"default\" icon=\"\" icon_align=\"left\" color=\"\" link=\"mailto:gabrielle-laroche@wanadoo.fr?subject=303_VIERGE_\u00c0_L\u2019ENFANT_EN_MAJEST\u00c9_DITE_\u00abSEDES_SAPIENTIAE\u00bb\" target_blank=\"true\"]DEMANDE D&rsquo;INFORMATIONS[\/dt_button]\n<p>&nbsp;<\/p>\n<p>&nbsp;<\/p>\n<p><a href=\"\/fr\/antiquites\/sculpture\/\">Retour aux sculptures<\/a><\/p>\n","protected":false},"featured_media":9954,"template":"","meta":[],"product_brand":[],"product_cat":[32],"product_tag":[],"class_list":{"0":"post-9953","1":"product","2":"type-product","3":"status-publish","4":"has-post-thumbnail","6":"product_cat-sculptures","7":"description-off","9":"first","10":"instock","11":"shipping-taxable","12":"product-type-simple"},"aioseo_notices":[],"_links":{"self":[{"href":"https:\/\/www.gabrielle-laroche.com\/fr\/wp-json\/wp\/v2\/product\/9953","targetHints":{"allow":["GET"]}}],"collection":[{"href":"https:\/\/www.gabrielle-laroche.com\/fr\/wp-json\/wp\/v2\/product"}],"about":[{"href":"https:\/\/www.gabrielle-laroche.com\/fr\/wp-json\/wp\/v2\/types\/product"}],"wp:featuredmedia":[{"embeddable":true,"href":"https:\/\/www.gabrielle-laroche.com\/fr\/wp-json\/wp\/v2\/media\/9954"}],"wp:attachment":[{"href":"https:\/\/www.gabrielle-laroche.com\/fr\/wp-json\/wp\/v2\/media?parent=9953"}],"wp:term":[{"taxonomy":"product_brand","embeddable":true,"href":"https:\/\/www.gabrielle-laroche.com\/fr\/wp-json\/wp\/v2\/product_brand?post=9953"},{"taxonomy":"product_cat","embeddable":true,"href":"https:\/\/www.gabrielle-laroche.com\/fr\/wp-json\/wp\/v2\/product_cat?post=9953"},{"taxonomy":"product_tag","embeddable":true,"href":"https:\/\/www.gabrielle-laroche.com\/fr\/wp-json\/wp\/v2\/product_tag?post=9953"}],"curies":[{"name":"wp","href":"https:\/\/api.w.org\/{rel}","templated":true}]}}